{"id":8029,"date":"2020-04-24T17:09:50","date_gmt":"2020-04-24T17:09:50","guid":{"rendered":"https:\/\/penosil.com\/ro\/?post_type=product&#038;p=8029"},"modified":"2026-04-15T23:00:23","modified_gmt":"2026-04-15T23:00:23","slug":"fire-rated-gunfoam-b1-187-spuma-pu-cu-protectie-la-foc","status":"publish","type":"product","link":"https:\/\/penosil.com\/ro\/produse\/fire-rated-gunfoam-b1-187-spuma-pu-cu-protectie-la-foc\/","title":{"rendered":"Fire Rated Gunfoam B1 187"},"content":{"rendered":"<p>PENOSIL Fire Rated Gunfoam B1 187 este o spum\u0103 poliuretanic\u0103 monocomponent\u0103 rezistent\u0103 la foc pentru montajul \u0219i etan\u0219area u\u0219ilor, ferestrelor, pere\u021bilor \u0219i a altor lucr\u0103ri de etan\u0219are rezistente la foc \u00een locuri cu cerin\u021be ridicate de siguran\u021b\u0103 la incendiu. Ader\u0103 bine la majoritatea materialelor, cum ar fi lemn, beton, piatr\u0103, ipsos, metal, PVC \u0219i polistiren.<\/p>\n","protected":false},"excerpt":{"rendered":"PENOSIL Fire Rated Gunfoam B1 187 este o spum\u0103 poliuretanic\u0103 monocomponent\u0103 rezistent\u0103 la foc pentru montajul \u0219i etan\u0219area u\u0219ilor, ferestrelor, pere\u021bilor \u0219i a altor lucr\u0103ri de etan\u0219are rezistente la foc \u00een locuri cu cerin\u021be ridicate de siguran\u021b\u0103 la incendiu. Ader\u0103 bine la majoritatea materialelor, cum ar fi lemn, beton, piatr\u0103, ipsos, metal, PVC \u0219i polistiren.","protected":false},"author":13,"featured_media":10120,"template":"","meta":{"_acf_changed":false,"advgb_blocks_editor_width":"","advgb_blocks_columns_visual_guide":"","footnotes":""},"product_brand":[],"product_cat":[338,1544,1373,1502,666],"product_tag":[],"class_list":{"0":"post-8029","1":"product","2":"type-product","3":"status-publish","4":"has-post-thumbnail","6":"product_cat-categorii","7":"product_cat-spume-de-pistol","8":"product_cat-game-de-produse","9":"product_cat-spume-de-constructie","10":"product_cat-protectie-la-foc","12":"first","13":"instock","14":"taxable","15":"shipping-taxable","16":"purchasable","17":"product-type-simple"},"acf":[],"yoast_head":"<!-- This site is optimized with the Yoast SEO plugin v27.2 - https:\/\/yoast.com\/product\/yoast-seo-wordpress\/ -->\n<title>Fire Rated Gunfoam B1 187 spum\u0103 PU cu protec\u0163ie la foc<\/title>\n<meta name=\"description\" content=\"Penosil Fire Rated Gunfoam B1 187 spum\u0103 de protec\u021bie la foc cu post expandare redus\u0103. Testat conform standardului european. Afl\u0103 mai multe!\" \/>\n<meta name=\"robots\" content=\"index, follow, max-snippet:-1, max-image-preview:large, max-video-preview:-1\" \/>\n<link rel=\"canonical\" href=\"https:\/\/penosil.com\/ro\/produse\/fire-rated-gunfoam-b1-187-spuma-pu-cu-protectie-la-foc\/\" \/>\n<meta property=\"og:locale\" content=\"ro_RO\" \/>\n<meta property=\"og:type\" content=\"article\" \/>\n<meta property=\"og:title\" content=\"Fire Rated Gunfoam B1 187 spum\u0103 PU cu protec\u0163ie la foc\" \/>\n<meta property=\"og:description\" content=\"Penosil Fire Rated Gunfoam B1 187 spum\u0103 de protec\u021bie la foc cu post expandare redus\u0103. Testat conform standardului european. Afl\u0103 mai multe!\" \/>\n<meta property=\"og:url\" content=\"https:\/\/penosil.com\/ro\/produse\/fire-rated-gunfoam-b1-187-spuma-pu-cu-protectie-la-foc\/\" \/>\n<meta property=\"og:site_name\" content=\"Penosil Romania\" \/>\n<meta property=\"article:modified_time\" content=\"2026-04-15T23:00:23+00:00\" \/>\n<meta property=\"og:image\" content=\"https:\/\/penosil.com\/ro\/wp-content\/uploads\/sites\/8\/2020\/04\/187_Penosil_Fire_Rated_Gunfoam_B1_187_750ml_RO.png\" \/>\n\t<meta property=\"og:image:width\" content=\"523\" \/>\n\t<meta property=\"og:image:height\" content=\"1080\" \/>\n\t<meta property=\"og:image:type\" content=\"image\/png\" \/>\n<meta name=\"twitter:card\" content=\"summary_large_image\" \/>\n<meta name=\"twitter:label1\" content=\"Timp estimat pentru citire\" \/>\n\t<meta name=\"twitter:data1\" content=\"5 minute\" \/>\n<script type=\"application\/ld+json\" class=\"yoast-schema-graph\">{\"@context\":\"https:\/\/schema.org\",\"@graph\":[{\"@type\":\"WebPage\",\"@id\":\"https:\/\/penosil.com\/ro\/produse\/fire-rated-gunfoam-b1-187-spuma-pu-cu-protectie-la-foc\/\",\"url\":\"https:\/\/penosil.com\/ro\/produse\/fire-rated-gunfoam-b1-187-spuma-pu-cu-protectie-la-foc\/\",\"name\":\"Fire Rated Gunfoam B1 187 spum\u0103 PU cu protec\u0163ie la foc\",\"isPartOf\":{\"@id\":\"https:\/\/penosil.com\/ro\/#website\"},\"primaryImageOfPage\":{\"@id\":\"https:\/\/penosil.com\/ro\/produse\/fire-rated-gunfoam-b1-187-spuma-pu-cu-protectie-la-foc\/#primaryimage\"},\"image\":{\"@id\":\"https:\/\/penosil.com\/ro\/produse\/fire-rated-gunfoam-b1-187-spuma-pu-cu-protectie-la-foc\/#primaryimage\"},\"thumbnailUrl\":\"https:\/\/penosil.com\/ro\/wp-content\/uploads\/sites\/8\/2020\/04\/187_Penosil_Fire_Rated_Gunfoam_B1_187_750ml_RO.png\",\"datePublished\":\"2020-04-24T17:09:50+00:00\",\"dateModified\":\"2026-04-15T23:00:23+00:00\",\"description\":\"Penosil Fire Rated Gunfoam B1 187 spum\u0103 de protec\u021bie la foc cu post expandare redus\u0103. Testat conform standardului european. Afl\u0103 mai multe!\",\"breadcrumb\":{\"@id\":\"https:\/\/penosil.com\/ro\/produse\/fire-rated-gunfoam-b1-187-spuma-pu-cu-protectie-la-foc\/#breadcrumb\"},\"inLanguage\":\"ro-RO\",\"potentialAction\":[{\"@type\":\"ReadAction\",\"target\":[\"https:\/\/penosil.com\/ro\/produse\/fire-rated-gunfoam-b1-187-spuma-pu-cu-protectie-la-foc\/\"]}]},{\"@type\":\"ImageObject\",\"inLanguage\":\"ro-RO\",\"@id\":\"https:\/\/penosil.com\/ro\/produse\/fire-rated-gunfoam-b1-187-spuma-pu-cu-protectie-la-foc\/#primaryimage\",\"url\":\"https:\/\/penosil.com\/ro\/wp-content\/uploads\/sites\/8\/2020\/04\/187_Penosil_Fire_Rated_Gunfoam_B1_187_750ml_RO.png\",\"contentUrl\":\"https:\/\/penosil.com\/ro\/wp-content\/uploads\/sites\/8\/2020\/04\/187_Penosil_Fire_Rated_Gunfoam_B1_187_750ml_RO.png\",\"width\":523,\"height\":1080,\"caption\":\"PENOSIL Fire Rated Gunfoam B1 187 spum\u0103 poliuretanic\u0103 monocomponent\u0103 rezistent\u0103 la foc\"},{\"@type\":\"BreadcrumbList\",\"@id\":\"https:\/\/penosil.com\/ro\/produse\/fire-rated-gunfoam-b1-187-spuma-pu-cu-protectie-la-foc\/#breadcrumb\",\"itemListElement\":[{\"@type\":\"ListItem\",\"position\":1,\"name\":\"Prima pagin\u0103\",\"item\":\"https:\/\/penosil.com\/ro\/\"},{\"@type\":\"ListItem\",\"position\":2,\"name\":\"Produse\",\"item\":\"https:\/\/penosil.com\/ro\/etansanti\/\"},{\"@type\":\"ListItem\",\"position\":3,\"name\":\"Fire Rated Gunfoam B1 187\"}]},{\"@type\":\"WebSite\",\"@id\":\"https:\/\/penosil.com\/ro\/#website\",\"url\":\"https:\/\/penosil.com\/ro\/\",\"name\":\"Penosil Romania\",\"description\":\"\",\"potentialAction\":[{\"@type\":\"SearchAction\",\"target\":{\"@type\":\"EntryPoint\",\"urlTemplate\":\"https:\/\/penosil.com\/ro\/?s={search_term_string}\"},\"query-input\":{\"@type\":\"PropertyValueSpecification\",\"valueRequired\":true,\"valueName\":\"search_term_string\"}}],\"inLanguage\":\"ro-RO\"}]}<\/script>\n<!-- \/ Yoast SEO plugin. -->","yoast_head_json":{"title":"Fire Rated Gunfoam B1 187 spum\u0103 PU cu protec\u0163ie la foc","description":"Penosil Fire Rated Gunfoam B1 187 spum\u0103 de protec\u021bie la foc cu post expandare redus\u0103. Testat conform standardului european. Afl\u0103 mai multe!","robots":{"index":"index","follow":"follow","max-snippet":"max-snippet:-1","max-image-preview":"max-image-preview:large","max-video-preview":"max-video-preview:-1"},"canonical":"https:\/\/penosil.com\/ro\/produse\/fire-rated-gunfoam-b1-187-spuma-pu-cu-protectie-la-foc\/","og_locale":"ro_RO","og_type":"article","og_title":"Fire Rated Gunfoam B1 187 spum\u0103 PU cu protec\u0163ie la foc","og_description":"Penosil Fire Rated Gunfoam B1 187 spum\u0103 de protec\u021bie la foc cu post expandare redus\u0103. Testat conform standardului european. Afl\u0103 mai multe!","og_url":"https:\/\/penosil.com\/ro\/produse\/fire-rated-gunfoam-b1-187-spuma-pu-cu-protectie-la-foc\/","og_site_name":"Penosil Romania","article_modified_time":"2026-04-15T23:00:23+00:00","og_image":[{"width":523,"height":1080,"url":"https:\/\/penosil.com\/ro\/wp-content\/uploads\/sites\/8\/2020\/04\/187_Penosil_Fire_Rated_Gunfoam_B1_187_750ml_RO.png","type":"image\/png"}],"twitter_card":"summary_large_image","twitter_misc":{"Timp estimat pentru citire":"5 minute"},"schema":{"@context":"https:\/\/schema.org","@graph":[{"@type":"WebPage","@id":"https:\/\/penosil.com\/ro\/produse\/fire-rated-gunfoam-b1-187-spuma-pu-cu-protectie-la-foc\/","url":"https:\/\/penosil.com\/ro\/produse\/fire-rated-gunfoam-b1-187-spuma-pu-cu-protectie-la-foc\/","name":"Fire Rated Gunfoam B1 187 spum\u0103 PU cu protec\u0163ie la foc","isPartOf":{"@id":"https:\/\/penosil.com\/ro\/#website"},"primaryImageOfPage":{"@id":"https:\/\/penosil.com\/ro\/produse\/fire-rated-gunfoam-b1-187-spuma-pu-cu-protectie-la-foc\/#primaryimage"},"image":{"@id":"https:\/\/penosil.com\/ro\/produse\/fire-rated-gunfoam-b1-187-spuma-pu-cu-protectie-la-foc\/#primaryimage"},"thumbnailUrl":"https:\/\/penosil.com\/ro\/wp-content\/uploads\/sites\/8\/2020\/04\/187_Penosil_Fire_Rated_Gunfoam_B1_187_750ml_RO.png","datePublished":"2020-04-24T17:09:50+00:00","dateModified":"2026-04-15T23:00:23+00:00","description":"Penosil Fire Rated Gunfoam B1 187 spum\u0103 de protec\u021bie la foc cu post expandare redus\u0103. Testat conform standardului european. Afl\u0103 mai multe!","breadcrumb":{"@id":"https:\/\/penosil.com\/ro\/produse\/fire-rated-gunfoam-b1-187-spuma-pu-cu-protectie-la-foc\/#breadcrumb"},"inLanguage":"ro-RO","potentialAction":[{"@type":"ReadAction","target":["https:\/\/penosil.com\/ro\/produse\/fire-rated-gunfoam-b1-187-spuma-pu-cu-protectie-la-foc\/"]}]},{"@type":"ImageObject","inLanguage":"ro-RO","@id":"https:\/\/penosil.com\/ro\/produse\/fire-rated-gunfoam-b1-187-spuma-pu-cu-protectie-la-foc\/#primaryimage","url":"https:\/\/penosil.com\/ro\/wp-content\/uploads\/sites\/8\/2020\/04\/187_Penosil_Fire_Rated_Gunfoam_B1_187_750ml_RO.png","contentUrl":"https:\/\/penosil.com\/ro\/wp-content\/uploads\/sites\/8\/2020\/04\/187_Penosil_Fire_Rated_Gunfoam_B1_187_750ml_RO.png","width":523,"height":1080,"caption":"PENOSIL Fire Rated Gunfoam B1 187 spum\u0103 poliuretanic\u0103 monocomponent\u0103 rezistent\u0103 la foc"},{"@type":"BreadcrumbList","@id":"https:\/\/penosil.com\/ro\/produse\/fire-rated-gunfoam-b1-187-spuma-pu-cu-protectie-la-foc\/#breadcrumb","itemListElement":[{"@type":"ListItem","position":1,"name":"Prima pagin\u0103","item":"https:\/\/penosil.com\/ro\/"},{"@type":"ListItem","position":2,"name":"Produse","item":"https:\/\/penosil.com\/ro\/etansanti\/"},{"@type":"ListItem","position":3,"name":"Fire Rated Gunfoam B1 187"}]},{"@type":"WebSite","@id":"https:\/\/penosil.com\/ro\/#website","url":"https:\/\/penosil.com\/ro\/","name":"Penosil Romania","description":"","potentialAction":[{"@type":"SearchAction","target":{"@type":"EntryPoint","urlTemplate":"https:\/\/penosil.com\/ro\/?s={search_term_string}"},"query-input":{"@type":"PropertyValueSpecification","valueRequired":true,"valueName":"search_term_string"}}],"inLanguage":"ro-RO"}]}},"featured_img":"https:\/\/penosil.com\/ro\/wp-content\/uploads\/sites\/8\/2020\/04\/187_Penosil_Fire_Rated_Gunfoam_B1_187_750ml_RO.png","coauthors":[],"author_meta":{"author_link":"https:\/\/penosil.com\/ro\/author\/mara\/","display_name":"Mara"},"relative_dates":{"created":"Posted 6 ani ago","modified":"Updated 11 ore ago"},"absolute_dates":{"created":"Posted on 24 aprilie 2020","modified":"Updated on 15 aprilie 2026"},"absolute_dates_time":{"created":"Posted on 24 aprilie 2020 17:09","modified":"Updated on 15 aprilie 2026 23:00"},"featured_img_caption":"","tax_additional":{"product_brand":{"linked":[],"unlinked":[],"slug":"product_brand","name":"Branduri"},"product_type":{"linked":["<a href=\"https:\/\/penosil.com\/ro\/?taxonomy=product_type&#038;term=simple\" class=\"advgb-post-tax-term\">simple<\/a>"],"unlinked":["<span class=\"advgb-post-tax-term\">simple<\/span>"],"slug":"product_type","name":"Tip de produs"},"product_visibility":{"linked":[],"unlinked":[],"slug":"product_visibility","name":"Vizibilitate produs"},"product_cat":{"linked":["<a href=\"https:\/\/penosil.com\/ro\/categorie-produs\/categorii\/\" class=\"advgb-post-tax-term\">Categorii<\/a>","<a href=\"https:\/\/penosil.com\/ro\/categorie-produs\/game-de-produse\/spume-de-constructie\/spume-de-pistol\/\" class=\"advgb-post-tax-term\">Spume de pistol<\/a>","<a href=\"https:\/\/penosil.com\/ro\/categorie-produs\/game-de-produse\/\" class=\"advgb-post-tax-term\">Game de produse<\/a>","<a href=\"https:\/\/penosil.com\/ro\/categorie-produs\/game-de-produse\/spume-de-constructie\/\" class=\"advgb-post-tax-term\">Spume de construc\u021bie<\/a>","<a href=\"https:\/\/penosil.com\/ro\/categorie-produs\/categorii\/protectie-la-foc\/\" class=\"advgb-post-tax-term\">Temperaturi \u00cenalte<\/a>"],"unlinked":["<span class=\"advgb-post-tax-term\">Categorii<\/span>","<span class=\"advgb-post-tax-term\">Spume de pistol<\/span>","<span class=\"advgb-post-tax-term\">Game de produse<\/span>","<span class=\"advgb-post-tax-term\">Spume de construc\u021bie<\/span>","<span class=\"advgb-post-tax-term\">Temperaturi \u00cenalte<\/span>"],"slug":"product_cat","name":"Categorii de produse"},"product_tag":{"linked":[],"unlinked":[],"slug":"product_tag","name":"Etichete produs"},"product_shipping_class":{"linked":[],"unlinked":[],"slug":"product_shipping_class","name":"Clase de livrare produse"},"pos_product_visibility":{"linked":[],"unlinked":[],"slug":"pos_product_visibility","name":"Vizibilitate produse \u00een POS"},"pa_ambalaj":{"linked":[],"unlinked":[],"slug":"pa_ambalaj","name":"Product AMBALAJ"},"pa_culoare":{"linked":["<a href=\"https:\/\/penosil.com\/ro\/?taxonomy=pa_culoare&#038;term=roz\" class=\"advgb-post-tax-term\">Roz<\/a>"],"unlinked":["<span class=\"advgb-post-tax-term\">Roz<\/span>"],"slug":"pa_culoare","name":"Product CULOARE"},"pa_ean":{"linked":[],"unlinked":[],"slug":"pa_ean","name":"Product EAN"},"pa_latime-banda":{"linked":[],"unlinked":[],"slug":"pa_latime-banda","name":"Product L\u0102\u021aIME BAND\u0102"},"pa_latime-rost":{"linked":[],"unlinked":[],"slug":"pa_latime-rost","name":"Product L\u0102\u021aIME ROST"},"translation_priority":{"linked":["<a href=\"https:\/\/penosil.com\/ro\/?taxonomy=translation_priority&#038;term=optional-ro\" class=\"advgb-post-tax-term\">Optional<\/a>"],"unlinked":["<span class=\"advgb-post-tax-term\">Optional<\/span>"],"slug":"translation_priority","name":"Translation Priorities"}},"series_order":"","_links":{"self":[{"href":"https:\/\/penosil.com\/ro\/wp-json\/wp\/v2\/product\/8029","targetHints":{"allow":["GET"]}}],"collection":[{"href":"https:\/\/penosil.com\/ro\/wp-json\/wp\/v2\/product"}],"about":[{"href":"https:\/\/penosil.com\/ro\/wp-json\/wp\/v2\/types\/product"}],"version-history":[{"count":4,"href":"https:\/\/penosil.com\/ro\/wp-json\/wp\/v2\/product\/8029\/revisions"}],"predecessor-version":[{"id":12085,"href":"https:\/\/penosil.com\/ro\/wp-json\/wp\/v2\/product\/8029\/revisions\/12085"}],"wp:featuredmedia":[{"embeddable":true,"href":"https:\/\/penosil.com\/ro\/wp-json\/wp\/v2\/media\/10120"}],"wp:attachment":[{"href":"https:\/\/penosil.com\/ro\/wp-json\/wp\/v2\/media?parent=8029"}],"wp:term":[{"taxonomy":"product_brand","embeddable":true,"href":"https:\/\/penosil.com\/ro\/wp-json\/wp\/v2\/product_brand?post=8029"},{"taxonomy":"product_cat","embeddable":true,"href":"https:\/\/penosil.com\/ro\/wp-json\/wp\/v2\/product_cat?post=8029"},{"taxonomy":"product_tag","embeddable":true,"href":"https:\/\/penosil.com\/ro\/wp-json\/wp\/v2\/product_tag?post=8029"}],"curies":[{"name":"wp","href":"https:\/\/api.w.org\/{rel}","templated":true}]}}