{"id":8061,"date":"2020-04-27T09:27:49","date_gmt":"2020-04-27T09:27:49","guid":{"rendered":"https:\/\/penosil.com\/ro\/?post_type=product&#038;p=8061"},"modified":"2026-04-15T11:00:21","modified_gmt":"2026-04-15T11:00:21","slug":"window-door-elastic-spuma-poliuretanica-etansanta-elastica-pentru-etansare","status":"publish","type":"product","link":"https:\/\/penosil.com\/ro\/produse\/window-door-elastic-spuma-poliuretanica-etansanta-elastica-pentru-etansare\/","title":{"rendered":"Window &amp; Door Elastic"},"content":{"rendered":"<p>Spuma poliuretanic\u0103 etan\u0219ant\u0103 PENOSIL Window &amp; Door Elastic este produsul ideal pentru etan\u0219area u\u0219ilor \u0219i a ferestrelor \u0219i pentru a ob\u021bine izola\u021bie termic\u0103 \u0219i fonic\u0103.<\/p>\n","protected":false},"excerpt":{"rendered":"Spuma poliuretanic\u0103 etan\u0219ant\u0103 PENOSIL Window &amp; Door Elastic este produsul ideal pentru etan\u0219area u\u0219ilor \u0219i a ferestrelor \u0219i pentru a ob\u021bine izola\u021bie termic\u0103 \u0219i fonic\u0103.","protected":false},"author":13,"featured_media":8066,"template":"","meta":{"_acf_changed":false,"advgb_blocks_editor_width":"","advgb_blocks_columns_visual_guide":"","footnotes":""},"product_brand":[],"product_cat":[1544,1502,2274,1373,2272],"product_tag":[],"class_list":{"0":"post-8061","1":"product","2":"type-product","3":"status-publish","4":"has-post-thumbnail","6":"product_cat-spume-de-pistol","7":"product_cat-spume-de-constructie","8":"product_cat-ferestre-si-usi","9":"product_cat-game-de-produse","10":"product_cat-easypro","12":"first","13":"instock","14":"taxable","15":"shipping-taxable","16":"purchasable","17":"product-type-simple"},"acf":[],"yoast_head":"<!-- This site is optimized with the Yoast SEO plugin v27.2 - https:\/\/yoast.com\/product\/yoast-seo-wordpress\/ -->\n<title>Window &amp; Door Elastic spum\u0103 poliuretanic\u0103 etan\u0219ant\u0103 elastic\u0103<\/title>\n<meta name=\"description\" content=\"Penosil Window &amp; Door spum\u0103 elastic\u0103 cu propriet\u0103\u021bi de izolare acustic\u0103 \u0219i termic\u0103 cu p\u00e2n\u0103 la 50% mai bune dec\u00e2t spumele standard. Descoper\u0103!\" \/>\n<meta name=\"robots\" content=\"index, follow, max-snippet:-1, max-image-preview:large, max-video-preview:-1\" \/>\n<link rel=\"canonical\" href=\"https:\/\/penosil.com\/ro\/produse\/window-door-elastic-spuma-poliuretanica-etansanta-elastica-pentru-etansare\/\" \/>\n<meta property=\"og:locale\" content=\"ro_RO\" \/>\n<meta property=\"og:type\" content=\"article\" \/>\n<meta property=\"og:title\" content=\"Window &amp; Door Elastic spum\u0103 poliuretanic\u0103 etan\u0219ant\u0103 elastic\u0103\" \/>\n<meta property=\"og:description\" content=\"Penosil Window &amp; Door spum\u0103 elastic\u0103 cu propriet\u0103\u021bi de izolare acustic\u0103 \u0219i termic\u0103 cu p\u00e2n\u0103 la 50% mai bune dec\u00e2t spumele standard. Descoper\u0103!\" \/>\n<meta property=\"og:url\" content=\"https:\/\/penosil.com\/ro\/produse\/window-door-elastic-spuma-poliuretanica-etansanta-elastica-pentru-etansare\/\" \/>\n<meta property=\"og:site_name\" content=\"Penosil Romania\" \/>\n<meta property=\"article:modified_time\" content=\"2026-04-15T11:00:21+00:00\" \/>\n<meta property=\"og:image\" content=\"https:\/\/penosil.com\/ro\/wp-content\/uploads\/sites\/8\/2020\/04\/Window_Door_Elastic_Foam_750ml_RO-scaled.jpg\" \/>\n\t<meta property=\"og:image:width\" content=\"575\" \/>\n\t<meta property=\"og:image:height\" content=\"2560\" \/>\n\t<meta property=\"og:image:type\" content=\"image\/jpeg\" \/>\n<meta name=\"twitter:card\" content=\"summary_large_image\" \/>\n<meta name=\"twitter:label1\" content=\"Timp estimat pentru citire\" \/>\n\t<meta name=\"twitter:data1\" content=\"4 minute\" \/>\n<script type=\"application\/ld+json\" class=\"yoast-schema-graph\">{\"@context\":\"https:\/\/schema.org\",\"@graph\":[{\"@type\":\"WebPage\",\"@id\":\"https:\/\/penosil.com\/ro\/produse\/window-door-elastic-spuma-poliuretanica-etansanta-elastica-pentru-etansare\/\",\"url\":\"https:\/\/penosil.com\/ro\/produse\/window-door-elastic-spuma-poliuretanica-etansanta-elastica-pentru-etansare\/\",\"name\":\"Window & Door Elastic spum\u0103 poliuretanic\u0103 etan\u0219ant\u0103 elastic\u0103\",\"isPartOf\":{\"@id\":\"https:\/\/penosil.com\/ro\/#website\"},\"primaryImageOfPage\":{\"@id\":\"https:\/\/penosil.com\/ro\/produse\/window-door-elastic-spuma-poliuretanica-etansanta-elastica-pentru-etansare\/#primaryimage\"},\"image\":{\"@id\":\"https:\/\/penosil.com\/ro\/produse\/window-door-elastic-spuma-poliuretanica-etansanta-elastica-pentru-etansare\/#primaryimage\"},\"thumbnailUrl\":\"https:\/\/penosil.com\/ro\/wp-content\/uploads\/sites\/8\/2020\/04\/Window_Door_Elastic_Foam_750ml_RO-scaled.jpg\",\"datePublished\":\"2020-04-27T09:27:49+00:00\",\"dateModified\":\"2026-04-15T11:00:21+00:00\",\"description\":\"Penosil Window & Door spum\u0103 elastic\u0103 cu propriet\u0103\u021bi de izolare acustic\u0103 \u0219i termic\u0103 cu p\u00e2n\u0103 la 50% mai bune dec\u00e2t spumele standard. Descoper\u0103!\",\"breadcrumb\":{\"@id\":\"https:\/\/penosil.com\/ro\/produse\/window-door-elastic-spuma-poliuretanica-etansanta-elastica-pentru-etansare\/#breadcrumb\"},\"inLanguage\":\"ro-RO\",\"potentialAction\":[{\"@type\":\"ReadAction\",\"target\":[\"https:\/\/penosil.com\/ro\/produse\/window-door-elastic-spuma-poliuretanica-etansanta-elastica-pentru-etansare\/\"]}]},{\"@type\":\"ImageObject\",\"inLanguage\":\"ro-RO\",\"@id\":\"https:\/\/penosil.com\/ro\/produse\/window-door-elastic-spuma-poliuretanica-etansanta-elastica-pentru-etansare\/#primaryimage\",\"url\":\"https:\/\/penosil.com\/ro\/wp-content\/uploads\/sites\/8\/2020\/04\/Window_Door_Elastic_Foam_750ml_RO-scaled.jpg\",\"contentUrl\":\"https:\/\/penosil.com\/ro\/wp-content\/uploads\/sites\/8\/2020\/04\/Window_Door_Elastic_Foam_750ml_RO-scaled.jpg\",\"width\":575,\"height\":2560,\"caption\":\"PENOSIL Window & Door Elastic spum\u0103 poliuretanic\u0103 elastic\u0103 pentru etan\u0219are\"},{\"@type\":\"BreadcrumbList\",\"@id\":\"https:\/\/penosil.com\/ro\/produse\/window-door-elastic-spuma-poliuretanica-etansanta-elastica-pentru-etansare\/#breadcrumb\",\"itemListElement\":[{\"@type\":\"ListItem\",\"position\":1,\"name\":\"Prima pagin\u0103\",\"item\":\"https:\/\/penosil.com\/ro\/\"},{\"@type\":\"ListItem\",\"position\":2,\"name\":\"Produse\",\"item\":\"https:\/\/penosil.com\/ro\/etansanti\/\"},{\"@type\":\"ListItem\",\"position\":3,\"name\":\"Window &amp; Door Elastic\"}]},{\"@type\":\"WebSite\",\"@id\":\"https:\/\/penosil.com\/ro\/#website\",\"url\":\"https:\/\/penosil.com\/ro\/\",\"name\":\"Penosil Romania\",\"description\":\"\",\"potentialAction\":[{\"@type\":\"SearchAction\",\"target\":{\"@type\":\"EntryPoint\",\"urlTemplate\":\"https:\/\/penosil.com\/ro\/?s={search_term_string}\"},\"query-input\":{\"@type\":\"PropertyValueSpecification\",\"valueRequired\":true,\"valueName\":\"search_term_string\"}}],\"inLanguage\":\"ro-RO\"}]}<\/script>\n<!-- \/ Yoast SEO plugin. -->","yoast_head_json":{"title":"Window & Door Elastic spum\u0103 poliuretanic\u0103 etan\u0219ant\u0103 elastic\u0103","description":"Penosil Window & Door spum\u0103 elastic\u0103 cu propriet\u0103\u021bi de izolare acustic\u0103 \u0219i termic\u0103 cu p\u00e2n\u0103 la 50% mai bune dec\u00e2t spumele standard. Descoper\u0103!","robots":{"index":"index","follow":"follow","max-snippet":"max-snippet:-1","max-image-preview":"max-image-preview:large","max-video-preview":"max-video-preview:-1"},"canonical":"https:\/\/penosil.com\/ro\/produse\/window-door-elastic-spuma-poliuretanica-etansanta-elastica-pentru-etansare\/","og_locale":"ro_RO","og_type":"article","og_title":"Window & Door Elastic spum\u0103 poliuretanic\u0103 etan\u0219ant\u0103 elastic\u0103","og_description":"Penosil Window & Door spum\u0103 elastic\u0103 cu propriet\u0103\u021bi de izolare acustic\u0103 \u0219i termic\u0103 cu p\u00e2n\u0103 la 50% mai bune dec\u00e2t spumele standard. Descoper\u0103!","og_url":"https:\/\/penosil.com\/ro\/produse\/window-door-elastic-spuma-poliuretanica-etansanta-elastica-pentru-etansare\/","og_site_name":"Penosil Romania","article_modified_time":"2026-04-15T11:00:21+00:00","og_image":[{"width":575,"height":2560,"url":"https:\/\/penosil.com\/ro\/wp-content\/uploads\/sites\/8\/2020\/04\/Window_Door_Elastic_Foam_750ml_RO-scaled.jpg","type":"image\/jpeg"}],"twitter_card":"summary_large_image","twitter_misc":{"Timp estimat pentru citire":"4 minute"},"schema":{"@context":"https:\/\/schema.org","@graph":[{"@type":"WebPage","@id":"https:\/\/penosil.com\/ro\/produse\/window-door-elastic-spuma-poliuretanica-etansanta-elastica-pentru-etansare\/","url":"https:\/\/penosil.com\/ro\/produse\/window-door-elastic-spuma-poliuretanica-etansanta-elastica-pentru-etansare\/","name":"Window & Door Elastic spum\u0103 poliuretanic\u0103 etan\u0219ant\u0103 elastic\u0103","isPartOf":{"@id":"https:\/\/penosil.com\/ro\/#website"},"primaryImageOfPage":{"@id":"https:\/\/penosil.com\/ro\/produse\/window-door-elastic-spuma-poliuretanica-etansanta-elastica-pentru-etansare\/#primaryimage"},"image":{"@id":"https:\/\/penosil.com\/ro\/produse\/window-door-elastic-spuma-poliuretanica-etansanta-elastica-pentru-etansare\/#primaryimage"},"thumbnailUrl":"https:\/\/penosil.com\/ro\/wp-content\/uploads\/sites\/8\/2020\/04\/Window_Door_Elastic_Foam_750ml_RO-scaled.jpg","datePublished":"2020-04-27T09:27:49+00:00","dateModified":"2026-04-15T11:00:21+00:00","description":"Penosil Window & Door spum\u0103 elastic\u0103 cu propriet\u0103\u021bi de izolare acustic\u0103 \u0219i termic\u0103 cu p\u00e2n\u0103 la 50% mai bune dec\u00e2t spumele standard. Descoper\u0103!","breadcrumb":{"@id":"https:\/\/penosil.com\/ro\/produse\/window-door-elastic-spuma-poliuretanica-etansanta-elastica-pentru-etansare\/#breadcrumb"},"inLanguage":"ro-RO","potentialAction":[{"@type":"ReadAction","target":["https:\/\/penosil.com\/ro\/produse\/window-door-elastic-spuma-poliuretanica-etansanta-elastica-pentru-etansare\/"]}]},{"@type":"ImageObject","inLanguage":"ro-RO","@id":"https:\/\/penosil.com\/ro\/produse\/window-door-elastic-spuma-poliuretanica-etansanta-elastica-pentru-etansare\/#primaryimage","url":"https:\/\/penosil.com\/ro\/wp-content\/uploads\/sites\/8\/2020\/04\/Window_Door_Elastic_Foam_750ml_RO-scaled.jpg","contentUrl":"https:\/\/penosil.com\/ro\/wp-content\/uploads\/sites\/8\/2020\/04\/Window_Door_Elastic_Foam_750ml_RO-scaled.jpg","width":575,"height":2560,"caption":"PENOSIL Window & Door Elastic spum\u0103 poliuretanic\u0103 elastic\u0103 pentru etan\u0219are"},{"@type":"BreadcrumbList","@id":"https:\/\/penosil.com\/ro\/produse\/window-door-elastic-spuma-poliuretanica-etansanta-elastica-pentru-etansare\/#breadcrumb","itemListElement":[{"@type":"ListItem","position":1,"name":"Prima pagin\u0103","item":"https:\/\/penosil.com\/ro\/"},{"@type":"ListItem","position":2,"name":"Produse","item":"https:\/\/penosil.com\/ro\/etansanti\/"},{"@type":"ListItem","position":3,"name":"Window &amp; Door Elastic"}]},{"@type":"WebSite","@id":"https:\/\/penosil.com\/ro\/#website","url":"https:\/\/penosil.com\/ro\/","name":"Penosil Romania","description":"","potentialAction":[{"@type":"SearchAction","target":{"@type":"EntryPoint","urlTemplate":"https:\/\/penosil.com\/ro\/?s={search_term_string}"},"query-input":{"@type":"PropertyValueSpecification","valueRequired":true,"valueName":"search_term_string"}}],"inLanguage":"ro-RO"}]}},"featured_img":"https:\/\/penosil.com\/ro\/wp-content\/uploads\/sites\/8\/2020\/04\/Window_Door_Elastic_Foam_750ml_RO-scaled.jpg","coauthors":[],"author_meta":{"author_link":"https:\/\/penosil.com\/ro\/author\/mara\/","display_name":"Mara"},"relative_dates":{"created":"Posted 6 ani ago","modified":"Updated 10 ore ago"},"absolute_dates":{"created":"Posted on 27 aprilie 2020","modified":"Updated on 15 aprilie 2026"},"absolute_dates_time":{"created":"Posted on 27 aprilie 2020 9:27","modified":"Updated on 15 aprilie 2026 11:00"},"featured_img_caption":"","tax_additional":{"product_brand":{"linked":[],"unlinked":[],"slug":"product_brand","name":"Branduri"},"product_type":{"linked":["<a href=\"https:\/\/penosil.com\/ro\/?taxonomy=product_type&#038;term=simple\" class=\"advgb-post-tax-term\">simple<\/a>"],"unlinked":["<span class=\"advgb-post-tax-term\">simple<\/span>"],"slug":"product_type","name":"Tip de produs"},"product_visibility":{"linked":[],"unlinked":[],"slug":"product_visibility","name":"Vizibilitate produs"},"product_cat":{"linked":["<a href=\"https:\/\/penosil.com\/ro\/categorie-produs\/game-de-produse\/spume-de-constructie\/spume-de-pistol\/\" class=\"advgb-post-tax-term\">Spume de pistol<\/a>","<a href=\"https:\/\/penosil.com\/ro\/categorie-produs\/game-de-produse\/spume-de-constructie\/\" class=\"advgb-post-tax-term\">Spume de construc\u021bie<\/a>","<a href=\"https:\/\/penosil.com\/ro\/categorie-produs\/easypro\/ferestre-si-usi\/\" class=\"advgb-post-tax-term\">Ferestre \u0219i u\u0219i<\/a>","<a href=\"https:\/\/penosil.com\/ro\/categorie-produs\/game-de-produse\/\" class=\"advgb-post-tax-term\">Game de produse<\/a>","<a href=\"https:\/\/penosil.com\/ro\/categorie-produs\/easypro\/\" class=\"advgb-post-tax-term\">EasyPRO<\/a>"],"unlinked":["<span class=\"advgb-post-tax-term\">Spume de pistol<\/span>","<span class=\"advgb-post-tax-term\">Spume de construc\u021bie<\/span>","<span class=\"advgb-post-tax-term\">Ferestre \u0219i u\u0219i<\/span>","<span class=\"advgb-post-tax-term\">Game de produse<\/span>","<span class=\"advgb-post-tax-term\">EasyPRO<\/span>"],"slug":"product_cat","name":"Categorii de produse"},"product_tag":{"linked":[],"unlinked":[],"slug":"product_tag","name":"Etichete produs"},"product_shipping_class":{"linked":[],"unlinked":[],"slug":"product_shipping_class","name":"Clase de livrare produse"},"pos_product_visibility":{"linked":[],"unlinked":[],"slug":"pos_product_visibility","name":"Vizibilitate produse \u00een POS"},"pa_ambalaj":{"linked":[],"unlinked":[],"slug":"pa_ambalaj","name":"Product AMBALAJ"},"pa_culoare":{"linked":["<a href=\"https:\/\/penosil.com\/ro\/?taxonomy=pa_culoare&#038;term=verde\" class=\"advgb-post-tax-term\">Verde<\/a>"],"unlinked":["<span class=\"advgb-post-tax-term\">Verde<\/span>"],"slug":"pa_culoare","name":"Product CULOARE"},"pa_ean":{"linked":[],"unlinked":[],"slug":"pa_ean","name":"Product EAN"},"pa_latime-banda":{"linked":[],"unlinked":[],"slug":"pa_latime-banda","name":"Product L\u0102\u021aIME BAND\u0102"},"pa_latime-rost":{"linked":[],"unlinked":[],"slug":"pa_latime-rost","name":"Product L\u0102\u021aIME ROST"},"translation_priority":{"linked":["<a href=\"https:\/\/penosil.com\/ro\/?taxonomy=translation_priority&#038;term=optional-ro\" class=\"advgb-post-tax-term\">Optional<\/a>"],"unlinked":["<span class=\"advgb-post-tax-term\">Optional<\/span>"],"slug":"translation_priority","name":"Translation Priorities"}},"series_order":"","_links":{"self":[{"href":"https:\/\/penosil.com\/ro\/wp-json\/wp\/v2\/product\/8061","targetHints":{"allow":["GET"]}}],"collection":[{"href":"https:\/\/penosil.com\/ro\/wp-json\/wp\/v2\/product"}],"about":[{"href":"https:\/\/penosil.com\/ro\/wp-json\/wp\/v2\/types\/product"}],"version-history":[{"count":4,"href":"https:\/\/penosil.com\/ro\/wp-json\/wp\/v2\/product\/8061\/revisions"}],"predecessor-version":[{"id":11904,"href":"https:\/\/penosil.com\/ro\/wp-json\/wp\/v2\/product\/8061\/revisions\/11904"}],"wp:featuredmedia":[{"embeddable":true,"href":"https:\/\/penosil.com\/ro\/wp-json\/wp\/v2\/media\/8066"}],"wp:attachment":[{"href":"https:\/\/penosil.com\/ro\/wp-json\/wp\/v2\/media?parent=8061"}],"wp:term":[{"taxonomy":"product_brand","embeddable":true,"href":"https:\/\/penosil.com\/ro\/wp-json\/wp\/v2\/product_brand?post=8061"},{"taxonomy":"product_cat","embeddable":true,"href":"https:\/\/penosil.com\/ro\/wp-json\/wp\/v2\/product_cat?post=8061"},{"taxonomy":"product_tag","embeddable":true,"href":"https:\/\/penosil.com\/ro\/wp-json\/wp\/v2\/product_tag?post=8061"}],"curies":[{"name":"wp","href":"https:\/\/api.w.org\/{rel}","templated":true}]}}