{"id":8384,"date":"2020-05-14T14:10:00","date_gmt":"2020-05-14T14:10:00","guid":{"rendered":"https:\/\/penosil.com\/ro\/?post_type=product&#038;p=8384"},"modified":"2026-04-26T11:00:25","modified_gmt":"2026-04-26T11:00:25","slug":"rooffacade-elastic-etansant-hibrid-pentru-fatade-si-acoperisuri","status":"publish","type":"product","link":"https:\/\/penosil.com\/ro\/produse\/rooffacade-elastic-etansant-hibrid-pentru-fatade-si-acoperisuri\/","title":{"rendered":"Roof&amp;Facade Elastic"},"content":{"rendered":"<p>Etan\u0219antul elastic hibrid Penosil Roof &amp; Fa\u00e7ade asigur\u0103 etan\u015fare \u015fi rezisten\u0163\u0103 la intemperii pentru: co\u015furi de fum, \u0163evi, \u00eembin\u0103rile dintre metal \u015fi beton, rosturile de jgheaburi, rosturile de dilatare pentru fa\u0163ade, ferestre exterioare \u015fi rame de u\u015fi.<\/p>\n","protected":false},"excerpt":{"rendered":"Etan\u0219antul elastic hibrid Penosil Roof &amp; Fa\u00e7ade asigur\u0103 etan\u015fare \u015fi rezisten\u0163\u0103 la intemperii pentru: co\u015furi de fum, \u0163evi, \u00eembin\u0103rile dintre metal \u015fi beton, rosturile de jgheaburi, rosturile de dilatare pentru fa\u0163ade, ferestre exterioare \u015fi rame de u\u015fi.","protected":false},"author":13,"featured_media":8392,"template":"","meta":{"_acf_changed":false,"advgb_blocks_editor_width":"","advgb_blocks_columns_visual_guide":"","footnotes":""},"product_brand":[],"product_cat":[1648,1373,1610,2272,2275],"product_tag":[],"class_list":{"0":"post-8384","1":"product","2":"type-product","3":"status-publish","4":"has-post-thumbnail","6":"product_cat-siliconi","7":"product_cat-game-de-produse","8":"product_cat-etansanti","9":"product_cat-easypro","10":"product_cat-acoperisurisifatade","12":"first","13":"instock","14":"taxable","15":"shipping-taxable","16":"purchasable","17":"product-type-variable"},"acf":[],"yoast_head":"<!-- This site is optimized with the Yoast SEO plugin v27.4 - https:\/\/yoast.com\/product\/yoast-seo-wordpress\/ -->\n<title>Roof &amp; Facade Elastic etan\u0219ant hibrid pentru fa\u021bade \u0219i acoperi\u0219uri<\/title>\n<meta name=\"description\" content=\"Penosil Roof&amp;Facade este un etan\u0219ant hibrid elastic cu \u00eent\u0103rire rapid\u0103, lipire complet\u0103 \u0219i protec\u021bie total\u0103 la intemperii \u00een doar 2 ore.\" \/>\n<meta name=\"robots\" content=\"index, follow, max-snippet:-1, max-image-preview:large, max-video-preview:-1\" \/>\n<link rel=\"canonical\" href=\"https:\/\/penosil.com\/ro\/produse\/rooffacade-elastic-etansant-hibrid-pentru-fatade-si-acoperisuri\/\" \/>\n<meta property=\"og:locale\" content=\"ro_RO\" \/>\n<meta property=\"og:type\" content=\"article\" \/>\n<meta property=\"og:title\" content=\"Roof &amp; Facade Elastic etan\u0219ant hibrid pentru fa\u021bade \u0219i acoperi\u0219uri\" \/>\n<meta property=\"og:description\" content=\"Penosil Roof&amp;Facade este un etan\u0219ant hibrid elastic cu \u00eent\u0103rire rapid\u0103, lipire complet\u0103 \u0219i protec\u021bie total\u0103 la intemperii \u00een doar 2 ore.\" \/>\n<meta property=\"og:url\" content=\"https:\/\/penosil.com\/ro\/produse\/rooffacade-elastic-etansant-hibrid-pentru-fatade-si-acoperisuri\/\" \/>\n<meta property=\"og:site_name\" content=\"Penosil Romania\" \/>\n<meta property=\"article:modified_time\" content=\"2026-04-26T11:00:25+00:00\" \/>\n<meta property=\"og:image\" content=\"https:\/\/penosil.com\/ro\/wp-content\/uploads\/sites\/8\/2020\/05\/RF.png\" \/>\n\t<meta property=\"og:image:width\" content=\"334\" \/>\n\t<meta property=\"og:image:height\" content=\"1001\" \/>\n\t<meta property=\"og:image:type\" content=\"image\/png\" \/>\n<meta name=\"twitter:card\" content=\"summary_large_image\" \/>\n<meta name=\"twitter:label1\" content=\"Timp estimat pentru citire\" \/>\n\t<meta name=\"twitter:data1\" content=\"3 minute\" \/>\n<script type=\"application\/ld+json\" class=\"yoast-schema-graph\">{\"@context\":\"https:\\\/\\\/schema.org\",\"@graph\":[{\"@type\":\"WebPage\",\"@id\":\"https:\\\/\\\/penosil.com\\\/ro\\\/produse\\\/rooffacade-elastic-etansant-hibrid-pentru-fatade-si-acoperisuri\\\/\",\"url\":\"https:\\\/\\\/penosil.com\\\/ro\\\/produse\\\/rooffacade-elastic-etansant-hibrid-pentru-fatade-si-acoperisuri\\\/\",\"name\":\"Roof & Facade Elastic etan\u0219ant hibrid pentru fa\u021bade \u0219i acoperi\u0219uri\",\"isPartOf\":{\"@id\":\"https:\\\/\\\/penosil.com\\\/ro\\\/#website\"},\"primaryImageOfPage\":{\"@id\":\"https:\\\/\\\/penosil.com\\\/ro\\\/produse\\\/rooffacade-elastic-etansant-hibrid-pentru-fatade-si-acoperisuri\\\/#primaryimage\"},\"image\":{\"@id\":\"https:\\\/\\\/penosil.com\\\/ro\\\/produse\\\/rooffacade-elastic-etansant-hibrid-pentru-fatade-si-acoperisuri\\\/#primaryimage\"},\"thumbnailUrl\":\"https:\\\/\\\/penosil.com\\\/ro\\\/wp-content\\\/uploads\\\/sites\\\/8\\\/2020\\\/05\\\/RF.png\",\"datePublished\":\"2020-05-14T14:10:00+00:00\",\"dateModified\":\"2026-04-26T11:00:25+00:00\",\"description\":\"Penosil Roof&Facade este un etan\u0219ant hibrid elastic cu \u00eent\u0103rire rapid\u0103, lipire complet\u0103 \u0219i protec\u021bie total\u0103 la intemperii \u00een doar 2 ore.\",\"breadcrumb\":{\"@id\":\"https:\\\/\\\/penosil.com\\\/ro\\\/produse\\\/rooffacade-elastic-etansant-hibrid-pentru-fatade-si-acoperisuri\\\/#breadcrumb\"},\"inLanguage\":\"ro-RO\",\"potentialAction\":[{\"@type\":\"ReadAction\",\"target\":[\"https:\\\/\\\/penosil.com\\\/ro\\\/produse\\\/rooffacade-elastic-etansant-hibrid-pentru-fatade-si-acoperisuri\\\/\"]}]},{\"@type\":\"ImageObject\",\"inLanguage\":\"ro-RO\",\"@id\":\"https:\\\/\\\/penosil.com\\\/ro\\\/produse\\\/rooffacade-elastic-etansant-hibrid-pentru-fatade-si-acoperisuri\\\/#primaryimage\",\"url\":\"https:\\\/\\\/penosil.com\\\/ro\\\/wp-content\\\/uploads\\\/sites\\\/8\\\/2020\\\/05\\\/RF.png\",\"contentUrl\":\"https:\\\/\\\/penosil.com\\\/ro\\\/wp-content\\\/uploads\\\/sites\\\/8\\\/2020\\\/05\\\/RF.png\",\"width\":334,\"height\":1001,\"caption\":\"PENOSIL Roof&Facade Elastic - etan\u0219ant hibrid pentru fa\u021bade \u0219i acoperi\u0219uri\"},{\"@type\":\"BreadcrumbList\",\"@id\":\"https:\\\/\\\/penosil.com\\\/ro\\\/produse\\\/rooffacade-elastic-etansant-hibrid-pentru-fatade-si-acoperisuri\\\/#breadcrumb\",\"itemListElement\":[{\"@type\":\"ListItem\",\"position\":1,\"name\":\"Prima pagin\u0103\",\"item\":\"https:\\\/\\\/penosil.com\\\/ro\\\/\"},{\"@type\":\"ListItem\",\"position\":2,\"name\":\"Produse\",\"item\":\"https:\\\/\\\/penosil.com\\\/ro\\\/etansanti\\\/\"},{\"@type\":\"ListItem\",\"position\":3,\"name\":\"Roof&amp;Facade Elastic\"}]},{\"@type\":\"WebSite\",\"@id\":\"https:\\\/\\\/penosil.com\\\/ro\\\/#website\",\"url\":\"https:\\\/\\\/penosil.com\\\/ro\\\/\",\"name\":\"Penosil Romania\",\"description\":\"\",\"potentialAction\":[{\"@type\":\"SearchAction\",\"target\":{\"@type\":\"EntryPoint\",\"urlTemplate\":\"https:\\\/\\\/penosil.com\\\/ro\\\/?s={search_term_string}\"},\"query-input\":{\"@type\":\"PropertyValueSpecification\",\"valueRequired\":true,\"valueName\":\"search_term_string\"}}],\"inLanguage\":\"ro-RO\"}]}<\/script>\n<!-- \/ Yoast SEO plugin. -->","yoast_head_json":{"title":"Roof & Facade Elastic etan\u0219ant hibrid pentru fa\u021bade \u0219i acoperi\u0219uri","description":"Penosil Roof&Facade este un etan\u0219ant hibrid elastic cu \u00eent\u0103rire rapid\u0103, lipire complet\u0103 \u0219i protec\u021bie total\u0103 la intemperii \u00een doar 2 ore.","robots":{"index":"index","follow":"follow","max-snippet":"max-snippet:-1","max-image-preview":"max-image-preview:large","max-video-preview":"max-video-preview:-1"},"canonical":"https:\/\/penosil.com\/ro\/produse\/rooffacade-elastic-etansant-hibrid-pentru-fatade-si-acoperisuri\/","og_locale":"ro_RO","og_type":"article","og_title":"Roof & Facade Elastic etan\u0219ant hibrid pentru fa\u021bade \u0219i acoperi\u0219uri","og_description":"Penosil Roof&Facade este un etan\u0219ant hibrid elastic cu \u00eent\u0103rire rapid\u0103, lipire complet\u0103 \u0219i protec\u021bie total\u0103 la intemperii \u00een doar 2 ore.","og_url":"https:\/\/penosil.com\/ro\/produse\/rooffacade-elastic-etansant-hibrid-pentru-fatade-si-acoperisuri\/","og_site_name":"Penosil Romania","article_modified_time":"2026-04-26T11:00:25+00:00","og_image":[{"width":334,"height":1001,"url":"https:\/\/penosil.com\/ro\/wp-content\/uploads\/sites\/8\/2020\/05\/RF.png","type":"image\/png"}],"twitter_card":"summary_large_image","twitter_misc":{"Timp estimat pentru citire":"3 minute"},"schema":{"@context":"https:\/\/schema.org","@graph":[{"@type":"WebPage","@id":"https:\/\/penosil.com\/ro\/produse\/rooffacade-elastic-etansant-hibrid-pentru-fatade-si-acoperisuri\/","url":"https:\/\/penosil.com\/ro\/produse\/rooffacade-elastic-etansant-hibrid-pentru-fatade-si-acoperisuri\/","name":"Roof & Facade Elastic etan\u0219ant hibrid pentru fa\u021bade \u0219i acoperi\u0219uri","isPartOf":{"@id":"https:\/\/penosil.com\/ro\/#website"},"primaryImageOfPage":{"@id":"https:\/\/penosil.com\/ro\/produse\/rooffacade-elastic-etansant-hibrid-pentru-fatade-si-acoperisuri\/#primaryimage"},"image":{"@id":"https:\/\/penosil.com\/ro\/produse\/rooffacade-elastic-etansant-hibrid-pentru-fatade-si-acoperisuri\/#primaryimage"},"thumbnailUrl":"https:\/\/penosil.com\/ro\/wp-content\/uploads\/sites\/8\/2020\/05\/RF.png","datePublished":"2020-05-14T14:10:00+00:00","dateModified":"2026-04-26T11:00:25+00:00","description":"Penosil Roof&Facade este un etan\u0219ant hibrid elastic cu \u00eent\u0103rire rapid\u0103, lipire complet\u0103 \u0219i protec\u021bie total\u0103 la intemperii \u00een doar 2 ore.","breadcrumb":{"@id":"https:\/\/penosil.com\/ro\/produse\/rooffacade-elastic-etansant-hibrid-pentru-fatade-si-acoperisuri\/#breadcrumb"},"inLanguage":"ro-RO","potentialAction":[{"@type":"ReadAction","target":["https:\/\/penosil.com\/ro\/produse\/rooffacade-elastic-etansant-hibrid-pentru-fatade-si-acoperisuri\/"]}]},{"@type":"ImageObject","inLanguage":"ro-RO","@id":"https:\/\/penosil.com\/ro\/produse\/rooffacade-elastic-etansant-hibrid-pentru-fatade-si-acoperisuri\/#primaryimage","url":"https:\/\/penosil.com\/ro\/wp-content\/uploads\/sites\/8\/2020\/05\/RF.png","contentUrl":"https:\/\/penosil.com\/ro\/wp-content\/uploads\/sites\/8\/2020\/05\/RF.png","width":334,"height":1001,"caption":"PENOSIL Roof&Facade Elastic - etan\u0219ant hibrid pentru fa\u021bade \u0219i acoperi\u0219uri"},{"@type":"BreadcrumbList","@id":"https:\/\/penosil.com\/ro\/produse\/rooffacade-elastic-etansant-hibrid-pentru-fatade-si-acoperisuri\/#breadcrumb","itemListElement":[{"@type":"ListItem","position":1,"name":"Prima pagin\u0103","item":"https:\/\/penosil.com\/ro\/"},{"@type":"ListItem","position":2,"name":"Produse","item":"https:\/\/penosil.com\/ro\/etansanti\/"},{"@type":"ListItem","position":3,"name":"Roof&amp;Facade Elastic"}]},{"@type":"WebSite","@id":"https:\/\/penosil.com\/ro\/#website","url":"https:\/\/penosil.com\/ro\/","name":"Penosil Romania","description":"","potentialAction":[{"@type":"SearchAction","target":{"@type":"EntryPoint","urlTemplate":"https:\/\/penosil.com\/ro\/?s={search_term_string}"},"query-input":{"@type":"PropertyValueSpecification","valueRequired":true,"valueName":"search_term_string"}}],"inLanguage":"ro-RO"}]}},"featured_img":"https:\/\/penosil.com\/ro\/wp-content\/uploads\/sites\/8\/2020\/05\/RF.png","coauthors":[],"author_meta":{"author_link":"https:\/\/penosil.com\/ro\/author\/mara\/","display_name":"Mara"},"relative_dates":{"created":"Posted 6 ani ago","modified":"Updated 7 ore ago"},"absolute_dates":{"created":"Posted on 14 mai 2020","modified":"Updated on 26 aprilie 2026"},"absolute_dates_time":{"created":"Posted on 14 mai 2020 14:10","modified":"Updated on 26 aprilie 2026 11:00"},"featured_img_caption":"","tax_additional":{"product_brand":{"linked":[],"unlinked":[],"slug":"product_brand","name":"Branduri"},"product_type":{"linked":["<a href=\"https:\/\/penosil.com\/ro\/?taxonomy=product_type&#038;term=variable\" class=\"advgb-post-tax-term\">variable<\/a>"],"unlinked":["<span class=\"advgb-post-tax-term\">variable<\/span>"],"slug":"product_type","name":"Tip de produs"},"product_visibility":{"linked":[],"unlinked":[],"slug":"product_visibility","name":"Vizibilitate produs"},"product_cat":{"linked":["<a href=\"https:\/\/penosil.com\/ro\/categorie-produs\/game-de-produse\/etansanti\/siliconi\/\" class=\"advgb-post-tax-term\">Siliconi<\/a>","<a href=\"https:\/\/penosil.com\/ro\/categorie-produs\/game-de-produse\/\" class=\"advgb-post-tax-term\">Game de produse<\/a>","<a href=\"https:\/\/penosil.com\/ro\/categorie-produs\/game-de-produse\/etansanti\/\" class=\"advgb-post-tax-term\">Etan\u0219an\u021bi<\/a>","<a href=\"https:\/\/penosil.com\/ro\/categorie-produs\/easypro\/\" class=\"advgb-post-tax-term\">EasyPRO<\/a>","<a href=\"https:\/\/penosil.com\/ro\/categorie-produs\/easypro\/acoperisurisifatade\/\" class=\"advgb-post-tax-term\">Acoperi\u0219uri \u0219i fa\u021bade<\/a>"],"unlinked":["<span class=\"advgb-post-tax-term\">Siliconi<\/span>","<span class=\"advgb-post-tax-term\">Game de produse<\/span>","<span class=\"advgb-post-tax-term\">Etan\u0219an\u021bi<\/span>","<span class=\"advgb-post-tax-term\">EasyPRO<\/span>","<span class=\"advgb-post-tax-term\">Acoperi\u0219uri \u0219i fa\u021bade<\/span>"],"slug":"product_cat","name":"Categorii de produse"},"product_tag":{"linked":[],"unlinked":[],"slug":"product_tag","name":"Etichete produs"},"product_shipping_class":{"linked":[],"unlinked":[],"slug":"product_shipping_class","name":"Clase de livrare produse"},"pos_product_visibility":{"linked":[],"unlinked":[],"slug":"pos_product_visibility","name":"Vizibilitate produse \u00een POS"},"pa_ambalaj":{"linked":["<a href=\"https:\/\/penosil.com\/ro\/?taxonomy=pa_ambalaj&#038;term=280-ml\" class=\"advgb-post-tax-term\">280 ml<\/a>"],"unlinked":["<span class=\"advgb-post-tax-term\">280 ml<\/span>"],"slug":"pa_ambalaj","name":"Product AMBALAJ"},"pa_culoare":{"linked":["<a href=\"https:\/\/penosil.com\/ro\/?taxonomy=pa_culoare&#038;term=transparent-ro\" class=\"advgb-post-tax-term\">Transparent<\/a>","<a href=\"https:\/\/penosil.com\/ro\/?taxonomy=pa_culoare&#038;term=gri\" class=\"advgb-post-tax-term\">Gri<\/a>","<a href=\"https:\/\/penosil.com\/ro\/?taxonomy=pa_culoare&#038;term=maro\" class=\"advgb-post-tax-term\">Maro<\/a>"],"unlinked":["<span class=\"advgb-post-tax-term\">Transparent<\/span>","<span class=\"advgb-post-tax-term\">Gri<\/span>","<span class=\"advgb-post-tax-term\">Maro<\/span>"],"slug":"pa_culoare","name":"Product CULOARE"},"pa_ean":{"linked":[],"unlinked":[],"slug":"pa_ean","name":"Product EAN"},"pa_latime-banda":{"linked":[],"unlinked":[],"slug":"pa_latime-banda","name":"Product L\u0102\u021aIME BAND\u0102"},"pa_latime-rost":{"linked":[],"unlinked":[],"slug":"pa_latime-rost","name":"Product L\u0102\u021aIME ROST"},"translation_priority":{"linked":["<a href=\"https:\/\/penosil.com\/ro\/?taxonomy=translation_priority&#038;term=optional-ro\" class=\"advgb-post-tax-term\">Optional<\/a>"],"unlinked":["<span class=\"advgb-post-tax-term\">Optional<\/span>"],"slug":"translation_priority","name":"Translation Priorities"}},"series_order":"","_links":{"self":[{"href":"https:\/\/penosil.com\/ro\/wp-json\/wp\/v2\/product\/8384","targetHints":{"allow":["GET"]}}],"collection":[{"href":"https:\/\/penosil.com\/ro\/wp-json\/wp\/v2\/product"}],"about":[{"href":"https:\/\/penosil.com\/ro\/wp-json\/wp\/v2\/types\/product"}],"version-history":[{"count":5,"href":"https:\/\/penosil.com\/ro\/wp-json\/wp\/v2\/product\/8384\/revisions"}],"predecessor-version":[{"id":12080,"href":"https:\/\/penosil.com\/ro\/wp-json\/wp\/v2\/product\/8384\/revisions\/12080"}],"wp:featuredmedia":[{"embeddable":true,"href":"https:\/\/penosil.com\/ro\/wp-json\/wp\/v2\/media\/8392"}],"wp:attachment":[{"href":"https:\/\/penosil.com\/ro\/wp-json\/wp\/v2\/media?parent=8384"}],"wp:term":[{"taxonomy":"product_brand","embeddable":true,"href":"https:\/\/penosil.com\/ro\/wp-json\/wp\/v2\/product_brand?post=8384"},{"taxonomy":"product_cat","embeddable":true,"href":"https:\/\/penosil.com\/ro\/wp-json\/wp\/v2\/product_cat?post=8384"},{"taxonomy":"product_tag","embeddable":true,"href":"https:\/\/penosil.com\/ro\/wp-json\/wp\/v2\/product_tag?post=8384"}],"curies":[{"name":"wp","href":"https:\/\/api.w.org\/{rel}","templated":true}]}}