{"id":8395,"date":"2020-05-14T15:09:00","date_gmt":"2020-05-14T15:09:00","guid":{"rendered":"https:\/\/penosil.com\/ro\/?post_type=product&#038;p=8395"},"modified":"2026-01-29T09:52:57","modified_gmt":"2026-01-29T09:52:57","slug":"multipurpose-cleaning-wipes-943-servetele-umede-de-curatare","status":"publish","type":"product","link":"https:\/\/penosil.com\/ro\/produse\/multipurpose-cleaning-wipes-943-servetele-umede-de-curatare\/","title":{"rendered":"Multipurpose Cleaning Wipes 943"},"content":{"rendered":"<p>\u0218ervetele igienice folosite pentru cur\u0103\u021barea petelor ne\u00eent\u0103rite de spum\u0103, silicon \u0219i vopsea.<\/p>\n","protected":false},"excerpt":{"rendered":"\u0218ervetele igienice folosite pentru cur\u0103\u021barea petelor ne\u00eent\u0103rite de spum\u0103, silicon \u0219i vopsea.","protected":false},"author":13,"featured_media":11006,"template":"","meta":{"_acf_changed":false,"advgb_blocks_editor_width":"","advgb_blocks_columns_visual_guide":"","footnotes":""},"product_brand":[],"product_cat":[338,1373,1465,2284],"product_tag":[],"class_list":{"0":"post-8395","1":"product","2":"type-product","3":"status-publish","4":"has-post-thumbnail","6":"product_cat-categorii","7":"product_cat-game-de-produse","8":"product_cat-cleaners-ro-2","9":"product_cat-curatare","11":"first","12":"outofstock","13":"taxable","14":"shipping-taxable","15":"purchasable","16":"product-type-simple"},"acf":[],"yoast_head":"<!-- This site is optimized with the Yoast SEO plugin v27.2 - https:\/\/yoast.com\/product\/yoast-seo-wordpress\/ -->\n<title>Premium Cleaning Wipes \u0219erve\u021bele umede de cur\u0103\u021bare<\/title>\n<meta name=\"description\" content=\"Premium Cleaning Wipes \u0219erve\u021bele de cur\u0103\u021bare pentru uz industrial pentru cur\u0103\u021barea m\u00e2inilor, uneltelor \u0219i alte suprafe\u021be. Afl\u0103 mai multe!\" \/>\n<meta name=\"robots\" content=\"index, follow, max-snippet:-1, max-image-preview:large, max-video-preview:-1\" \/>\n<link rel=\"canonical\" href=\"https:\/\/penosil.com\/ro\/produse\/multipurpose-cleaning-wipes-943-servetele-umede-de-curatare\/\" \/>\n<meta property=\"og:locale\" content=\"ro_RO\" \/>\n<meta property=\"og:type\" content=\"article\" \/>\n<meta property=\"og:title\" content=\"Premium Cleaning Wipes \u0219erve\u021bele umede de cur\u0103\u021bare\" \/>\n<meta property=\"og:description\" content=\"Premium Cleaning Wipes \u0219erve\u021bele de cur\u0103\u021bare pentru uz industrial pentru cur\u0103\u021barea m\u00e2inilor, uneltelor \u0219i alte suprafe\u021be. Afl\u0103 mai multe!\" \/>\n<meta property=\"og:url\" content=\"https:\/\/penosil.com\/ro\/produse\/multipurpose-cleaning-wipes-943-servetele-umede-de-curatare\/\" \/>\n<meta property=\"og:site_name\" content=\"Penosil Romania\" \/>\n<meta property=\"article:modified_time\" content=\"2026-01-29T09:52:57+00:00\" \/>\n<meta property=\"og:image\" content=\"https:\/\/penosil.com\/ro\/wp-content\/uploads\/sites\/8\/2020\/05\/943_Multipurpose_Wipes_943_UK.png\" \/>\n\t<meta property=\"og:image:width\" content=\"523\" \/>\n\t<meta property=\"og:image:height\" content=\"1080\" \/>\n\t<meta property=\"og:image:type\" content=\"image\/png\" \/>\n<meta name=\"twitter:card\" content=\"summary_large_image\" \/>\n<meta name=\"twitter:label1\" content=\"Timp estimat pentru citire\" \/>\n\t<meta name=\"twitter:data1\" content=\"2 minute\" \/>\n<script type=\"application\/ld+json\" class=\"yoast-schema-graph\">{\"@context\":\"https:\/\/schema.org\",\"@graph\":[{\"@type\":\"WebPage\",\"@id\":\"https:\/\/penosil.com\/ro\/produse\/multipurpose-cleaning-wipes-943-servetele-umede-de-curatare\/\",\"url\":\"https:\/\/penosil.com\/ro\/produse\/multipurpose-cleaning-wipes-943-servetele-umede-de-curatare\/\",\"name\":\"Premium Cleaning Wipes \u0219erve\u021bele umede de cur\u0103\u021bare\",\"isPartOf\":{\"@id\":\"https:\/\/penosil.com\/ro\/#website\"},\"primaryImageOfPage\":{\"@id\":\"https:\/\/penosil.com\/ro\/produse\/multipurpose-cleaning-wipes-943-servetele-umede-de-curatare\/#primaryimage\"},\"image\":{\"@id\":\"https:\/\/penosil.com\/ro\/produse\/multipurpose-cleaning-wipes-943-servetele-umede-de-curatare\/#primaryimage\"},\"thumbnailUrl\":\"https:\/\/penosil.com\/ro\/wp-content\/uploads\/sites\/8\/2020\/05\/943_Multipurpose_Wipes_943_UK.png\",\"datePublished\":\"2020-05-14T15:09:00+00:00\",\"dateModified\":\"2026-01-29T09:52:57+00:00\",\"description\":\"Premium Cleaning Wipes \u0219erve\u021bele de cur\u0103\u021bare pentru uz industrial pentru cur\u0103\u021barea m\u00e2inilor, uneltelor \u0219i alte suprafe\u021be. Afl\u0103 mai multe!\",\"breadcrumb\":{\"@id\":\"https:\/\/penosil.com\/ro\/produse\/multipurpose-cleaning-wipes-943-servetele-umede-de-curatare\/#breadcrumb\"},\"inLanguage\":\"ro-RO\",\"potentialAction\":[{\"@type\":\"ReadAction\",\"target\":[\"https:\/\/penosil.com\/ro\/produse\/multipurpose-cleaning-wipes-943-servetele-umede-de-curatare\/\"]}]},{\"@type\":\"ImageObject\",\"inLanguage\":\"ro-RO\",\"@id\":\"https:\/\/penosil.com\/ro\/produse\/multipurpose-cleaning-wipes-943-servetele-umede-de-curatare\/#primaryimage\",\"url\":\"https:\/\/penosil.com\/ro\/wp-content\/uploads\/sites\/8\/2020\/05\/943_Multipurpose_Wipes_943_UK.png\",\"contentUrl\":\"https:\/\/penosil.com\/ro\/wp-content\/uploads\/sites\/8\/2020\/05\/943_Multipurpose_Wipes_943_UK.png\",\"width\":523,\"height\":1080,\"caption\":\"\u0218ervetele igienice, cur\u0103\u021barea petelor ne\u00eent\u0103rite de spum\u0103, silicon \u0219i vopsea.\"},{\"@type\":\"BreadcrumbList\",\"@id\":\"https:\/\/penosil.com\/ro\/produse\/multipurpose-cleaning-wipes-943-servetele-umede-de-curatare\/#breadcrumb\",\"itemListElement\":[{\"@type\":\"ListItem\",\"position\":1,\"name\":\"Prima pagin\u0103\",\"item\":\"https:\/\/penosil.com\/ro\/\"},{\"@type\":\"ListItem\",\"position\":2,\"name\":\"Produse\",\"item\":\"https:\/\/penosil.com\/ro\/etansanti\/\"},{\"@type\":\"ListItem\",\"position\":3,\"name\":\"Multipurpose Cleaning Wipes 943\"}]},{\"@type\":\"WebSite\",\"@id\":\"https:\/\/penosil.com\/ro\/#website\",\"url\":\"https:\/\/penosil.com\/ro\/\",\"name\":\"Penosil Romania\",\"description\":\"\",\"potentialAction\":[{\"@type\":\"SearchAction\",\"target\":{\"@type\":\"EntryPoint\",\"urlTemplate\":\"https:\/\/penosil.com\/ro\/?s={search_term_string}\"},\"query-input\":{\"@type\":\"PropertyValueSpecification\",\"valueRequired\":true,\"valueName\":\"search_term_string\"}}],\"inLanguage\":\"ro-RO\"}]}<\/script>\n<!-- \/ Yoast SEO plugin. -->","yoast_head_json":{"title":"Premium Cleaning Wipes \u0219erve\u021bele umede de cur\u0103\u021bare","description":"Premium Cleaning Wipes \u0219erve\u021bele de cur\u0103\u021bare pentru uz industrial pentru cur\u0103\u021barea m\u00e2inilor, uneltelor \u0219i alte suprafe\u021be. Afl\u0103 mai multe!","robots":{"index":"index","follow":"follow","max-snippet":"max-snippet:-1","max-image-preview":"max-image-preview:large","max-video-preview":"max-video-preview:-1"},"canonical":"https:\/\/penosil.com\/ro\/produse\/multipurpose-cleaning-wipes-943-servetele-umede-de-curatare\/","og_locale":"ro_RO","og_type":"article","og_title":"Premium Cleaning Wipes \u0219erve\u021bele umede de cur\u0103\u021bare","og_description":"Premium Cleaning Wipes \u0219erve\u021bele de cur\u0103\u021bare pentru uz industrial pentru cur\u0103\u021barea m\u00e2inilor, uneltelor \u0219i alte suprafe\u021be. Afl\u0103 mai multe!","og_url":"https:\/\/penosil.com\/ro\/produse\/multipurpose-cleaning-wipes-943-servetele-umede-de-curatare\/","og_site_name":"Penosil Romania","article_modified_time":"2026-01-29T09:52:57+00:00","og_image":[{"width":523,"height":1080,"url":"https:\/\/penosil.com\/ro\/wp-content\/uploads\/sites\/8\/2020\/05\/943_Multipurpose_Wipes_943_UK.png","type":"image\/png"}],"twitter_card":"summary_large_image","twitter_misc":{"Timp estimat pentru citire":"2 minute"},"schema":{"@context":"https:\/\/schema.org","@graph":[{"@type":"WebPage","@id":"https:\/\/penosil.com\/ro\/produse\/multipurpose-cleaning-wipes-943-servetele-umede-de-curatare\/","url":"https:\/\/penosil.com\/ro\/produse\/multipurpose-cleaning-wipes-943-servetele-umede-de-curatare\/","name":"Premium Cleaning Wipes \u0219erve\u021bele umede de cur\u0103\u021bare","isPartOf":{"@id":"https:\/\/penosil.com\/ro\/#website"},"primaryImageOfPage":{"@id":"https:\/\/penosil.com\/ro\/produse\/multipurpose-cleaning-wipes-943-servetele-umede-de-curatare\/#primaryimage"},"image":{"@id":"https:\/\/penosil.com\/ro\/produse\/multipurpose-cleaning-wipes-943-servetele-umede-de-curatare\/#primaryimage"},"thumbnailUrl":"https:\/\/penosil.com\/ro\/wp-content\/uploads\/sites\/8\/2020\/05\/943_Multipurpose_Wipes_943_UK.png","datePublished":"2020-05-14T15:09:00+00:00","dateModified":"2026-01-29T09:52:57+00:00","description":"Premium Cleaning Wipes \u0219erve\u021bele de cur\u0103\u021bare pentru uz industrial pentru cur\u0103\u021barea m\u00e2inilor, uneltelor \u0219i alte suprafe\u021be. Afl\u0103 mai multe!","breadcrumb":{"@id":"https:\/\/penosil.com\/ro\/produse\/multipurpose-cleaning-wipes-943-servetele-umede-de-curatare\/#breadcrumb"},"inLanguage":"ro-RO","potentialAction":[{"@type":"ReadAction","target":["https:\/\/penosil.com\/ro\/produse\/multipurpose-cleaning-wipes-943-servetele-umede-de-curatare\/"]}]},{"@type":"ImageObject","inLanguage":"ro-RO","@id":"https:\/\/penosil.com\/ro\/produse\/multipurpose-cleaning-wipes-943-servetele-umede-de-curatare\/#primaryimage","url":"https:\/\/penosil.com\/ro\/wp-content\/uploads\/sites\/8\/2020\/05\/943_Multipurpose_Wipes_943_UK.png","contentUrl":"https:\/\/penosil.com\/ro\/wp-content\/uploads\/sites\/8\/2020\/05\/943_Multipurpose_Wipes_943_UK.png","width":523,"height":1080,"caption":"\u0218ervetele igienice, cur\u0103\u021barea petelor ne\u00eent\u0103rite de spum\u0103, silicon \u0219i vopsea."},{"@type":"BreadcrumbList","@id":"https:\/\/penosil.com\/ro\/produse\/multipurpose-cleaning-wipes-943-servetele-umede-de-curatare\/#breadcrumb","itemListElement":[{"@type":"ListItem","position":1,"name":"Prima pagin\u0103","item":"https:\/\/penosil.com\/ro\/"},{"@type":"ListItem","position":2,"name":"Produse","item":"https:\/\/penosil.com\/ro\/etansanti\/"},{"@type":"ListItem","position":3,"name":"Multipurpose Cleaning Wipes 943"}]},{"@type":"WebSite","@id":"https:\/\/penosil.com\/ro\/#website","url":"https:\/\/penosil.com\/ro\/","name":"Penosil Romania","description":"","potentialAction":[{"@type":"SearchAction","target":{"@type":"EntryPoint","urlTemplate":"https:\/\/penosil.com\/ro\/?s={search_term_string}"},"query-input":{"@type":"PropertyValueSpecification","valueRequired":true,"valueName":"search_term_string"}}],"inLanguage":"ro-RO"}]}},"featured_img":"https:\/\/penosil.com\/ro\/wp-content\/uploads\/sites\/8\/2020\/05\/943_Multipurpose_Wipes_943_UK.png","coauthors":[],"author_meta":{"author_link":"https:\/\/penosil.com\/ro\/author\/mara\/","display_name":"Mara"},"relative_dates":{"created":"Posted 6 ani ago","modified":"Updated 3 luni ago"},"absolute_dates":{"created":"Posted on 14 mai 2020","modified":"Updated on 29 ianuarie 2026"},"absolute_dates_time":{"created":"Posted on 14 mai 2020 15:09","modified":"Updated on 29 ianuarie 2026 9:52"},"featured_img_caption":"","tax_additional":{"product_brand":{"linked":[],"unlinked":[],"slug":"product_brand","name":"Branduri"},"product_type":{"linked":["<a href=\"https:\/\/penosil.com\/ro\/?taxonomy=product_type&#038;term=simple\" class=\"advgb-post-tax-term\">simple<\/a>"],"unlinked":["<span class=\"advgb-post-tax-term\">simple<\/span>"],"slug":"product_type","name":"Tip de produs"},"product_visibility":{"linked":["<a href=\"https:\/\/penosil.com\/ro\/en\/?taxonomy=product_visibility&#038;term=outofstock\" class=\"advgb-post-tax-term\">outofstock<\/a>"],"unlinked":["<span class=\"advgb-post-tax-term\">outofstock<\/span>"],"slug":"product_visibility","name":"Vizibilitate produs"},"product_cat":{"linked":["<a href=\"https:\/\/penosil.com\/ro\/categorie-produs\/categorii\/\" class=\"advgb-post-tax-term\">Categorii<\/a>","<a href=\"https:\/\/penosil.com\/ro\/categorie-produs\/game-de-produse\/\" class=\"advgb-post-tax-term\">Game de produse<\/a>","<a href=\"https:\/\/penosil.com\/ro\/categorie-produs\/game-de-produse\/cleaners-ro-2\/\" class=\"advgb-post-tax-term\">Agen\u021bi de cur\u0103\u021bare<\/a>","<a href=\"https:\/\/penosil.com\/ro\/categorie-produs\/categorii\/curatare\/\" class=\"advgb-post-tax-term\">Cur\u0103\u021bare<\/a>"],"unlinked":["<span class=\"advgb-post-tax-term\">Categorii<\/span>","<span class=\"advgb-post-tax-term\">Game de produse<\/span>","<span class=\"advgb-post-tax-term\">Agen\u021bi de cur\u0103\u021bare<\/span>","<span class=\"advgb-post-tax-term\">Cur\u0103\u021bare<\/span>"],"slug":"product_cat","name":"Categorii de produse"},"product_tag":{"linked":[],"unlinked":[],"slug":"product_tag","name":"Etichete produs"},"product_shipping_class":{"linked":[],"unlinked":[],"slug":"product_shipping_class","name":"Clase de livrare produse"},"pos_product_visibility":{"linked":[],"unlinked":[],"slug":"pos_product_visibility","name":"Vizibilitate produse \u00een POS"},"pa_ambalaj":{"linked":[],"unlinked":[],"slug":"pa_ambalaj","name":"Product AMBALAJ"},"pa_culoare":{"linked":[],"unlinked":[],"slug":"pa_culoare","name":"Product CULOARE"},"pa_ean":{"linked":[],"unlinked":[],"slug":"pa_ean","name":"Product EAN"},"pa_latime-banda":{"linked":[],"unlinked":[],"slug":"pa_latime-banda","name":"Product L\u0102\u021aIME BAND\u0102"},"pa_latime-rost":{"linked":[],"unlinked":[],"slug":"pa_latime-rost","name":"Product L\u0102\u021aIME ROST"},"translation_priority":{"linked":["<a href=\"https:\/\/penosil.com\/ro\/?taxonomy=translation_priority&#038;term=optional-ro\" class=\"advgb-post-tax-term\">Optional<\/a>"],"unlinked":["<span class=\"advgb-post-tax-term\">Optional<\/span>"],"slug":"translation_priority","name":"Translation Priorities"}},"series_order":"","_links":{"self":[{"href":"https:\/\/penosil.com\/ro\/wp-json\/wp\/v2\/product\/8395","targetHints":{"allow":["GET"]}}],"collection":[{"href":"https:\/\/penosil.com\/ro\/wp-json\/wp\/v2\/product"}],"about":[{"href":"https:\/\/penosil.com\/ro\/wp-json\/wp\/v2\/types\/product"}],"version-history":[{"count":3,"href":"https:\/\/penosil.com\/ro\/wp-json\/wp\/v2\/product\/8395\/revisions"}],"predecessor-version":[{"id":11978,"href":"https:\/\/penosil.com\/ro\/wp-json\/wp\/v2\/product\/8395\/revisions\/11978"}],"wp:featuredmedia":[{"embeddable":true,"href":"https:\/\/penosil.com\/ro\/wp-json\/wp\/v2\/media\/11006"}],"wp:attachment":[{"href":"https:\/\/penosil.com\/ro\/wp-json\/wp\/v2\/media?parent=8395"}],"wp:term":[{"taxonomy":"product_brand","embeddable":true,"href":"https:\/\/penosil.com\/ro\/wp-json\/wp\/v2\/product_brand?post=8395"},{"taxonomy":"product_cat","embeddable":true,"href":"https:\/\/penosil.com\/ro\/wp-json\/wp\/v2\/product_cat?post=8395"},{"taxonomy":"product_tag","embeddable":true,"href":"https:\/\/penosil.com\/ro\/wp-json\/wp\/v2\/product_tag?post=8395"}],"curies":[{"name":"wp","href":"https:\/\/api.w.org\/{rel}","templated":true}]}}