{"id":9206,"date":"2020-07-13T14:49:10","date_gmt":"2020-07-13T14:49:10","guid":{"rendered":"https:\/\/penosil.com\/ro\/?post_type=product&#038;p=9206"},"modified":"2026-04-14T23:00:23","modified_gmt":"2026-04-14T23:00:23","slug":"foamgun-c1-pistol-pentru-aplicare-spuma-poliuretanica","status":"publish","type":"product","link":"https:\/\/penosil.com\/ro\/produse\/foamgun-c1-pistol-pentru-aplicare-spuma-poliuretanica\/","title":{"rendered":"FoamGun C1"},"content":{"rendered":"<p>Pentru aplicare spum\u0103 poliuretanic\u0103 pe durata lucr\u0103rilor de montaj \u0219i asamblare, montare \u0219i etan\u0219are a ferestrelor \u0219i u\u0219ilor \u0219i \u00een multe alte situa\u021bii.<\/p>\n","protected":false},"excerpt":{"rendered":"Pentru aplicare spum\u0103 poliuretanic\u0103 pe durata lucr\u0103rilor de montaj \u0219i asamblare, montare \u0219i etan\u0219are a ferestrelor \u0219i u\u0219ilor \u0219i \u00een multe alte situa\u021bii.","protected":false},"author":13,"featured_media":9207,"template":"","meta":{"_acf_changed":false,"advgb_blocks_editor_width":"","advgb_blocks_columns_visual_guide":"","footnotes":""},"product_brand":[],"product_cat":[338,837,1373,2272,2278,1824],"product_tag":[],"class_list":{"0":"post-9206","1":"product","2":"type-product","3":"status-publish","4":"has-post-thumbnail","6":"product_cat-categorii","7":"product_cat-constructii-generale","8":"product_cat-game-de-produse","9":"product_cat-easypro","10":"product_cat-unelte-easypro","11":"product_cat-unelte-si-accesorii","13":"first","14":"instock","15":"taxable","16":"shipping-taxable","17":"purchasable","18":"product-type-simple"},"acf":[],"yoast_head":"<!-- This site is optimized with the Yoast SEO plugin v27.2 - https:\/\/yoast.com\/product\/yoast-seo-wordpress\/ -->\n<title>FoamGun C1 pistol pentru aplicare spum\u0103 poliuretanic\u0103<\/title>\n<meta name=\"description\" content=\"PENOSIL FoamGun C1 este un pistol profesional pentru aplicare spum\u0103 poliuretanic\u0103, cu dozare precis\u0103 a volumului de material. Afl\u0103 mai multe!\" \/>\n<meta name=\"robots\" content=\"index, follow, max-snippet:-1, max-image-preview:large, max-video-preview:-1\" \/>\n<link rel=\"canonical\" href=\"https:\/\/penosil.com\/ro\/produse\/foamgun-c1-pistol-pentru-aplicare-spuma-poliuretanica\/\" \/>\n<meta property=\"og:locale\" content=\"ro_RO\" \/>\n<meta property=\"og:type\" content=\"article\" \/>\n<meta property=\"og:title\" content=\"FoamGun C1 pistol pentru aplicare spum\u0103 poliuretanic\u0103\" \/>\n<meta property=\"og:description\" content=\"PENOSIL FoamGun C1 este un pistol profesional pentru aplicare spum\u0103 poliuretanic\u0103, cu dozare precis\u0103 a volumului de material. Afl\u0103 mai multe!\" \/>\n<meta property=\"og:url\" content=\"https:\/\/penosil.com\/ro\/produse\/foamgun-c1-pistol-pentru-aplicare-spuma-poliuretanica\/\" \/>\n<meta property=\"og:site_name\" content=\"Penosil Romania\" \/>\n<meta property=\"article:modified_time\" content=\"2026-04-14T23:00:23+00:00\" \/>\n<meta property=\"og:image\" content=\"https:\/\/penosil.com\/ro\/wp-content\/uploads\/sites\/8\/2020\/07\/EP0072-ex.-EP0064-scaled.jpg\" \/>\n\t<meta property=\"og:image:width\" content=\"2560\" \/>\n\t<meta property=\"og:image:height\" content=\"1455\" \/>\n\t<meta property=\"og:image:type\" content=\"image\/jpeg\" \/>\n<meta name=\"twitter:card\" content=\"summary_large_image\" \/>\n<meta name=\"twitter:label1\" content=\"Timp estimat pentru citire\" \/>\n\t<meta name=\"twitter:data1\" content=\"3 minute\" \/>\n<script type=\"application\/ld+json\" class=\"yoast-schema-graph\">{\"@context\":\"https:\/\/schema.org\",\"@graph\":[{\"@type\":\"WebPage\",\"@id\":\"https:\/\/penosil.com\/ro\/produse\/foamgun-c1-pistol-pentru-aplicare-spuma-poliuretanica\/\",\"url\":\"https:\/\/penosil.com\/ro\/produse\/foamgun-c1-pistol-pentru-aplicare-spuma-poliuretanica\/\",\"name\":\"FoamGun C1 pistol pentru aplicare spum\u0103 poliuretanic\u0103\",\"isPartOf\":{\"@id\":\"https:\/\/penosil.com\/ro\/#website\"},\"primaryImageOfPage\":{\"@id\":\"https:\/\/penosil.com\/ro\/produse\/foamgun-c1-pistol-pentru-aplicare-spuma-poliuretanica\/#primaryimage\"},\"image\":{\"@id\":\"https:\/\/penosil.com\/ro\/produse\/foamgun-c1-pistol-pentru-aplicare-spuma-poliuretanica\/#primaryimage\"},\"thumbnailUrl\":\"https:\/\/penosil.com\/ro\/wp-content\/uploads\/sites\/8\/2020\/07\/EP0072-ex.-EP0064-scaled.jpg\",\"datePublished\":\"2020-07-13T14:49:10+00:00\",\"dateModified\":\"2026-04-14T23:00:23+00:00\",\"description\":\"PENOSIL FoamGun C1 este un pistol profesional pentru aplicare spum\u0103 poliuretanic\u0103, cu dozare precis\u0103 a volumului de material. Afl\u0103 mai multe!\",\"breadcrumb\":{\"@id\":\"https:\/\/penosil.com\/ro\/produse\/foamgun-c1-pistol-pentru-aplicare-spuma-poliuretanica\/#breadcrumb\"},\"inLanguage\":\"ro-RO\",\"potentialAction\":[{\"@type\":\"ReadAction\",\"target\":[\"https:\/\/penosil.com\/ro\/produse\/foamgun-c1-pistol-pentru-aplicare-spuma-poliuretanica\/\"]}]},{\"@type\":\"ImageObject\",\"inLanguage\":\"ro-RO\",\"@id\":\"https:\/\/penosil.com\/ro\/produse\/foamgun-c1-pistol-pentru-aplicare-spuma-poliuretanica\/#primaryimage\",\"url\":\"https:\/\/penosil.com\/ro\/wp-content\/uploads\/sites\/8\/2020\/07\/EP0072-ex.-EP0064-scaled.jpg\",\"contentUrl\":\"https:\/\/penosil.com\/ro\/wp-content\/uploads\/sites\/8\/2020\/07\/EP0072-ex.-EP0064-scaled.jpg\",\"width\":2560,\"height\":1455,\"caption\":\"FoamGun C1 Pistol aplicare spum\u0103 poliuretanic\u0103\"},{\"@type\":\"BreadcrumbList\",\"@id\":\"https:\/\/penosil.com\/ro\/produse\/foamgun-c1-pistol-pentru-aplicare-spuma-poliuretanica\/#breadcrumb\",\"itemListElement\":[{\"@type\":\"ListItem\",\"position\":1,\"name\":\"Prima pagin\u0103\",\"item\":\"https:\/\/penosil.com\/ro\/\"},{\"@type\":\"ListItem\",\"position\":2,\"name\":\"Produse\",\"item\":\"https:\/\/penosil.com\/ro\/etansanti\/\"},{\"@type\":\"ListItem\",\"position\":3,\"name\":\"FoamGun C1\"}]},{\"@type\":\"WebSite\",\"@id\":\"https:\/\/penosil.com\/ro\/#website\",\"url\":\"https:\/\/penosil.com\/ro\/\",\"name\":\"Penosil Romania\",\"description\":\"\",\"potentialAction\":[{\"@type\":\"SearchAction\",\"target\":{\"@type\":\"EntryPoint\",\"urlTemplate\":\"https:\/\/penosil.com\/ro\/?s={search_term_string}\"},\"query-input\":{\"@type\":\"PropertyValueSpecification\",\"valueRequired\":true,\"valueName\":\"search_term_string\"}}],\"inLanguage\":\"ro-RO\"}]}<\/script>\n<!-- \/ Yoast SEO plugin. -->","yoast_head_json":{"title":"FoamGun C1 pistol pentru aplicare spum\u0103 poliuretanic\u0103","description":"PENOSIL FoamGun C1 este un pistol profesional pentru aplicare spum\u0103 poliuretanic\u0103, cu dozare precis\u0103 a volumului de material. Afl\u0103 mai multe!","robots":{"index":"index","follow":"follow","max-snippet":"max-snippet:-1","max-image-preview":"max-image-preview:large","max-video-preview":"max-video-preview:-1"},"canonical":"https:\/\/penosil.com\/ro\/produse\/foamgun-c1-pistol-pentru-aplicare-spuma-poliuretanica\/","og_locale":"ro_RO","og_type":"article","og_title":"FoamGun C1 pistol pentru aplicare spum\u0103 poliuretanic\u0103","og_description":"PENOSIL FoamGun C1 este un pistol profesional pentru aplicare spum\u0103 poliuretanic\u0103, cu dozare precis\u0103 a volumului de material. Afl\u0103 mai multe!","og_url":"https:\/\/penosil.com\/ro\/produse\/foamgun-c1-pistol-pentru-aplicare-spuma-poliuretanica\/","og_site_name":"Penosil Romania","article_modified_time":"2026-04-14T23:00:23+00:00","og_image":[{"width":2560,"height":1455,"url":"https:\/\/penosil.com\/ro\/wp-content\/uploads\/sites\/8\/2020\/07\/EP0072-ex.-EP0064-scaled.jpg","type":"image\/jpeg"}],"twitter_card":"summary_large_image","twitter_misc":{"Timp estimat pentru citire":"3 minute"},"schema":{"@context":"https:\/\/schema.org","@graph":[{"@type":"WebPage","@id":"https:\/\/penosil.com\/ro\/produse\/foamgun-c1-pistol-pentru-aplicare-spuma-poliuretanica\/","url":"https:\/\/penosil.com\/ro\/produse\/foamgun-c1-pistol-pentru-aplicare-spuma-poliuretanica\/","name":"FoamGun C1 pistol pentru aplicare spum\u0103 poliuretanic\u0103","isPartOf":{"@id":"https:\/\/penosil.com\/ro\/#website"},"primaryImageOfPage":{"@id":"https:\/\/penosil.com\/ro\/produse\/foamgun-c1-pistol-pentru-aplicare-spuma-poliuretanica\/#primaryimage"},"image":{"@id":"https:\/\/penosil.com\/ro\/produse\/foamgun-c1-pistol-pentru-aplicare-spuma-poliuretanica\/#primaryimage"},"thumbnailUrl":"https:\/\/penosil.com\/ro\/wp-content\/uploads\/sites\/8\/2020\/07\/EP0072-ex.-EP0064-scaled.jpg","datePublished":"2020-07-13T14:49:10+00:00","dateModified":"2026-04-14T23:00:23+00:00","description":"PENOSIL FoamGun C1 este un pistol profesional pentru aplicare spum\u0103 poliuretanic\u0103, cu dozare precis\u0103 a volumului de material. Afl\u0103 mai multe!","breadcrumb":{"@id":"https:\/\/penosil.com\/ro\/produse\/foamgun-c1-pistol-pentru-aplicare-spuma-poliuretanica\/#breadcrumb"},"inLanguage":"ro-RO","potentialAction":[{"@type":"ReadAction","target":["https:\/\/penosil.com\/ro\/produse\/foamgun-c1-pistol-pentru-aplicare-spuma-poliuretanica\/"]}]},{"@type":"ImageObject","inLanguage":"ro-RO","@id":"https:\/\/penosil.com\/ro\/produse\/foamgun-c1-pistol-pentru-aplicare-spuma-poliuretanica\/#primaryimage","url":"https:\/\/penosil.com\/ro\/wp-content\/uploads\/sites\/8\/2020\/07\/EP0072-ex.-EP0064-scaled.jpg","contentUrl":"https:\/\/penosil.com\/ro\/wp-content\/uploads\/sites\/8\/2020\/07\/EP0072-ex.-EP0064-scaled.jpg","width":2560,"height":1455,"caption":"FoamGun C1 Pistol aplicare spum\u0103 poliuretanic\u0103"},{"@type":"BreadcrumbList","@id":"https:\/\/penosil.com\/ro\/produse\/foamgun-c1-pistol-pentru-aplicare-spuma-poliuretanica\/#breadcrumb","itemListElement":[{"@type":"ListItem","position":1,"name":"Prima pagin\u0103","item":"https:\/\/penosil.com\/ro\/"},{"@type":"ListItem","position":2,"name":"Produse","item":"https:\/\/penosil.com\/ro\/etansanti\/"},{"@type":"ListItem","position":3,"name":"FoamGun C1"}]},{"@type":"WebSite","@id":"https:\/\/penosil.com\/ro\/#website","url":"https:\/\/penosil.com\/ro\/","name":"Penosil Romania","description":"","potentialAction":[{"@type":"SearchAction","target":{"@type":"EntryPoint","urlTemplate":"https:\/\/penosil.com\/ro\/?s={search_term_string}"},"query-input":{"@type":"PropertyValueSpecification","valueRequired":true,"valueName":"search_term_string"}}],"inLanguage":"ro-RO"}]}},"featured_img":"https:\/\/penosil.com\/ro\/wp-content\/uploads\/sites\/8\/2020\/07\/EP0072-ex.-EP0064-scaled.jpg","coauthors":[],"author_meta":{"author_link":"https:\/\/penosil.com\/ro\/author\/mara\/","display_name":"Mara"},"relative_dates":{"created":"Posted 6 ani ago","modified":"Updated 6 ore ago"},"absolute_dates":{"created":"Posted on 13 iulie 2020","modified":"Updated on 14 aprilie 2026"},"absolute_dates_time":{"created":"Posted on 13 iulie 2020 14:49","modified":"Updated on 14 aprilie 2026 23:00"},"featured_img_caption":"","tax_additional":{"product_brand":{"linked":[],"unlinked":[],"slug":"product_brand","name":"Branduri"},"product_type":{"linked":["<a href=\"https:\/\/penosil.com\/ro\/?taxonomy=product_type&#038;term=simple\" class=\"advgb-post-tax-term\">simple<\/a>"],"unlinked":["<span class=\"advgb-post-tax-term\">simple<\/span>"],"slug":"product_type","name":"Tip de produs"},"product_visibility":{"linked":[],"unlinked":[],"slug":"product_visibility","name":"Vizibilitate produs"},"product_cat":{"linked":["<a href=\"https:\/\/penosil.com\/ro\/categorie-produs\/categorii\/\" class=\"advgb-post-tax-term\">Categorii<\/a>","<a href=\"https:\/\/penosil.com\/ro\/categorie-produs\/categorii\/constructii-generale\/\" class=\"advgb-post-tax-term\">Construc\u021bii generale<\/a>","<a href=\"https:\/\/penosil.com\/ro\/categorie-produs\/game-de-produse\/\" class=\"advgb-post-tax-term\">Game de produse<\/a>","<a href=\"https:\/\/penosil.com\/ro\/categorie-produs\/easypro\/\" class=\"advgb-post-tax-term\">EasyPRO<\/a>","<a href=\"https:\/\/penosil.com\/ro\/categorie-produs\/easypro\/unelte-easypro\/\" class=\"advgb-post-tax-term\">Unelte<\/a>","<a href=\"https:\/\/penosil.com\/ro\/categorie-produs\/game-de-produse\/unelte-si-accesorii\/\" class=\"advgb-post-tax-term\">Unelte \u0219i accesorii<\/a>"],"unlinked":["<span class=\"advgb-post-tax-term\">Categorii<\/span>","<span class=\"advgb-post-tax-term\">Construc\u021bii generale<\/span>","<span class=\"advgb-post-tax-term\">Game de produse<\/span>","<span class=\"advgb-post-tax-term\">EasyPRO<\/span>","<span class=\"advgb-post-tax-term\">Unelte<\/span>","<span class=\"advgb-post-tax-term\">Unelte \u0219i accesorii<\/span>"],"slug":"product_cat","name":"Categorii de produse"},"product_tag":{"linked":[],"unlinked":[],"slug":"product_tag","name":"Etichete produs"},"product_shipping_class":{"linked":[],"unlinked":[],"slug":"product_shipping_class","name":"Clase de livrare produse"},"pos_product_visibility":{"linked":[],"unlinked":[],"slug":"pos_product_visibility","name":"Vizibilitate produse \u00een POS"},"pa_ambalaj":{"linked":[],"unlinked":[],"slug":"pa_ambalaj","name":"Product AMBALAJ"},"pa_culoare":{"linked":[],"unlinked":[],"slug":"pa_culoare","name":"Product CULOARE"},"pa_ean":{"linked":[],"unlinked":[],"slug":"pa_ean","name":"Product EAN"},"pa_latime-banda":{"linked":[],"unlinked":[],"slug":"pa_latime-banda","name":"Product L\u0102\u021aIME BAND\u0102"},"pa_latime-rost":{"linked":[],"unlinked":[],"slug":"pa_latime-rost","name":"Product L\u0102\u021aIME ROST"},"translation_priority":{"linked":["<a href=\"https:\/\/penosil.com\/ro\/?taxonomy=translation_priority&#038;term=optional-ro\" class=\"advgb-post-tax-term\">Optional<\/a>"],"unlinked":["<span class=\"advgb-post-tax-term\">Optional<\/span>"],"slug":"translation_priority","name":"Translation Priorities"}},"series_order":"","_links":{"self":[{"href":"https:\/\/penosil.com\/ro\/wp-json\/wp\/v2\/product\/9206","targetHints":{"allow":["GET"]}}],"collection":[{"href":"https:\/\/penosil.com\/ro\/wp-json\/wp\/v2\/product"}],"about":[{"href":"https:\/\/penosil.com\/ro\/wp-json\/wp\/v2\/types\/product"}],"version-history":[{"count":2,"href":"https:\/\/penosil.com\/ro\/wp-json\/wp\/v2\/product\/9206\/revisions"}],"predecessor-version":[{"id":11513,"href":"https:\/\/penosil.com\/ro\/wp-json\/wp\/v2\/product\/9206\/revisions\/11513"}],"wp:featuredmedia":[{"embeddable":true,"href":"https:\/\/penosil.com\/ro\/wp-json\/wp\/v2\/media\/9207"}],"wp:attachment":[{"href":"https:\/\/penosil.com\/ro\/wp-json\/wp\/v2\/media?parent=9206"}],"wp:term":[{"taxonomy":"product_brand","embeddable":true,"href":"https:\/\/penosil.com\/ro\/wp-json\/wp\/v2\/product_brand?post=9206"},{"taxonomy":"product_cat","embeddable":true,"href":"https:\/\/penosil.com\/ro\/wp-json\/wp\/v2\/product_cat?post=9206"},{"taxonomy":"product_tag","embeddable":true,"href":"https:\/\/penosil.com\/ro\/wp-json\/wp\/v2\/product_tag?post=9206"}],"curies":[{"name":"wp","href":"https:\/\/api.w.org\/{rel}","templated":true}]}}