{"id":9220,"date":"2020-07-13T17:06:56","date_gmt":"2020-07-13T17:06:56","guid":{"rendered":"https:\/\/penosil.com\/ro\/?post_type=product&#038;p=9220"},"modified":"2025-07-14T10:30:58","modified_gmt":"2025-07-14T10:30:58","slug":"pneumatic-foil-pack-gun-pistol-pneumatic-pentru-aplicare-silicon","status":"publish","type":"product","link":"https:\/\/penosil.com\/ro\/produse\/pneumatic-foil-pack-gun-pistol-pneumatic-pentru-aplicare-silicon\/","title":{"rendered":"Pneumatic Foil Pack Gun"},"content":{"rendered":"<p>Pistol pneumatic de categorie profesional\u0103 pentru aplicarea \u0219i extrudarea materialelor de etan\u0219are \u0219i adezivilor de sudare, cum ar fi siliconii, poliuretanii, substan\u021bele acrilice, polimerii, etc, ambalate \u00een pachete plastice standard de 300 &#8211; 400 &#8211; 600ml.<\/p>\n","protected":false},"excerpt":{"rendered":"Pistol pneumatic de categorie profesional\u0103 pentru aplicarea \u0219i extrudarea materialelor de etan\u0219are \u0219i adezivilor de sudare, cum ar fi siliconii, poliuretanii, substan\u021bele acrilice, polimerii, etc, ambalate \u00een pachete plastice standard de 300 &#8211; 400 &#8211; 600ml.","protected":false},"author":13,"featured_media":9221,"template":"","meta":{"_acf_changed":false,"advgb_blocks_editor_width":"","advgb_blocks_columns_visual_guide":"","footnotes":""},"product_brand":[],"product_cat":[338,837,1373,1824],"product_tag":[],"class_list":{"0":"post-9220","1":"product","2":"type-product","3":"status-publish","4":"has-post-thumbnail","6":"product_cat-categorii","7":"product_cat-constructii-generale","8":"product_cat-game-de-produse","9":"product_cat-unelte-si-accesorii","11":"first","12":"outofstock","13":"taxable","14":"shipping-taxable","15":"purchasable","16":"product-type-simple"},"acf":[],"yoast_head":"<!-- This site is optimized with the Yoast SEO plugin v27.2 - https:\/\/yoast.com\/product\/yoast-seo-wordpress\/ -->\n<title>Pneumatic Foil Pack Gun pistol pneumatic pentru aplicare silicon<\/title>\n<meta name=\"description\" content=\"PENOSIL Pneumatic Foil Pack Gun aplicator pneumatic profesionist pentru ambalaje aluminiu, 600ml. Puterea de p\u00e2n\u0103 la 8 bari. Afl\u0103 mai multe!\" \/>\n<meta name=\"robots\" content=\"index, follow, max-snippet:-1, max-image-preview:large, max-video-preview:-1\" \/>\n<link rel=\"canonical\" href=\"https:\/\/penosil.com\/ro\/produse\/pneumatic-foil-pack-gun-pistol-pneumatic-pentru-aplicare-silicon\/\" \/>\n<meta property=\"og:locale\" content=\"ro_RO\" \/>\n<meta property=\"og:type\" content=\"article\" \/>\n<meta property=\"og:title\" content=\"Pneumatic Foil Pack Gun pistol pneumatic pentru aplicare silicon\" \/>\n<meta property=\"og:description\" content=\"PENOSIL Pneumatic Foil Pack Gun aplicator pneumatic profesionist pentru ambalaje aluminiu, 600ml. Puterea de p\u00e2n\u0103 la 8 bari. Afl\u0103 mai multe!\" \/>\n<meta property=\"og:url\" content=\"https:\/\/penosil.com\/ro\/produse\/pneumatic-foil-pack-gun-pistol-pneumatic-pentru-aplicare-silicon\/\" \/>\n<meta property=\"og:site_name\" content=\"Penosil Romania\" \/>\n<meta property=\"article:modified_time\" content=\"2025-07-14T10:30:58+00:00\" \/>\n<meta property=\"og:image\" content=\"https:\/\/penosil.com\/ro\/wp-content\/uploads\/sites\/8\/2020\/07\/EP0028.jpg\" \/>\n\t<meta property=\"og:image:width\" content=\"1024\" \/>\n\t<meta property=\"og:image:height\" content=\"640\" \/>\n\t<meta property=\"og:image:type\" content=\"image\/jpeg\" \/>\n<meta name=\"twitter:card\" content=\"summary_large_image\" \/>\n<meta name=\"twitter:label1\" content=\"Timp estimat pentru citire\" \/>\n\t<meta name=\"twitter:data1\" content=\"2 minute\" \/>\n<script type=\"application\/ld+json\" class=\"yoast-schema-graph\">{\"@context\":\"https:\/\/schema.org\",\"@graph\":[{\"@type\":\"WebPage\",\"@id\":\"https:\/\/penosil.com\/ro\/produse\/pneumatic-foil-pack-gun-pistol-pneumatic-pentru-aplicare-silicon\/\",\"url\":\"https:\/\/penosil.com\/ro\/produse\/pneumatic-foil-pack-gun-pistol-pneumatic-pentru-aplicare-silicon\/\",\"name\":\"Pneumatic Foil Pack Gun pistol pneumatic pentru aplicare silicon\",\"isPartOf\":{\"@id\":\"https:\/\/penosil.com\/ro\/#website\"},\"primaryImageOfPage\":{\"@id\":\"https:\/\/penosil.com\/ro\/produse\/pneumatic-foil-pack-gun-pistol-pneumatic-pentru-aplicare-silicon\/#primaryimage\"},\"image\":{\"@id\":\"https:\/\/penosil.com\/ro\/produse\/pneumatic-foil-pack-gun-pistol-pneumatic-pentru-aplicare-silicon\/#primaryimage\"},\"thumbnailUrl\":\"https:\/\/penosil.com\/ro\/wp-content\/uploads\/sites\/8\/2020\/07\/EP0028.jpg\",\"datePublished\":\"2020-07-13T17:06:56+00:00\",\"dateModified\":\"2025-07-14T10:30:58+00:00\",\"description\":\"PENOSIL Pneumatic Foil Pack Gun aplicator pneumatic profesionist pentru ambalaje aluminiu, 600ml. Puterea de p\u00e2n\u0103 la 8 bari. Afl\u0103 mai multe!\",\"breadcrumb\":{\"@id\":\"https:\/\/penosil.com\/ro\/produse\/pneumatic-foil-pack-gun-pistol-pneumatic-pentru-aplicare-silicon\/#breadcrumb\"},\"inLanguage\":\"ro-RO\",\"potentialAction\":[{\"@type\":\"ReadAction\",\"target\":[\"https:\/\/penosil.com\/ro\/produse\/pneumatic-foil-pack-gun-pistol-pneumatic-pentru-aplicare-silicon\/\"]}]},{\"@type\":\"ImageObject\",\"inLanguage\":\"ro-RO\",\"@id\":\"https:\/\/penosil.com\/ro\/produse\/pneumatic-foil-pack-gun-pistol-pneumatic-pentru-aplicare-silicon\/#primaryimage\",\"url\":\"https:\/\/penosil.com\/ro\/wp-content\/uploads\/sites\/8\/2020\/07\/EP0028.jpg\",\"contentUrl\":\"https:\/\/penosil.com\/ro\/wp-content\/uploads\/sites\/8\/2020\/07\/EP0028.jpg\",\"width\":1024,\"height\":640,\"caption\":\"Pneumatic Foil Pack Gun pistol pneumatic pentru aplicare silicon\"},{\"@type\":\"BreadcrumbList\",\"@id\":\"https:\/\/penosil.com\/ro\/produse\/pneumatic-foil-pack-gun-pistol-pneumatic-pentru-aplicare-silicon\/#breadcrumb\",\"itemListElement\":[{\"@type\":\"ListItem\",\"position\":1,\"name\":\"Prima pagin\u0103\",\"item\":\"https:\/\/penosil.com\/ro\/\"},{\"@type\":\"ListItem\",\"position\":2,\"name\":\"Produse\",\"item\":\"https:\/\/penosil.com\/ro\/etansanti\/\"},{\"@type\":\"ListItem\",\"position\":3,\"name\":\"Pneumatic Foil Pack Gun\"}]},{\"@type\":\"WebSite\",\"@id\":\"https:\/\/penosil.com\/ro\/#website\",\"url\":\"https:\/\/penosil.com\/ro\/\",\"name\":\"Penosil Romania\",\"description\":\"\",\"potentialAction\":[{\"@type\":\"SearchAction\",\"target\":{\"@type\":\"EntryPoint\",\"urlTemplate\":\"https:\/\/penosil.com\/ro\/?s={search_term_string}\"},\"query-input\":{\"@type\":\"PropertyValueSpecification\",\"valueRequired\":true,\"valueName\":\"search_term_string\"}}],\"inLanguage\":\"ro-RO\"}]}<\/script>\n<!-- \/ Yoast SEO plugin. -->","yoast_head_json":{"title":"Pneumatic Foil Pack Gun pistol pneumatic pentru aplicare silicon","description":"PENOSIL Pneumatic Foil Pack Gun aplicator pneumatic profesionist pentru ambalaje aluminiu, 600ml. Puterea de p\u00e2n\u0103 la 8 bari. Afl\u0103 mai multe!","robots":{"index":"index","follow":"follow","max-snippet":"max-snippet:-1","max-image-preview":"max-image-preview:large","max-video-preview":"max-video-preview:-1"},"canonical":"https:\/\/penosil.com\/ro\/produse\/pneumatic-foil-pack-gun-pistol-pneumatic-pentru-aplicare-silicon\/","og_locale":"ro_RO","og_type":"article","og_title":"Pneumatic Foil Pack Gun pistol pneumatic pentru aplicare silicon","og_description":"PENOSIL Pneumatic Foil Pack Gun aplicator pneumatic profesionist pentru ambalaje aluminiu, 600ml. Puterea de p\u00e2n\u0103 la 8 bari. Afl\u0103 mai multe!","og_url":"https:\/\/penosil.com\/ro\/produse\/pneumatic-foil-pack-gun-pistol-pneumatic-pentru-aplicare-silicon\/","og_site_name":"Penosil Romania","article_modified_time":"2025-07-14T10:30:58+00:00","og_image":[{"width":1024,"height":640,"url":"https:\/\/penosil.com\/ro\/wp-content\/uploads\/sites\/8\/2020\/07\/EP0028.jpg","type":"image\/jpeg"}],"twitter_card":"summary_large_image","twitter_misc":{"Timp estimat pentru citire":"2 minute"},"schema":{"@context":"https:\/\/schema.org","@graph":[{"@type":"WebPage","@id":"https:\/\/penosil.com\/ro\/produse\/pneumatic-foil-pack-gun-pistol-pneumatic-pentru-aplicare-silicon\/","url":"https:\/\/penosil.com\/ro\/produse\/pneumatic-foil-pack-gun-pistol-pneumatic-pentru-aplicare-silicon\/","name":"Pneumatic Foil Pack Gun pistol pneumatic pentru aplicare silicon","isPartOf":{"@id":"https:\/\/penosil.com\/ro\/#website"},"primaryImageOfPage":{"@id":"https:\/\/penosil.com\/ro\/produse\/pneumatic-foil-pack-gun-pistol-pneumatic-pentru-aplicare-silicon\/#primaryimage"},"image":{"@id":"https:\/\/penosil.com\/ro\/produse\/pneumatic-foil-pack-gun-pistol-pneumatic-pentru-aplicare-silicon\/#primaryimage"},"thumbnailUrl":"https:\/\/penosil.com\/ro\/wp-content\/uploads\/sites\/8\/2020\/07\/EP0028.jpg","datePublished":"2020-07-13T17:06:56+00:00","dateModified":"2025-07-14T10:30:58+00:00","description":"PENOSIL Pneumatic Foil Pack Gun aplicator pneumatic profesionist pentru ambalaje aluminiu, 600ml. Puterea de p\u00e2n\u0103 la 8 bari. Afl\u0103 mai multe!","breadcrumb":{"@id":"https:\/\/penosil.com\/ro\/produse\/pneumatic-foil-pack-gun-pistol-pneumatic-pentru-aplicare-silicon\/#breadcrumb"},"inLanguage":"ro-RO","potentialAction":[{"@type":"ReadAction","target":["https:\/\/penosil.com\/ro\/produse\/pneumatic-foil-pack-gun-pistol-pneumatic-pentru-aplicare-silicon\/"]}]},{"@type":"ImageObject","inLanguage":"ro-RO","@id":"https:\/\/penosil.com\/ro\/produse\/pneumatic-foil-pack-gun-pistol-pneumatic-pentru-aplicare-silicon\/#primaryimage","url":"https:\/\/penosil.com\/ro\/wp-content\/uploads\/sites\/8\/2020\/07\/EP0028.jpg","contentUrl":"https:\/\/penosil.com\/ro\/wp-content\/uploads\/sites\/8\/2020\/07\/EP0028.jpg","width":1024,"height":640,"caption":"Pneumatic Foil Pack Gun pistol pneumatic pentru aplicare silicon"},{"@type":"BreadcrumbList","@id":"https:\/\/penosil.com\/ro\/produse\/pneumatic-foil-pack-gun-pistol-pneumatic-pentru-aplicare-silicon\/#breadcrumb","itemListElement":[{"@type":"ListItem","position":1,"name":"Prima pagin\u0103","item":"https:\/\/penosil.com\/ro\/"},{"@type":"ListItem","position":2,"name":"Produse","item":"https:\/\/penosil.com\/ro\/etansanti\/"},{"@type":"ListItem","position":3,"name":"Pneumatic Foil Pack Gun"}]},{"@type":"WebSite","@id":"https:\/\/penosil.com\/ro\/#website","url":"https:\/\/penosil.com\/ro\/","name":"Penosil Romania","description":"","potentialAction":[{"@type":"SearchAction","target":{"@type":"EntryPoint","urlTemplate":"https:\/\/penosil.com\/ro\/?s={search_term_string}"},"query-input":{"@type":"PropertyValueSpecification","valueRequired":true,"valueName":"search_term_string"}}],"inLanguage":"ro-RO"}]}},"featured_img":"https:\/\/penosil.com\/ro\/wp-content\/uploads\/sites\/8\/2020\/07\/EP0028.jpg","coauthors":[],"author_meta":{"author_link":"https:\/\/penosil.com\/ro\/author\/mara\/","display_name":"Mara"},"relative_dates":{"created":"Posted 6 ani ago","modified":"Updated 9 luni ago"},"absolute_dates":{"created":"Posted on 13 iulie 2020","modified":"Updated on 14 iulie 2025"},"absolute_dates_time":{"created":"Posted on 13 iulie 2020 17:06","modified":"Updated on 14 iulie 2025 10:30"},"featured_img_caption":"","tax_additional":{"product_brand":{"linked":[],"unlinked":[],"slug":"product_brand","name":"Branduri"},"product_type":{"linked":["<a href=\"https:\/\/penosil.com\/ro\/?taxonomy=product_type&#038;term=simple\" class=\"advgb-post-tax-term\">simple<\/a>"],"unlinked":["<span class=\"advgb-post-tax-term\">simple<\/span>"],"slug":"product_type","name":"Tip de produs"},"product_visibility":{"linked":["<a href=\"https:\/\/penosil.com\/ro\/en\/?taxonomy=product_visibility&#038;term=outofstock\" class=\"advgb-post-tax-term\">outofstock<\/a>"],"unlinked":["<span class=\"advgb-post-tax-term\">outofstock<\/span>"],"slug":"product_visibility","name":"Vizibilitate produs"},"product_cat":{"linked":["<a href=\"https:\/\/penosil.com\/ro\/categorie-produs\/categorii\/\" class=\"advgb-post-tax-term\">Categorii<\/a>","<a href=\"https:\/\/penosil.com\/ro\/categorie-produs\/categorii\/constructii-generale\/\" class=\"advgb-post-tax-term\">Construc\u021bii generale<\/a>","<a href=\"https:\/\/penosil.com\/ro\/categorie-produs\/game-de-produse\/\" class=\"advgb-post-tax-term\">Game de produse<\/a>","<a href=\"https:\/\/penosil.com\/ro\/categorie-produs\/game-de-produse\/unelte-si-accesorii\/\" class=\"advgb-post-tax-term\">Unelte \u0219i accesorii<\/a>"],"unlinked":["<span class=\"advgb-post-tax-term\">Categorii<\/span>","<span class=\"advgb-post-tax-term\">Construc\u021bii generale<\/span>","<span class=\"advgb-post-tax-term\">Game de produse<\/span>","<span class=\"advgb-post-tax-term\">Unelte \u0219i accesorii<\/span>"],"slug":"product_cat","name":"Categorii de produse"},"product_tag":{"linked":[],"unlinked":[],"slug":"product_tag","name":"Etichete produs"},"product_shipping_class":{"linked":[],"unlinked":[],"slug":"product_shipping_class","name":"Clase de livrare produse"},"pos_product_visibility":{"linked":[],"unlinked":[],"slug":"pos_product_visibility","name":"Vizibilitate produse \u00een POS"},"pa_ambalaj":{"linked":[],"unlinked":[],"slug":"pa_ambalaj","name":"Product AMBALAJ"},"pa_culoare":{"linked":[],"unlinked":[],"slug":"pa_culoare","name":"Product CULOARE"},"pa_ean":{"linked":[],"unlinked":[],"slug":"pa_ean","name":"Product EAN"},"pa_latime-banda":{"linked":[],"unlinked":[],"slug":"pa_latime-banda","name":"Product L\u0102\u021aIME BAND\u0102"},"pa_latime-rost":{"linked":[],"unlinked":[],"slug":"pa_latime-rost","name":"Product L\u0102\u021aIME ROST"},"translation_priority":{"linked":["<a href=\"https:\/\/penosil.com\/ro\/?taxonomy=translation_priority&#038;term=optional-ro\" class=\"advgb-post-tax-term\">Optional<\/a>"],"unlinked":["<span class=\"advgb-post-tax-term\">Optional<\/span>"],"slug":"translation_priority","name":"Translation Priorities"}},"series_order":"","_links":{"self":[{"href":"https:\/\/penosil.com\/ro\/wp-json\/wp\/v2\/product\/9220","targetHints":{"allow":["GET"]}}],"collection":[{"href":"https:\/\/penosil.com\/ro\/wp-json\/wp\/v2\/product"}],"about":[{"href":"https:\/\/penosil.com\/ro\/wp-json\/wp\/v2\/types\/product"}],"version-history":[{"count":2,"href":"https:\/\/penosil.com\/ro\/wp-json\/wp\/v2\/product\/9220\/revisions"}],"predecessor-version":[{"id":11553,"href":"https:\/\/penosil.com\/ro\/wp-json\/wp\/v2\/product\/9220\/revisions\/11553"}],"wp:featuredmedia":[{"embeddable":true,"href":"https:\/\/penosil.com\/ro\/wp-json\/wp\/v2\/media\/9221"}],"wp:attachment":[{"href":"https:\/\/penosil.com\/ro\/wp-json\/wp\/v2\/media?parent=9220"}],"wp:term":[{"taxonomy":"product_brand","embeddable":true,"href":"https:\/\/penosil.com\/ro\/wp-json\/wp\/v2\/product_brand?post=9220"},{"taxonomy":"product_cat","embeddable":true,"href":"https:\/\/penosil.com\/ro\/wp-json\/wp\/v2\/product_cat?post=9220"},{"taxonomy":"product_tag","embeddable":true,"href":"https:\/\/penosil.com\/ro\/wp-json\/wp\/v2\/product_tag?post=9220"}],"curies":[{"name":"wp","href":"https:\/\/api.w.org\/{rel}","templated":true}]}}