{"id":9692,"date":"2021-11-10T13:25:24","date_gmt":"2021-11-10T13:25:24","guid":{"rendered":"https:\/\/penosil.com\/ro\/?post_type=product&#038;p=9692"},"modified":"2026-01-30T09:04:36","modified_gmt":"2026-01-30T09:04:36","slug":"backer-rod-pe-450-cordon-de-suport-din-spuma-cu-celula-inchisa","status":"publish","type":"product","link":"https:\/\/penosil.com\/ro\/produse\/backer-rod-pe-450-cordon-de-suport-din-spuma-cu-celula-inchisa\/","title":{"rendered":"Backer Rod PE 450"},"content":{"rendered":"<p>PENOSIL Backer Rod PE 450 este un cordon de suport din spum\u0103 flexibil\u0103 de polietilen\u0103 cu celule \u00eenchise pentru umplerea rosturilor \u0219i golurilor \u00eenainte de etan\u0219are. Minimizeaz\u0103 cantitatea de etan\u0219ant utilizat\u0103, asigur\u0103 o form\u0103 optim\u0103 de etan\u0219are \u0219i previne defectarea \u00eembin\u0103rii. Compatibil cu poliuretan, polimer hybrid, silicon \u0219i al\u021bi etan\u0219an\u021bi obi\u0219nui\u021bi.<\/p>\n","protected":false},"excerpt":{"rendered":"PENOSIL Backer Rod PE 450 este un cordon de suport din spum\u0103 flexibil\u0103 de polietilen\u0103 cu celule \u00eenchise pentru umplerea rosturilor \u0219i golurilor \u00eenainte de etan\u0219are. Minimizeaz\u0103 cantitatea de etan\u0219ant utilizat\u0103, asigur\u0103 o form\u0103 optim\u0103 de etan\u0219are \u0219i previne defectarea \u00eembin\u0103rii. Compatibil cu poliuretan, polimer hybrid, silicon \u0219i al\u021bi etan\u0219an\u021bi obi\u0219nui\u021bi.","protected":false},"author":13,"featured_media":9695,"template":"","meta":{"_acf_changed":false,"advgb_blocks_editor_width":"","advgb_blocks_columns_visual_guide":"","footnotes":""},"product_brand":[],"product_cat":[338,837,1373,1824],"product_tag":[],"class_list":{"0":"post-9692","1":"product","2":"type-product","3":"status-publish","4":"has-post-thumbnail","6":"product_cat-categorii","7":"product_cat-constructii-generale","8":"product_cat-game-de-produse","9":"product_cat-unelte-si-accesorii","11":"first","12":"outofstock","13":"taxable","14":"shipping-taxable","15":"purchasable","16":"product-type-variable","17":"has-default-attributes"},"acf":[],"yoast_head":"<!-- This site is optimized with the Yoast SEO plugin v27.2 - https:\/\/yoast.com\/product\/yoast-seo-wordpress\/ -->\n<title>Backer Rod PE 450 cordon de suport din spum\u0103 cu celul\u0103 \u00eenchis\u0103<\/title>\n<meta name=\"description\" content=\"PENOSIL Backer Rod PE 450 cordon din spum\u0103 de polietilen\u0103 pentru aplica\u021bii de etan\u0219are la rece \u00een rosturile de dilata\u021bie. Afl\u0103 mai multe.\" \/>\n<meta name=\"robots\" content=\"index, follow, max-snippet:-1, max-image-preview:large, max-video-preview:-1\" \/>\n<link rel=\"canonical\" href=\"https:\/\/penosil.com\/ro\/produse\/backer-rod-pe-450-cordon-de-suport-din-spuma-cu-celula-inchisa\/\" \/>\n<meta property=\"og:locale\" content=\"ro_RO\" \/>\n<meta property=\"og:type\" content=\"article\" \/>\n<meta property=\"og:title\" content=\"Backer Rod PE 450 cordon de suport din spum\u0103 cu celul\u0103 \u00eenchis\u0103\" \/>\n<meta property=\"og:description\" content=\"PENOSIL Backer Rod PE 450 cordon din spum\u0103 de polietilen\u0103 pentru aplica\u021bii de etan\u0219are la rece \u00een rosturile de dilata\u021bie. Afl\u0103 mai multe.\" \/>\n<meta property=\"og:url\" content=\"https:\/\/penosil.com\/ro\/produse\/backer-rod-pe-450-cordon-de-suport-din-spuma-cu-celula-inchisa\/\" \/>\n<meta property=\"og:site_name\" content=\"Penosil Romania\" \/>\n<meta property=\"article:modified_time\" content=\"2026-01-30T09:04:36+00:00\" \/>\n<meta property=\"og:image\" content=\"https:\/\/penosil.com\/ro\/wp-content\/uploads\/sites\/8\/2021\/11\/Backer_Rod-700x695.png\" \/>\n\t<meta property=\"og:image:width\" content=\"700\" \/>\n\t<meta property=\"og:image:height\" content=\"695\" \/>\n\t<meta property=\"og:image:type\" content=\"image\/png\" \/>\n<meta name=\"twitter:card\" content=\"summary_large_image\" \/>\n<meta name=\"twitter:label1\" content=\"Timp estimat pentru citire\" \/>\n\t<meta name=\"twitter:data1\" content=\"2 minute\" \/>\n<script type=\"application\/ld+json\" class=\"yoast-schema-graph\">{\"@context\":\"https:\/\/schema.org\",\"@graph\":[{\"@type\":\"WebPage\",\"@id\":\"https:\/\/penosil.com\/ro\/produse\/backer-rod-pe-450-cordon-de-suport-din-spuma-cu-celula-inchisa\/\",\"url\":\"https:\/\/penosil.com\/ro\/produse\/backer-rod-pe-450-cordon-de-suport-din-spuma-cu-celula-inchisa\/\",\"name\":\"Backer Rod PE 450 cordon de suport din spum\u0103 cu celul\u0103 \u00eenchis\u0103\",\"isPartOf\":{\"@id\":\"https:\/\/penosil.com\/ro\/#website\"},\"primaryImageOfPage\":{\"@id\":\"https:\/\/penosil.com\/ro\/produse\/backer-rod-pe-450-cordon-de-suport-din-spuma-cu-celula-inchisa\/#primaryimage\"},\"image\":{\"@id\":\"https:\/\/penosil.com\/ro\/produse\/backer-rod-pe-450-cordon-de-suport-din-spuma-cu-celula-inchisa\/#primaryimage\"},\"thumbnailUrl\":\"https:\/\/penosil.com\/ro\/wp-content\/uploads\/sites\/8\/2021\/11\/Backer_Rod.png\",\"datePublished\":\"2021-11-10T13:25:24+00:00\",\"dateModified\":\"2026-01-30T09:04:36+00:00\",\"description\":\"PENOSIL Backer Rod PE 450 cordon din spum\u0103 de polietilen\u0103 pentru aplica\u021bii de etan\u0219are la rece \u00een rosturile de dilata\u021bie. Afl\u0103 mai multe.\",\"breadcrumb\":{\"@id\":\"https:\/\/penosil.com\/ro\/produse\/backer-rod-pe-450-cordon-de-suport-din-spuma-cu-celula-inchisa\/#breadcrumb\"},\"inLanguage\":\"ro-RO\",\"potentialAction\":[{\"@type\":\"ReadAction\",\"target\":[\"https:\/\/penosil.com\/ro\/produse\/backer-rod-pe-450-cordon-de-suport-din-spuma-cu-celula-inchisa\/\"]}]},{\"@type\":\"ImageObject\",\"inLanguage\":\"ro-RO\",\"@id\":\"https:\/\/penosil.com\/ro\/produse\/backer-rod-pe-450-cordon-de-suport-din-spuma-cu-celula-inchisa\/#primaryimage\",\"url\":\"https:\/\/penosil.com\/ro\/wp-content\/uploads\/sites\/8\/2021\/11\/Backer_Rod.png\",\"contentUrl\":\"https:\/\/penosil.com\/ro\/wp-content\/uploads\/sites\/8\/2021\/11\/Backer_Rod.png\",\"width\":2930,\"height\":2909,\"caption\":\"PENOSIL Backer Rod PE 450 cordon de suport din spum\u0103 flexibil\u0103 de polietilen\u0103 cu celule \u00eenchise\"},{\"@type\":\"BreadcrumbList\",\"@id\":\"https:\/\/penosil.com\/ro\/produse\/backer-rod-pe-450-cordon-de-suport-din-spuma-cu-celula-inchisa\/#breadcrumb\",\"itemListElement\":[{\"@type\":\"ListItem\",\"position\":1,\"name\":\"Prima pagin\u0103\",\"item\":\"https:\/\/penosil.com\/ro\/\"},{\"@type\":\"ListItem\",\"position\":2,\"name\":\"Produse\",\"item\":\"https:\/\/penosil.com\/ro\/etansanti\/\"},{\"@type\":\"ListItem\",\"position\":3,\"name\":\"Backer Rod PE 450\"}]},{\"@type\":\"WebSite\",\"@id\":\"https:\/\/penosil.com\/ro\/#website\",\"url\":\"https:\/\/penosil.com\/ro\/\",\"name\":\"Penosil Romania\",\"description\":\"\",\"potentialAction\":[{\"@type\":\"SearchAction\",\"target\":{\"@type\":\"EntryPoint\",\"urlTemplate\":\"https:\/\/penosil.com\/ro\/?s={search_term_string}\"},\"query-input\":{\"@type\":\"PropertyValueSpecification\",\"valueRequired\":true,\"valueName\":\"search_term_string\"}}],\"inLanguage\":\"ro-RO\"}]}<\/script>\n<!-- \/ Yoast SEO plugin. -->","yoast_head_json":{"title":"Backer Rod PE 450 cordon de suport din spum\u0103 cu celul\u0103 \u00eenchis\u0103","description":"PENOSIL Backer Rod PE 450 cordon din spum\u0103 de polietilen\u0103 pentru aplica\u021bii de etan\u0219are la rece \u00een rosturile de dilata\u021bie. Afl\u0103 mai multe.","robots":{"index":"index","follow":"follow","max-snippet":"max-snippet:-1","max-image-preview":"max-image-preview:large","max-video-preview":"max-video-preview:-1"},"canonical":"https:\/\/penosil.com\/ro\/produse\/backer-rod-pe-450-cordon-de-suport-din-spuma-cu-celula-inchisa\/","og_locale":"ro_RO","og_type":"article","og_title":"Backer Rod PE 450 cordon de suport din spum\u0103 cu celul\u0103 \u00eenchis\u0103","og_description":"PENOSIL Backer Rod PE 450 cordon din spum\u0103 de polietilen\u0103 pentru aplica\u021bii de etan\u0219are la rece \u00een rosturile de dilata\u021bie. Afl\u0103 mai multe.","og_url":"https:\/\/penosil.com\/ro\/produse\/backer-rod-pe-450-cordon-de-suport-din-spuma-cu-celula-inchisa\/","og_site_name":"Penosil Romania","article_modified_time":"2026-01-30T09:04:36+00:00","og_image":[{"width":700,"height":695,"url":"https:\/\/penosil.com\/ro\/wp-content\/uploads\/sites\/8\/2021\/11\/Backer_Rod-700x695.png","type":"image\/png"}],"twitter_card":"summary_large_image","twitter_misc":{"Timp estimat pentru citire":"2 minute"},"schema":{"@context":"https:\/\/schema.org","@graph":[{"@type":"WebPage","@id":"https:\/\/penosil.com\/ro\/produse\/backer-rod-pe-450-cordon-de-suport-din-spuma-cu-celula-inchisa\/","url":"https:\/\/penosil.com\/ro\/produse\/backer-rod-pe-450-cordon-de-suport-din-spuma-cu-celula-inchisa\/","name":"Backer Rod PE 450 cordon de suport din spum\u0103 cu celul\u0103 \u00eenchis\u0103","isPartOf":{"@id":"https:\/\/penosil.com\/ro\/#website"},"primaryImageOfPage":{"@id":"https:\/\/penosil.com\/ro\/produse\/backer-rod-pe-450-cordon-de-suport-din-spuma-cu-celula-inchisa\/#primaryimage"},"image":{"@id":"https:\/\/penosil.com\/ro\/produse\/backer-rod-pe-450-cordon-de-suport-din-spuma-cu-celula-inchisa\/#primaryimage"},"thumbnailUrl":"https:\/\/penosil.com\/ro\/wp-content\/uploads\/sites\/8\/2021\/11\/Backer_Rod.png","datePublished":"2021-11-10T13:25:24+00:00","dateModified":"2026-01-30T09:04:36+00:00","description":"PENOSIL Backer Rod PE 450 cordon din spum\u0103 de polietilen\u0103 pentru aplica\u021bii de etan\u0219are la rece \u00een rosturile de dilata\u021bie. Afl\u0103 mai multe.","breadcrumb":{"@id":"https:\/\/penosil.com\/ro\/produse\/backer-rod-pe-450-cordon-de-suport-din-spuma-cu-celula-inchisa\/#breadcrumb"},"inLanguage":"ro-RO","potentialAction":[{"@type":"ReadAction","target":["https:\/\/penosil.com\/ro\/produse\/backer-rod-pe-450-cordon-de-suport-din-spuma-cu-celula-inchisa\/"]}]},{"@type":"ImageObject","inLanguage":"ro-RO","@id":"https:\/\/penosil.com\/ro\/produse\/backer-rod-pe-450-cordon-de-suport-din-spuma-cu-celula-inchisa\/#primaryimage","url":"https:\/\/penosil.com\/ro\/wp-content\/uploads\/sites\/8\/2021\/11\/Backer_Rod.png","contentUrl":"https:\/\/penosil.com\/ro\/wp-content\/uploads\/sites\/8\/2021\/11\/Backer_Rod.png","width":2930,"height":2909,"caption":"PENOSIL Backer Rod PE 450 cordon de suport din spum\u0103 flexibil\u0103 de polietilen\u0103 cu celule \u00eenchise"},{"@type":"BreadcrumbList","@id":"https:\/\/penosil.com\/ro\/produse\/backer-rod-pe-450-cordon-de-suport-din-spuma-cu-celula-inchisa\/#breadcrumb","itemListElement":[{"@type":"ListItem","position":1,"name":"Prima pagin\u0103","item":"https:\/\/penosil.com\/ro\/"},{"@type":"ListItem","position":2,"name":"Produse","item":"https:\/\/penosil.com\/ro\/etansanti\/"},{"@type":"ListItem","position":3,"name":"Backer Rod PE 450"}]},{"@type":"WebSite","@id":"https:\/\/penosil.com\/ro\/#website","url":"https:\/\/penosil.com\/ro\/","name":"Penosil Romania","description":"","potentialAction":[{"@type":"SearchAction","target":{"@type":"EntryPoint","urlTemplate":"https:\/\/penosil.com\/ro\/?s={search_term_string}"},"query-input":{"@type":"PropertyValueSpecification","valueRequired":true,"valueName":"search_term_string"}}],"inLanguage":"ro-RO"}]}},"featured_img":"https:\/\/penosil.com\/ro\/wp-content\/uploads\/sites\/8\/2021\/11\/Backer_Rod.png","coauthors":[],"author_meta":{"author_link":"https:\/\/penosil.com\/ro\/author\/mara\/","display_name":"Mara"},"relative_dates":{"created":"Posted 4 ani ago","modified":"Updated 3 luni ago"},"absolute_dates":{"created":"Posted on 10 noiembrie 2021","modified":"Updated on 30 ianuarie 2026"},"absolute_dates_time":{"created":"Posted on 10 noiembrie 2021 13:25","modified":"Updated on 30 ianuarie 2026 9:04"},"featured_img_caption":"","tax_additional":{"product_brand":{"linked":[],"unlinked":[],"slug":"product_brand","name":"Branduri"},"product_type":{"linked":["<a href=\"https:\/\/penosil.com\/ro\/?taxonomy=product_type&#038;term=variable\" class=\"advgb-post-tax-term\">variable<\/a>"],"unlinked":["<span class=\"advgb-post-tax-term\">variable<\/span>"],"slug":"product_type","name":"Tip de produs"},"product_visibility":{"linked":["<a href=\"https:\/\/penosil.com\/ro\/en\/?taxonomy=product_visibility&#038;term=outofstock\" class=\"advgb-post-tax-term\">outofstock<\/a>"],"unlinked":["<span class=\"advgb-post-tax-term\">outofstock<\/span>"],"slug":"product_visibility","name":"Vizibilitate produs"},"product_cat":{"linked":["<a href=\"https:\/\/penosil.com\/ro\/categorie-produs\/categorii\/\" class=\"advgb-post-tax-term\">Categorii<\/a>","<a href=\"https:\/\/penosil.com\/ro\/categorie-produs\/categorii\/constructii-generale\/\" class=\"advgb-post-tax-term\">Construc\u021bii generale<\/a>","<a href=\"https:\/\/penosil.com\/ro\/categorie-produs\/game-de-produse\/\" class=\"advgb-post-tax-term\">Game de produse<\/a>","<a href=\"https:\/\/penosil.com\/ro\/categorie-produs\/game-de-produse\/unelte-si-accesorii\/\" class=\"advgb-post-tax-term\">Unelte \u0219i accesorii<\/a>"],"unlinked":["<span class=\"advgb-post-tax-term\">Categorii<\/span>","<span class=\"advgb-post-tax-term\">Construc\u021bii generale<\/span>","<span class=\"advgb-post-tax-term\">Game de produse<\/span>","<span class=\"advgb-post-tax-term\">Unelte \u0219i accesorii<\/span>"],"slug":"product_cat","name":"Categorii de produse"},"product_tag":{"linked":[],"unlinked":[],"slug":"product_tag","name":"Etichete produs"},"product_shipping_class":{"linked":[],"unlinked":[],"slug":"product_shipping_class","name":"Clase de livrare produse"},"pos_product_visibility":{"linked":[],"unlinked":[],"slug":"pos_product_visibility","name":"Vizibilitate produse \u00een POS"},"pa_ambalaj":{"linked":["<a href=\"https:\/\/penosil.com\/ro\/?taxonomy=pa_ambalaj&#038;term=1150m\" class=\"advgb-post-tax-term\">1150m<\/a>","<a href=\"https:\/\/penosil.com\/ro\/?taxonomy=pa_ambalaj&#038;term=550m\" class=\"advgb-post-tax-term\">550m<\/a>","<a href=\"https:\/\/penosil.com\/ro\/?taxonomy=pa_ambalaj&#038;term=350m\" class=\"advgb-post-tax-term\">350m<\/a>","<a href=\"https:\/\/penosil.com\/ro\/?taxonomy=pa_ambalaj&#038;term=200m\" class=\"advgb-post-tax-term\">200m<\/a>","<a href=\"https:\/\/penosil.com\/ro\/?taxonomy=pa_ambalaj&#038;term=160m\" class=\"advgb-post-tax-term\">160m<\/a>"],"unlinked":["<span class=\"advgb-post-tax-term\">1150m<\/span>","<span class=\"advgb-post-tax-term\">550m<\/span>","<span class=\"advgb-post-tax-term\">350m<\/span>","<span class=\"advgb-post-tax-term\">200m<\/span>","<span class=\"advgb-post-tax-term\">160m<\/span>"],"slug":"pa_ambalaj","name":"Product AMBALAJ"},"pa_culoare":{"linked":["<a href=\"https:\/\/penosil.com\/ro\/?taxonomy=pa_culoare&#038;term=gri\" class=\"advgb-post-tax-term\">Gri<\/a>"],"unlinked":["<span class=\"advgb-post-tax-term\">Gri<\/span>"],"slug":"pa_culoare","name":"Product CULOARE"},"pa_ean":{"linked":[],"unlinked":[],"slug":"pa_ean","name":"Product EAN"},"pa_latime-banda":{"linked":["<a href=\"https:\/\/penosil.com\/ro\/?taxonomy=pa_latime-banda&#038;term=25mm\" class=\"advgb-post-tax-term\">25mm<\/a>","<a href=\"https:\/\/penosil.com\/ro\/?taxonomy=pa_latime-banda&#038;term=10mm\" class=\"advgb-post-tax-term\">10mm<\/a>","<a href=\"https:\/\/penosil.com\/ro\/?taxonomy=pa_latime-banda&#038;term=15mm\" class=\"advgb-post-tax-term\">15mm<\/a>","<a href=\"https:\/\/penosil.com\/ro\/?taxonomy=pa_latime-banda&#038;term=20mm\" class=\"advgb-post-tax-term\">20mm<\/a>","<a href=\"https:\/\/penosil.com\/ro\/?taxonomy=pa_latime-banda&#038;term=30mm\" class=\"advgb-post-tax-term\">30mm<\/a>"],"unlinked":["<span class=\"advgb-post-tax-term\">25mm<\/span>","<span class=\"advgb-post-tax-term\">10mm<\/span>","<span class=\"advgb-post-tax-term\">15mm<\/span>","<span class=\"advgb-post-tax-term\">20mm<\/span>","<span class=\"advgb-post-tax-term\">30mm<\/span>"],"slug":"pa_latime-banda","name":"Product L\u0102\u021aIME BAND\u0102"},"pa_latime-rost":{"linked":[],"unlinked":[],"slug":"pa_latime-rost","name":"Product L\u0102\u021aIME ROST"},"translation_priority":{"linked":["<a href=\"https:\/\/penosil.com\/ro\/?taxonomy=translation_priority&#038;term=optional-ro\" class=\"advgb-post-tax-term\">Optional<\/a>"],"unlinked":["<span class=\"advgb-post-tax-term\">Optional<\/span>"],"slug":"translation_priority","name":"Translation Priorities"}},"series_order":"","_links":{"self":[{"href":"https:\/\/penosil.com\/ro\/wp-json\/wp\/v2\/product\/9692","targetHints":{"allow":["GET"]}}],"collection":[{"href":"https:\/\/penosil.com\/ro\/wp-json\/wp\/v2\/product"}],"about":[{"href":"https:\/\/penosil.com\/ro\/wp-json\/wp\/v2\/types\/product"}],"version-history":[{"count":9,"href":"https:\/\/penosil.com\/ro\/wp-json\/wp\/v2\/product\/9692\/revisions"}],"predecessor-version":[{"id":12081,"href":"https:\/\/penosil.com\/ro\/wp-json\/wp\/v2\/product\/9692\/revisions\/12081"}],"wp:featuredmedia":[{"embeddable":true,"href":"https:\/\/penosil.com\/ro\/wp-json\/wp\/v2\/media\/9695"}],"wp:attachment":[{"href":"https:\/\/penosil.com\/ro\/wp-json\/wp\/v2\/media?parent=9692"}],"wp:term":[{"taxonomy":"product_brand","embeddable":true,"href":"https:\/\/penosil.com\/ro\/wp-json\/wp\/v2\/product_brand?post=9692"},{"taxonomy":"product_cat","embeddable":true,"href":"https:\/\/penosil.com\/ro\/wp-json\/wp\/v2\/product_cat?post=9692"},{"taxonomy":"product_tag","embeddable":true,"href":"https:\/\/penosil.com\/ro\/wp-json\/wp\/v2\/product_tag?post=9692"}],"curies":[{"name":"wp","href":"https:\/\/api.w.org\/{rel}","templated":true}]}}