{"id":9901,"date":"2023-06-16T11:49:52","date_gmt":"2023-06-16T11:49:52","guid":{"rendered":"https:\/\/penosil.com\/ro\/?post_type=product&#038;p=9901"},"modified":"2026-04-15T23:00:23","modified_gmt":"2026-04-15T23:00:23","slug":"polystyrol-fixfoam-877-spuma-adeziva-pentru-placi-de-izolare","status":"publish","type":"product","link":"https:\/\/penosil.com\/ro\/produse\/polystyrol-fixfoam-877-spuma-adeziva-pentru-placi-de-izolare\/","title":{"rendered":"Polystyrol FixFoam 877"},"content":{"rendered":"<p>Polystyrol FixFoam 877 este o spum\u0103 adeziv\u0103 pentru fixarea pl\u0103cilor termoizolante exterioare \u0219i interioare, pervazuri, etc. Potrivit pentru uz exterior \u0219i interior \u00een toate anotimpurile. Propriet\u0103\u021bi excelente de lipire \u0219i izolare termic\u0103.<\/p>\n","protected":false},"excerpt":{"rendered":"Polystyrol FixFoam 877 este o spum\u0103 adeziv\u0103 pentru fixarea pl\u0103cilor termoizolante exterioare \u0219i interioare, pervazuri, etc. Potrivit pentru uz exterior \u0219i interior \u00een toate anotimpurile. Propriet\u0103\u021bi excelente de lipire \u0219i izolare termic\u0103.","protected":false},"author":13,"featured_media":9902,"template":"","meta":{"_acf_changed":false,"advgb_blocks_editor_width":"","advgb_blocks_columns_visual_guide":"","footnotes":""},"product_brand":[],"product_cat":[1544,2223,338,1373,1449,1502,1392,352],"product_tag":[],"class_list":{"0":"post-9901","1":"product","2":"type-product","3":"status-publish","4":"has-post-thumbnail","6":"product_cat-spume-de-pistol","7":"product_cat-produse-noi","8":"product_cat-categorii","9":"product_cat-game-de-produse","10":"product_cat-adezivi-spuma","11":"product_cat-spume-de-constructie","12":"product_cat-adezivi","13":"product_cat-lipire","15":"first","16":"instock","17":"taxable","18":"shipping-taxable","19":"purchasable","20":"product-type-simple"},"acf":[],"yoast_head":"<!-- This site is optimized with the Yoast SEO plugin v27.2 - https:\/\/yoast.com\/product\/yoast-seo-wordpress\/ -->\n<title>Polystyrol FixFoam 877 spum\u0103 adeziv\u0103 pentru pl\u0103ci de izolare<\/title>\n<meta name=\"description\" content=\"Penosil Polystyrol FixFoam 877 spum\u0103 adeziv\u0103 pentru pl\u0103ci de izolare. Post-expandare sc\u0103zut\u0103, izolator termic \u0219i fonic. Afla\u021bi mai multe!\" \/>\n<meta name=\"robots\" content=\"index, follow, max-snippet:-1, max-image-preview:large, max-video-preview:-1\" \/>\n<link rel=\"canonical\" href=\"https:\/\/penosil.com\/ro\/produse\/polystyrol-fixfoam-877-spuma-adeziva-pentru-placi-de-izolare\/\" \/>\n<meta property=\"og:locale\" content=\"ro_RO\" \/>\n<meta property=\"og:type\" content=\"article\" \/>\n<meta property=\"og:title\" content=\"Polystyrol FixFoam 877 spum\u0103 adeziv\u0103 pentru pl\u0103ci de izolare\" \/>\n<meta property=\"og:description\" content=\"Penosil Polystyrol FixFoam 877 spum\u0103 adeziv\u0103 pentru pl\u0103ci de izolare. Post-expandare sc\u0103zut\u0103, izolator termic \u0219i fonic. Afla\u021bi mai multe!\" \/>\n<meta property=\"og:url\" content=\"https:\/\/penosil.com\/ro\/produse\/polystyrol-fixfoam-877-spuma-adeziva-pentru-placi-de-izolare\/\" \/>\n<meta property=\"og:site_name\" content=\"Penosil Romania\" \/>\n<meta property=\"article:modified_time\" content=\"2026-04-15T23:00:23+00:00\" \/>\n<meta property=\"og:image\" content=\"https:\/\/penosil.com\/ro\/wp-content\/uploads\/sites\/8\/2023\/06\/A6076_877_Polystyrol_FixFoam_877_-RO.png\" \/>\n\t<meta property=\"og:image:width\" content=\"523\" \/>\n\t<meta property=\"og:image:height\" content=\"1080\" \/>\n\t<meta property=\"og:image:type\" content=\"image\/png\" \/>\n<meta name=\"twitter:card\" content=\"summary_large_image\" \/>\n<meta name=\"twitter:label1\" content=\"Timp estimat pentru citire\" \/>\n\t<meta name=\"twitter:data1\" content=\"5 minute\" \/>\n<script type=\"application\/ld+json\" class=\"yoast-schema-graph\">{\"@context\":\"https:\/\/schema.org\",\"@graph\":[{\"@type\":\"WebPage\",\"@id\":\"https:\/\/penosil.com\/ro\/produse\/polystyrol-fixfoam-877-spuma-adeziva-pentru-placi-de-izolare\/\",\"url\":\"https:\/\/penosil.com\/ro\/produse\/polystyrol-fixfoam-877-spuma-adeziva-pentru-placi-de-izolare\/\",\"name\":\"Polystyrol FixFoam 877 spum\u0103 adeziv\u0103 pentru pl\u0103ci de izolare\",\"isPartOf\":{\"@id\":\"https:\/\/penosil.com\/ro\/#website\"},\"primaryImageOfPage\":{\"@id\":\"https:\/\/penosil.com\/ro\/produse\/polystyrol-fixfoam-877-spuma-adeziva-pentru-placi-de-izolare\/#primaryimage\"},\"image\":{\"@id\":\"https:\/\/penosil.com\/ro\/produse\/polystyrol-fixfoam-877-spuma-adeziva-pentru-placi-de-izolare\/#primaryimage\"},\"thumbnailUrl\":\"https:\/\/penosil.com\/ro\/wp-content\/uploads\/sites\/8\/2023\/06\/A6076_877_Polystyrol_FixFoam_877_-RO.png\",\"datePublished\":\"2023-06-16T11:49:52+00:00\",\"dateModified\":\"2026-04-15T23:00:23+00:00\",\"description\":\"Penosil Polystyrol FixFoam 877 spum\u0103 adeziv\u0103 pentru pl\u0103ci de izolare. Post-expandare sc\u0103zut\u0103, izolator termic \u0219i fonic. Afla\u021bi mai multe!\",\"breadcrumb\":{\"@id\":\"https:\/\/penosil.com\/ro\/produse\/polystyrol-fixfoam-877-spuma-adeziva-pentru-placi-de-izolare\/#breadcrumb\"},\"inLanguage\":\"ro-RO\",\"potentialAction\":[{\"@type\":\"ReadAction\",\"target\":[\"https:\/\/penosil.com\/ro\/produse\/polystyrol-fixfoam-877-spuma-adeziva-pentru-placi-de-izolare\/\"]}]},{\"@type\":\"ImageObject\",\"inLanguage\":\"ro-RO\",\"@id\":\"https:\/\/penosil.com\/ro\/produse\/polystyrol-fixfoam-877-spuma-adeziva-pentru-placi-de-izolare\/#primaryimage\",\"url\":\"https:\/\/penosil.com\/ro\/wp-content\/uploads\/sites\/8\/2023\/06\/A6076_877_Polystyrol_FixFoam_877_-RO.png\",\"contentUrl\":\"https:\/\/penosil.com\/ro\/wp-content\/uploads\/sites\/8\/2023\/06\/A6076_877_Polystyrol_FixFoam_877_-RO.png\",\"width\":523,\"height\":1080,\"caption\":\"PENOSIL Polystyrol FixFoam 877 spum\u0103 adeziv\u0103 pentru pl\u0103ci de izolare\"},{\"@type\":\"BreadcrumbList\",\"@id\":\"https:\/\/penosil.com\/ro\/produse\/polystyrol-fixfoam-877-spuma-adeziva-pentru-placi-de-izolare\/#breadcrumb\",\"itemListElement\":[{\"@type\":\"ListItem\",\"position\":1,\"name\":\"Prima pagin\u0103\",\"item\":\"https:\/\/penosil.com\/ro\/\"},{\"@type\":\"ListItem\",\"position\":2,\"name\":\"Produse\",\"item\":\"https:\/\/penosil.com\/ro\/etansanti\/\"},{\"@type\":\"ListItem\",\"position\":3,\"name\":\"Polystyrol FixFoam 877\"}]},{\"@type\":\"WebSite\",\"@id\":\"https:\/\/penosil.com\/ro\/#website\",\"url\":\"https:\/\/penosil.com\/ro\/\",\"name\":\"Penosil Romania\",\"description\":\"\",\"potentialAction\":[{\"@type\":\"SearchAction\",\"target\":{\"@type\":\"EntryPoint\",\"urlTemplate\":\"https:\/\/penosil.com\/ro\/?s={search_term_string}\"},\"query-input\":{\"@type\":\"PropertyValueSpecification\",\"valueRequired\":true,\"valueName\":\"search_term_string\"}}],\"inLanguage\":\"ro-RO\"}]}<\/script>\n<!-- \/ Yoast SEO plugin. -->","yoast_head_json":{"title":"Polystyrol FixFoam 877 spum\u0103 adeziv\u0103 pentru pl\u0103ci de izolare","description":"Penosil Polystyrol FixFoam 877 spum\u0103 adeziv\u0103 pentru pl\u0103ci de izolare. Post-expandare sc\u0103zut\u0103, izolator termic \u0219i fonic. Afla\u021bi mai multe!","robots":{"index":"index","follow":"follow","max-snippet":"max-snippet:-1","max-image-preview":"max-image-preview:large","max-video-preview":"max-video-preview:-1"},"canonical":"https:\/\/penosil.com\/ro\/produse\/polystyrol-fixfoam-877-spuma-adeziva-pentru-placi-de-izolare\/","og_locale":"ro_RO","og_type":"article","og_title":"Polystyrol FixFoam 877 spum\u0103 adeziv\u0103 pentru pl\u0103ci de izolare","og_description":"Penosil Polystyrol FixFoam 877 spum\u0103 adeziv\u0103 pentru pl\u0103ci de izolare. Post-expandare sc\u0103zut\u0103, izolator termic \u0219i fonic. Afla\u021bi mai multe!","og_url":"https:\/\/penosil.com\/ro\/produse\/polystyrol-fixfoam-877-spuma-adeziva-pentru-placi-de-izolare\/","og_site_name":"Penosil Romania","article_modified_time":"2026-04-15T23:00:23+00:00","og_image":[{"width":523,"height":1080,"url":"https:\/\/penosil.com\/ro\/wp-content\/uploads\/sites\/8\/2023\/06\/A6076_877_Polystyrol_FixFoam_877_-RO.png","type":"image\/png"}],"twitter_card":"summary_large_image","twitter_misc":{"Timp estimat pentru citire":"5 minute"},"schema":{"@context":"https:\/\/schema.org","@graph":[{"@type":"WebPage","@id":"https:\/\/penosil.com\/ro\/produse\/polystyrol-fixfoam-877-spuma-adeziva-pentru-placi-de-izolare\/","url":"https:\/\/penosil.com\/ro\/produse\/polystyrol-fixfoam-877-spuma-adeziva-pentru-placi-de-izolare\/","name":"Polystyrol FixFoam 877 spum\u0103 adeziv\u0103 pentru pl\u0103ci de izolare","isPartOf":{"@id":"https:\/\/penosil.com\/ro\/#website"},"primaryImageOfPage":{"@id":"https:\/\/penosil.com\/ro\/produse\/polystyrol-fixfoam-877-spuma-adeziva-pentru-placi-de-izolare\/#primaryimage"},"image":{"@id":"https:\/\/penosil.com\/ro\/produse\/polystyrol-fixfoam-877-spuma-adeziva-pentru-placi-de-izolare\/#primaryimage"},"thumbnailUrl":"https:\/\/penosil.com\/ro\/wp-content\/uploads\/sites\/8\/2023\/06\/A6076_877_Polystyrol_FixFoam_877_-RO.png","datePublished":"2023-06-16T11:49:52+00:00","dateModified":"2026-04-15T23:00:23+00:00","description":"Penosil Polystyrol FixFoam 877 spum\u0103 adeziv\u0103 pentru pl\u0103ci de izolare. Post-expandare sc\u0103zut\u0103, izolator termic \u0219i fonic. Afla\u021bi mai multe!","breadcrumb":{"@id":"https:\/\/penosil.com\/ro\/produse\/polystyrol-fixfoam-877-spuma-adeziva-pentru-placi-de-izolare\/#breadcrumb"},"inLanguage":"ro-RO","potentialAction":[{"@type":"ReadAction","target":["https:\/\/penosil.com\/ro\/produse\/polystyrol-fixfoam-877-spuma-adeziva-pentru-placi-de-izolare\/"]}]},{"@type":"ImageObject","inLanguage":"ro-RO","@id":"https:\/\/penosil.com\/ro\/produse\/polystyrol-fixfoam-877-spuma-adeziva-pentru-placi-de-izolare\/#primaryimage","url":"https:\/\/penosil.com\/ro\/wp-content\/uploads\/sites\/8\/2023\/06\/A6076_877_Polystyrol_FixFoam_877_-RO.png","contentUrl":"https:\/\/penosil.com\/ro\/wp-content\/uploads\/sites\/8\/2023\/06\/A6076_877_Polystyrol_FixFoam_877_-RO.png","width":523,"height":1080,"caption":"PENOSIL Polystyrol FixFoam 877 spum\u0103 adeziv\u0103 pentru pl\u0103ci de izolare"},{"@type":"BreadcrumbList","@id":"https:\/\/penosil.com\/ro\/produse\/polystyrol-fixfoam-877-spuma-adeziva-pentru-placi-de-izolare\/#breadcrumb","itemListElement":[{"@type":"ListItem","position":1,"name":"Prima pagin\u0103","item":"https:\/\/penosil.com\/ro\/"},{"@type":"ListItem","position":2,"name":"Produse","item":"https:\/\/penosil.com\/ro\/etansanti\/"},{"@type":"ListItem","position":3,"name":"Polystyrol FixFoam 877"}]},{"@type":"WebSite","@id":"https:\/\/penosil.com\/ro\/#website","url":"https:\/\/penosil.com\/ro\/","name":"Penosil Romania","description":"","potentialAction":[{"@type":"SearchAction","target":{"@type":"EntryPoint","urlTemplate":"https:\/\/penosil.com\/ro\/?s={search_term_string}"},"query-input":{"@type":"PropertyValueSpecification","valueRequired":true,"valueName":"search_term_string"}}],"inLanguage":"ro-RO"}]}},"featured_img":"https:\/\/penosil.com\/ro\/wp-content\/uploads\/sites\/8\/2023\/06\/A6076_877_Polystyrol_FixFoam_877_-RO.png","coauthors":[],"author_meta":{"author_link":"https:\/\/penosil.com\/ro\/author\/mara\/","display_name":"Mara"},"relative_dates":{"created":"Posted 3 ani ago","modified":"Updated 11 ore ago"},"absolute_dates":{"created":"Posted on 16 iunie 2023","modified":"Updated on 15 aprilie 2026"},"absolute_dates_time":{"created":"Posted on 16 iunie 2023 11:49","modified":"Updated on 15 aprilie 2026 23:00"},"featured_img_caption":"","tax_additional":{"product_brand":{"linked":[],"unlinked":[],"slug":"product_brand","name":"Branduri"},"product_type":{"linked":["<a href=\"https:\/\/penosil.com\/ro\/?taxonomy=product_type&#038;term=simple\" class=\"advgb-post-tax-term\">simple<\/a>"],"unlinked":["<span class=\"advgb-post-tax-term\">simple<\/span>"],"slug":"product_type","name":"Tip de produs"},"product_visibility":{"linked":[],"unlinked":[],"slug":"product_visibility","name":"Vizibilitate produs"},"product_cat":{"linked":["<a href=\"https:\/\/penosil.com\/ro\/categorie-produs\/game-de-produse\/spume-de-constructie\/spume-de-pistol\/\" class=\"advgb-post-tax-term\">Spume de pistol<\/a>","<a href=\"https:\/\/penosil.com\/ro\/categorie-produs\/categorii\/produse-noi\/\" class=\"advgb-post-tax-term\">Produse noi<\/a>","<a href=\"https:\/\/penosil.com\/ro\/categorie-produs\/categorii\/\" class=\"advgb-post-tax-term\">Categorii<\/a>","<a href=\"https:\/\/penosil.com\/ro\/categorie-produs\/game-de-produse\/\" class=\"advgb-post-tax-term\">Game de produse<\/a>","<a href=\"https:\/\/penosil.com\/ro\/categorie-produs\/game-de-produse\/adezivi\/adezivi-spuma\/\" class=\"advgb-post-tax-term\">Adezivi spum\u0103<\/a>","<a href=\"https:\/\/penosil.com\/ro\/categorie-produs\/game-de-produse\/spume-de-constructie\/\" class=\"advgb-post-tax-term\">Spume de construc\u021bie<\/a>","<a href=\"https:\/\/penosil.com\/ro\/categorie-produs\/game-de-produse\/adezivi\/\" class=\"advgb-post-tax-term\">Adezivi<\/a>","<a href=\"https:\/\/penosil.com\/ro\/categorie-produs\/categorii\/lipire\/\" class=\"advgb-post-tax-term\">Adezivi<\/a>"],"unlinked":["<span class=\"advgb-post-tax-term\">Spume de pistol<\/span>","<span class=\"advgb-post-tax-term\">Produse noi<\/span>","<span class=\"advgb-post-tax-term\">Categorii<\/span>","<span class=\"advgb-post-tax-term\">Game de produse<\/span>","<span class=\"advgb-post-tax-term\">Adezivi spum\u0103<\/span>","<span class=\"advgb-post-tax-term\">Spume de construc\u021bie<\/span>","<span class=\"advgb-post-tax-term\">Adezivi<\/span>","<span class=\"advgb-post-tax-term\">Adezivi<\/span>"],"slug":"product_cat","name":"Categorii de produse"},"product_tag":{"linked":[],"unlinked":[],"slug":"product_tag","name":"Etichete produs"},"product_shipping_class":{"linked":[],"unlinked":[],"slug":"product_shipping_class","name":"Clase de livrare produse"},"pos_product_visibility":{"linked":[],"unlinked":[],"slug":"pos_product_visibility","name":"Vizibilitate produse \u00een POS"},"pa_ambalaj":{"linked":["<a href=\"https:\/\/penosil.com\/ro\/?taxonomy=pa_ambalaj&#038;term=750-ml-ro\" class=\"advgb-post-tax-term\">750 ml<\/a>"],"unlinked":["<span class=\"advgb-post-tax-term\">750 ml<\/span>"],"slug":"pa_ambalaj","name":"Product AMBALAJ"},"pa_culoare":{"linked":["<a href=\"https:\/\/penosil.com\/ro\/?taxonomy=pa_culoare&#038;term=portocaliu-deschis\" class=\"advgb-post-tax-term\">Portocaliu deschis<\/a>"],"unlinked":["<span class=\"advgb-post-tax-term\">Portocaliu deschis<\/span>"],"slug":"pa_culoare","name":"Product CULOARE"},"pa_ean":{"linked":[],"unlinked":[],"slug":"pa_ean","name":"Product EAN"},"pa_latime-banda":{"linked":[],"unlinked":[],"slug":"pa_latime-banda","name":"Product L\u0102\u021aIME BAND\u0102"},"pa_latime-rost":{"linked":[],"unlinked":[],"slug":"pa_latime-rost","name":"Product L\u0102\u021aIME ROST"},"translation_priority":{"linked":["<a href=\"https:\/\/penosil.com\/ro\/?taxonomy=translation_priority&#038;term=optional-ro\" class=\"advgb-post-tax-term\">Optional<\/a>"],"unlinked":["<span class=\"advgb-post-tax-term\">Optional<\/span>"],"slug":"translation_priority","name":"Translation Priorities"}},"series_order":"","_links":{"self":[{"href":"https:\/\/penosil.com\/ro\/wp-json\/wp\/v2\/product\/9901","targetHints":{"allow":["GET"]}}],"collection":[{"href":"https:\/\/penosil.com\/ro\/wp-json\/wp\/v2\/product"}],"about":[{"href":"https:\/\/penosil.com\/ro\/wp-json\/wp\/v2\/types\/product"}],"version-history":[{"count":7,"href":"https:\/\/penosil.com\/ro\/wp-json\/wp\/v2\/product\/9901\/revisions"}],"predecessor-version":[{"id":11991,"href":"https:\/\/penosil.com\/ro\/wp-json\/wp\/v2\/product\/9901\/revisions\/11991"}],"wp:featuredmedia":[{"embeddable":true,"href":"https:\/\/penosil.com\/ro\/wp-json\/wp\/v2\/media\/9902"}],"wp:attachment":[{"href":"https:\/\/penosil.com\/ro\/wp-json\/wp\/v2\/media?parent=9901"}],"wp:term":[{"taxonomy":"product_brand","embeddable":true,"href":"https:\/\/penosil.com\/ro\/wp-json\/wp\/v2\/product_brand?post=9901"},{"taxonomy":"product_cat","embeddable":true,"href":"https:\/\/penosil.com\/ro\/wp-json\/wp\/v2\/product_cat?post=9901"},{"taxonomy":"product_tag","embeddable":true,"href":"https:\/\/penosil.com\/ro\/wp-json\/wp\/v2\/product_tag?post=9901"}],"curies":[{"name":"wp","href":"https:\/\/api.w.org\/{rel}","templated":true}]}}