{"id":9915,"date":"2023-06-16T13:42:40","date_gmt":"2023-06-16T13:42:40","guid":{"rendered":"https:\/\/penosil.com\/ro\/?post_type=product&#038;p=9915"},"modified":"2026-04-16T09:15:45","modified_gmt":"2026-04-16T09:15:45","slug":"installation-gunfoam-pro65-156-spuma-cu-randament-crescut","status":"publish","type":"product","link":"https:\/\/penosil.com\/ro\/produse\/installation-gunfoam-pro65-156-spuma-cu-randament-crescut\/","title":{"rendered":"Installation Gunfoam PRO65 156"},"content":{"rendered":"<p>PENOSIL Installation Gunfoam 65 156 este o spum\u0103 poliuretanic\u0103 monocomponent\u0103 de var\u0103, cu randament ridicat, pentru lucr\u0103rile de etan\u0219are \u0219i instalare a ferestrelor \u0219i u\u0219ilor. Prezint\u0103 aderen\u021b\u0103 bun\u0103 la cele mai comune materiale de construc\u021bie, cum ar fi lemn, beton, piatr\u0103, ipsos, metal, PVC \u0219i polistiren. Asigur\u0103 etan\u0219are la aer \u0219i etan\u0219are fonic\u0103.<\/p>\n","protected":false},"excerpt":{"rendered":"PENOSIL Installation Gunfoam 65 156 este o spum\u0103 poliuretanic\u0103 monocomponent\u0103 de var\u0103, cu randament ridicat, pentru lucr\u0103rile de etan\u0219are \u0219i instalare a ferestrelor \u0219i u\u0219ilor. Prezint\u0103 aderen\u021b\u0103 bun\u0103 la cele mai comune materiale de construc\u021bie, cum ar fi lemn, beton, piatr\u0103, ipsos, metal, PVC \u0219i polistiren. Asigur\u0103 etan\u0219are la aer \u0219i etan\u0219are fonic\u0103.","protected":false},"author":13,"featured_media":9948,"template":"","meta":{"_acf_changed":false,"advgb_blocks_editor_width":"","advgb_blocks_columns_visual_guide":"","footnotes":""},"product_brand":[],"product_cat":[1544,338,1373,1502,1297],"product_tag":[],"class_list":{"0":"post-9915","1":"product","2":"type-product","3":"status-publish","4":"has-post-thumbnail","6":"product_cat-spume-de-pistol","7":"product_cat-categorii","8":"product_cat-game-de-produse","9":"product_cat-spume-de-constructie","10":"product_cat-usi-si-ferestre","12":"first","13":"instock","14":"taxable","15":"shipping-taxable","16":"purchasable","17":"product-type-simple"},"acf":[],"yoast_head":"<!-- This site is optimized with the Yoast SEO plugin v27.2 - https:\/\/yoast.com\/product\/yoast-seo-wordpress\/ -->\n<title>Installation Gunfoam PRO65 156 spum\u0103 cu randament crescut<\/title>\n<meta name=\"description\" content=\"Installation Gunfoam PRO65 156 spum\u0103 cu randament crescut \u0219i propriet\u0103\u021bi bune de izolare. Putere mai mare dec\u00e2t spuma obi\u0219nuit\u0103. Afl\u0103 mai multe!\" \/>\n<meta name=\"robots\" content=\"index, follow, max-snippet:-1, max-image-preview:large, max-video-preview:-1\" \/>\n<link rel=\"canonical\" href=\"https:\/\/penosil.com\/ro\/produse\/installation-gunfoam-pro65-156-spuma-cu-randament-crescut\/\" \/>\n<meta property=\"og:locale\" content=\"ro_RO\" \/>\n<meta property=\"og:type\" content=\"article\" \/>\n<meta property=\"og:title\" content=\"Installation Gunfoam PRO65 156 spum\u0103 cu randament crescut\" \/>\n<meta property=\"og:description\" content=\"Installation Gunfoam PRO65 156 spum\u0103 cu randament crescut \u0219i propriet\u0103\u021bi bune de izolare. Putere mai mare dec\u00e2t spuma obi\u0219nuit\u0103. Afl\u0103 mai multe!\" \/>\n<meta property=\"og:url\" content=\"https:\/\/penosil.com\/ro\/produse\/installation-gunfoam-pro65-156-spuma-cu-randament-crescut\/\" \/>\n<meta property=\"og:site_name\" content=\"Penosil Romania\" \/>\n<meta property=\"article:modified_time\" content=\"2026-04-16T09:15:45+00:00\" \/>\n<meta property=\"og:image\" content=\"https:\/\/penosil.com\/ro\/wp-content\/uploads\/sites\/8\/2023\/06\/A6092_156_Installation_Gunfoam_PRO_65_156_RO-1.png\" \/>\n\t<meta property=\"og:image:width\" content=\"523\" \/>\n\t<meta property=\"og:image:height\" content=\"1080\" \/>\n\t<meta property=\"og:image:type\" content=\"image\/png\" \/>\n<meta name=\"twitter:card\" content=\"summary_large_image\" \/>\n<meta name=\"twitter:label1\" content=\"Timp estimat pentru citire\" \/>\n\t<meta name=\"twitter:data1\" content=\"5 minute\" \/>\n<script type=\"application\/ld+json\" class=\"yoast-schema-graph\">{\"@context\":\"https:\/\/schema.org\",\"@graph\":[{\"@type\":\"WebPage\",\"@id\":\"https:\/\/penosil.com\/ro\/produse\/installation-gunfoam-pro65-156-spuma-cu-randament-crescut\/\",\"url\":\"https:\/\/penosil.com\/ro\/produse\/installation-gunfoam-pro65-156-spuma-cu-randament-crescut\/\",\"name\":\"Installation Gunfoam PRO65 156 spum\u0103 cu randament crescut\",\"isPartOf\":{\"@id\":\"https:\/\/penosil.com\/ro\/#website\"},\"primaryImageOfPage\":{\"@id\":\"https:\/\/penosil.com\/ro\/produse\/installation-gunfoam-pro65-156-spuma-cu-randament-crescut\/#primaryimage\"},\"image\":{\"@id\":\"https:\/\/penosil.com\/ro\/produse\/installation-gunfoam-pro65-156-spuma-cu-randament-crescut\/#primaryimage\"},\"thumbnailUrl\":\"https:\/\/penosil.com\/ro\/wp-content\/uploads\/sites\/8\/2023\/06\/A6092_156_Installation_Gunfoam_PRO_65_156_RO-1.png\",\"datePublished\":\"2023-06-16T13:42:40+00:00\",\"dateModified\":\"2026-04-16T09:15:45+00:00\",\"description\":\"Installation Gunfoam PRO65 156 spum\u0103 cu randament crescut \u0219i propriet\u0103\u021bi bune de izolare. Putere mai mare dec\u00e2t spuma obi\u0219nuit\u0103. Afl\u0103 mai multe!\",\"breadcrumb\":{\"@id\":\"https:\/\/penosil.com\/ro\/produse\/installation-gunfoam-pro65-156-spuma-cu-randament-crescut\/#breadcrumb\"},\"inLanguage\":\"ro-RO\",\"potentialAction\":[{\"@type\":\"ReadAction\",\"target\":[\"https:\/\/penosil.com\/ro\/produse\/installation-gunfoam-pro65-156-spuma-cu-randament-crescut\/\"]}]},{\"@type\":\"ImageObject\",\"inLanguage\":\"ro-RO\",\"@id\":\"https:\/\/penosil.com\/ro\/produse\/installation-gunfoam-pro65-156-spuma-cu-randament-crescut\/#primaryimage\",\"url\":\"https:\/\/penosil.com\/ro\/wp-content\/uploads\/sites\/8\/2023\/06\/A6092_156_Installation_Gunfoam_PRO_65_156_RO-1.png\",\"contentUrl\":\"https:\/\/penosil.com\/ro\/wp-content\/uploads\/sites\/8\/2023\/06\/A6092_156_Installation_Gunfoam_PRO_65_156_RO-1.png\",\"width\":523,\"height\":1080,\"caption\":\"PENOSIL Installation Gunfoam 65 156 spum\u0103 poliuretanic\u0103 monocomponent\u0103 de var\u0103, randament ridicat\"},{\"@type\":\"BreadcrumbList\",\"@id\":\"https:\/\/penosil.com\/ro\/produse\/installation-gunfoam-pro65-156-spuma-cu-randament-crescut\/#breadcrumb\",\"itemListElement\":[{\"@type\":\"ListItem\",\"position\":1,\"name\":\"Prima pagin\u0103\",\"item\":\"https:\/\/penosil.com\/ro\/\"},{\"@type\":\"ListItem\",\"position\":2,\"name\":\"Produse\",\"item\":\"https:\/\/penosil.com\/ro\/etansanti\/\"},{\"@type\":\"ListItem\",\"position\":3,\"name\":\"Installation Gunfoam PRO65 156\"}]},{\"@type\":\"WebSite\",\"@id\":\"https:\/\/penosil.com\/ro\/#website\",\"url\":\"https:\/\/penosil.com\/ro\/\",\"name\":\"Penosil Romania\",\"description\":\"\",\"potentialAction\":[{\"@type\":\"SearchAction\",\"target\":{\"@type\":\"EntryPoint\",\"urlTemplate\":\"https:\/\/penosil.com\/ro\/?s={search_term_string}\"},\"query-input\":{\"@type\":\"PropertyValueSpecification\",\"valueRequired\":true,\"valueName\":\"search_term_string\"}}],\"inLanguage\":\"ro-RO\"}]}<\/script>\n<!-- \/ Yoast SEO plugin. -->","yoast_head_json":{"title":"Installation Gunfoam PRO65 156 spum\u0103 cu randament crescut","description":"Installation Gunfoam PRO65 156 spum\u0103 cu randament crescut \u0219i propriet\u0103\u021bi bune de izolare. Putere mai mare dec\u00e2t spuma obi\u0219nuit\u0103. Afl\u0103 mai multe!","robots":{"index":"index","follow":"follow","max-snippet":"max-snippet:-1","max-image-preview":"max-image-preview:large","max-video-preview":"max-video-preview:-1"},"canonical":"https:\/\/penosil.com\/ro\/produse\/installation-gunfoam-pro65-156-spuma-cu-randament-crescut\/","og_locale":"ro_RO","og_type":"article","og_title":"Installation Gunfoam PRO65 156 spum\u0103 cu randament crescut","og_description":"Installation Gunfoam PRO65 156 spum\u0103 cu randament crescut \u0219i propriet\u0103\u021bi bune de izolare. Putere mai mare dec\u00e2t spuma obi\u0219nuit\u0103. Afl\u0103 mai multe!","og_url":"https:\/\/penosil.com\/ro\/produse\/installation-gunfoam-pro65-156-spuma-cu-randament-crescut\/","og_site_name":"Penosil Romania","article_modified_time":"2026-04-16T09:15:45+00:00","og_image":[{"width":523,"height":1080,"url":"https:\/\/penosil.com\/ro\/wp-content\/uploads\/sites\/8\/2023\/06\/A6092_156_Installation_Gunfoam_PRO_65_156_RO-1.png","type":"image\/png"}],"twitter_card":"summary_large_image","twitter_misc":{"Timp estimat pentru citire":"5 minute"},"schema":{"@context":"https:\/\/schema.org","@graph":[{"@type":"WebPage","@id":"https:\/\/penosil.com\/ro\/produse\/installation-gunfoam-pro65-156-spuma-cu-randament-crescut\/","url":"https:\/\/penosil.com\/ro\/produse\/installation-gunfoam-pro65-156-spuma-cu-randament-crescut\/","name":"Installation Gunfoam PRO65 156 spum\u0103 cu randament crescut","isPartOf":{"@id":"https:\/\/penosil.com\/ro\/#website"},"primaryImageOfPage":{"@id":"https:\/\/penosil.com\/ro\/produse\/installation-gunfoam-pro65-156-spuma-cu-randament-crescut\/#primaryimage"},"image":{"@id":"https:\/\/penosil.com\/ro\/produse\/installation-gunfoam-pro65-156-spuma-cu-randament-crescut\/#primaryimage"},"thumbnailUrl":"https:\/\/penosil.com\/ro\/wp-content\/uploads\/sites\/8\/2023\/06\/A6092_156_Installation_Gunfoam_PRO_65_156_RO-1.png","datePublished":"2023-06-16T13:42:40+00:00","dateModified":"2026-04-16T09:15:45+00:00","description":"Installation Gunfoam PRO65 156 spum\u0103 cu randament crescut \u0219i propriet\u0103\u021bi bune de izolare. Putere mai mare dec\u00e2t spuma obi\u0219nuit\u0103. Afl\u0103 mai multe!","breadcrumb":{"@id":"https:\/\/penosil.com\/ro\/produse\/installation-gunfoam-pro65-156-spuma-cu-randament-crescut\/#breadcrumb"},"inLanguage":"ro-RO","potentialAction":[{"@type":"ReadAction","target":["https:\/\/penosil.com\/ro\/produse\/installation-gunfoam-pro65-156-spuma-cu-randament-crescut\/"]}]},{"@type":"ImageObject","inLanguage":"ro-RO","@id":"https:\/\/penosil.com\/ro\/produse\/installation-gunfoam-pro65-156-spuma-cu-randament-crescut\/#primaryimage","url":"https:\/\/penosil.com\/ro\/wp-content\/uploads\/sites\/8\/2023\/06\/A6092_156_Installation_Gunfoam_PRO_65_156_RO-1.png","contentUrl":"https:\/\/penosil.com\/ro\/wp-content\/uploads\/sites\/8\/2023\/06\/A6092_156_Installation_Gunfoam_PRO_65_156_RO-1.png","width":523,"height":1080,"caption":"PENOSIL Installation Gunfoam 65 156 spum\u0103 poliuretanic\u0103 monocomponent\u0103 de var\u0103, randament ridicat"},{"@type":"BreadcrumbList","@id":"https:\/\/penosil.com\/ro\/produse\/installation-gunfoam-pro65-156-spuma-cu-randament-crescut\/#breadcrumb","itemListElement":[{"@type":"ListItem","position":1,"name":"Prima pagin\u0103","item":"https:\/\/penosil.com\/ro\/"},{"@type":"ListItem","position":2,"name":"Produse","item":"https:\/\/penosil.com\/ro\/etansanti\/"},{"@type":"ListItem","position":3,"name":"Installation Gunfoam PRO65 156"}]},{"@type":"WebSite","@id":"https:\/\/penosil.com\/ro\/#website","url":"https:\/\/penosil.com\/ro\/","name":"Penosil Romania","description":"","potentialAction":[{"@type":"SearchAction","target":{"@type":"EntryPoint","urlTemplate":"https:\/\/penosil.com\/ro\/?s={search_term_string}"},"query-input":{"@type":"PropertyValueSpecification","valueRequired":true,"valueName":"search_term_string"}}],"inLanguage":"ro-RO"}]}},"featured_img":"https:\/\/penosil.com\/ro\/wp-content\/uploads\/sites\/8\/2023\/06\/A6092_156_Installation_Gunfoam_PRO_65_156_RO-1.png","coauthors":[],"author_meta":{"author_link":"https:\/\/penosil.com\/ro\/author\/mara\/","display_name":"Mara"},"relative_dates":{"created":"Posted 3 ani ago","modified":"Updated o or\u0103 ago"},"absolute_dates":{"created":"Posted on 16 iunie 2023","modified":"Updated on 16 aprilie 2026"},"absolute_dates_time":{"created":"Posted on 16 iunie 2023 13:42","modified":"Updated on 16 aprilie 2026 9:15"},"featured_img_caption":"","tax_additional":{"product_brand":{"linked":[],"unlinked":[],"slug":"product_brand","name":"Branduri"},"product_type":{"linked":["<a href=\"https:\/\/penosil.com\/ro\/?taxonomy=product_type&#038;term=simple\" class=\"advgb-post-tax-term\">simple<\/a>"],"unlinked":["<span class=\"advgb-post-tax-term\">simple<\/span>"],"slug":"product_type","name":"Tip de produs"},"product_visibility":{"linked":[],"unlinked":[],"slug":"product_visibility","name":"Vizibilitate produs"},"product_cat":{"linked":["<a href=\"https:\/\/penosil.com\/ro\/categorie-produs\/game-de-produse\/spume-de-constructie\/spume-de-pistol\/\" class=\"advgb-post-tax-term\">Spume de pistol<\/a>","<a href=\"https:\/\/penosil.com\/ro\/categorie-produs\/categorii\/\" class=\"advgb-post-tax-term\">Categorii<\/a>","<a href=\"https:\/\/penosil.com\/ro\/categorie-produs\/game-de-produse\/\" class=\"advgb-post-tax-term\">Game de produse<\/a>","<a href=\"https:\/\/penosil.com\/ro\/categorie-produs\/game-de-produse\/spume-de-constructie\/\" class=\"advgb-post-tax-term\">Spume de construc\u021bie<\/a>","<a href=\"https:\/\/penosil.com\/ro\/categorie-produs\/categorii\/usi-si-ferestre\/\" class=\"advgb-post-tax-term\">Ferestre \u0219i U\u0219i<\/a>"],"unlinked":["<span class=\"advgb-post-tax-term\">Spume de pistol<\/span>","<span class=\"advgb-post-tax-term\">Categorii<\/span>","<span class=\"advgb-post-tax-term\">Game de produse<\/span>","<span class=\"advgb-post-tax-term\">Spume de construc\u021bie<\/span>","<span class=\"advgb-post-tax-term\">Ferestre \u0219i U\u0219i<\/span>"],"slug":"product_cat","name":"Categorii de produse"},"product_tag":{"linked":[],"unlinked":[],"slug":"product_tag","name":"Etichete produs"},"product_shipping_class":{"linked":[],"unlinked":[],"slug":"product_shipping_class","name":"Clase de livrare produse"},"pos_product_visibility":{"linked":[],"unlinked":[],"slug":"pos_product_visibility","name":"Vizibilitate produse \u00een POS"},"pa_ambalaj":{"linked":["<a href=\"https:\/\/penosil.com\/ro\/?taxonomy=pa_ambalaj&#038;term=870-ml\" class=\"advgb-post-tax-term\">870 ml<\/a>"],"unlinked":["<span class=\"advgb-post-tax-term\">870 ml<\/span>"],"slug":"pa_ambalaj","name":"Product AMBALAJ"},"pa_culoare":{"linked":["<a href=\"https:\/\/penosil.com\/ro\/?taxonomy=pa_culoare&#038;term=galben-deschis\" class=\"advgb-post-tax-term\">Galben deschis<\/a>"],"unlinked":["<span class=\"advgb-post-tax-term\">Galben deschis<\/span>"],"slug":"pa_culoare","name":"Product CULOARE"},"pa_ean":{"linked":[],"unlinked":[],"slug":"pa_ean","name":"Product EAN"},"pa_latime-banda":{"linked":[],"unlinked":[],"slug":"pa_latime-banda","name":"Product L\u0102\u021aIME BAND\u0102"},"pa_latime-rost":{"linked":[],"unlinked":[],"slug":"pa_latime-rost","name":"Product L\u0102\u021aIME ROST"},"translation_priority":{"linked":["<a href=\"https:\/\/penosil.com\/ro\/?taxonomy=translation_priority&#038;term=optional-ro\" class=\"advgb-post-tax-term\">Optional<\/a>"],"unlinked":["<span class=\"advgb-post-tax-term\">Optional<\/span>"],"slug":"translation_priority","name":"Translation Priorities"}},"series_order":"","_links":{"self":[{"href":"https:\/\/penosil.com\/ro\/wp-json\/wp\/v2\/product\/9915","targetHints":{"allow":["GET"]}}],"collection":[{"href":"https:\/\/penosil.com\/ro\/wp-json\/wp\/v2\/product"}],"about":[{"href":"https:\/\/penosil.com\/ro\/wp-json\/wp\/v2\/types\/product"}],"version-history":[{"count":2,"href":"https:\/\/penosil.com\/ro\/wp-json\/wp\/v2\/product\/9915\/revisions"}],"predecessor-version":[{"id":11488,"href":"https:\/\/penosil.com\/ro\/wp-json\/wp\/v2\/product\/9915\/revisions\/11488"}],"wp:featuredmedia":[{"embeddable":true,"href":"https:\/\/penosil.com\/ro\/wp-json\/wp\/v2\/media\/9948"}],"wp:attachment":[{"href":"https:\/\/penosil.com\/ro\/wp-json\/wp\/v2\/media?parent=9915"}],"wp:term":[{"taxonomy":"product_brand","embeddable":true,"href":"https:\/\/penosil.com\/ro\/wp-json\/wp\/v2\/product_brand?post=9915"},{"taxonomy":"product_cat","embeddable":true,"href":"https:\/\/penosil.com\/ro\/wp-json\/wp\/v2\/product_cat?post=9915"},{"taxonomy":"product_tag","embeddable":true,"href":"https:\/\/penosil.com\/ro\/wp-json\/wp\/v2\/product_tag?post=9915"}],"curies":[{"name":"wp","href":"https:\/\/api.w.org\/{rel}","templated":true}]}}