{"id":9932,"date":"2023-06-27T09:06:48","date_gmt":"2023-06-27T09:06:48","guid":{"rendered":"https:\/\/penosil.com\/ro\/?post_type=product&#038;p=9932"},"modified":"2026-04-21T11:00:26","modified_gmt":"2026-04-21T11:00:26","slug":"acrylic-sealant-636-etansant-acrilic-care-se-poate-vopsi","status":"publish","type":"product","link":"https:\/\/penosil.com\/ro\/produse\/acrylic-sealant-636-etansant-acrilic-care-se-poate-vopsi\/","title":{"rendered":"Acrylic Sealant 636"},"content":{"rendered":"<p>PENOSIL Acrylic Sealant 636 este un etan\u0219ant acrilic pe baz\u0103 de ap\u0103, care poate fi vopsit, cu o textur\u0103 extra fin\u0103 pentru umplerea golurilor \u0219i a rosturilor \u00eenainte de vopsire. Formeaz\u0103 o conexiune din plastic de lung\u0103 durat\u0103, rezistent\u0103 la UV \u0219i la mucegai, compatibil cu cele mai comune materiale de construc\u021bie, cum ar fi betonul, gips-cartonul \u0219i lemnul.<\/p>\n","protected":false},"excerpt":{"rendered":"PENOSIL Acrylic Sealant 636 este un etan\u0219ant acrilic pe baz\u0103 de ap\u0103, care poate fi vopsit, cu o textur\u0103 extra fin\u0103 pentru umplerea golurilor \u0219i a rosturilor \u00eenainte de vopsire. Formeaz\u0103 o conexiune din plastic de lung\u0103 durat\u0103, rezistent\u0103 la UV \u0219i la mucegai, compatibil cu cele mai comune materiale de construc\u021bie, cum ar fi [&hellip;]","protected":false},"author":13,"featured_media":9935,"template":"","meta":{"_acf_changed":false,"advgb_blocks_editor_width":"","advgb_blocks_columns_visual_guide":"","footnotes":""},"product_brand":[],"product_cat":[338,1373,1631,1610,582],"product_tag":[],"class_list":{"0":"post-9932","1":"product","2":"type-product","3":"status-publish","4":"has-post-thumbnail","6":"product_cat-categorii","7":"product_cat-game-de-produse","8":"product_cat-etansanti-acrilici","9":"product_cat-etansanti","10":"product_cat-finisari","12":"first","13":"instock","14":"taxable","15":"shipping-taxable","16":"purchasable","17":"product-type-variable","18":"has-default-attributes"},"acf":[],"yoast_head":"<!-- This site is optimized with the Yoast SEO plugin v27.4 - https:\/\/yoast.com\/product\/yoast-seo-wordpress\/ -->\n<title>Acrylic Sealant 636 etan\u0219ant acrilic care se poate vopsi<\/title>\n<meta name=\"description\" content=\"PENOSIL Acrylic Sealant 636, etan\u0219ant care se poate vopsi pentru umplere fisuri \u00eenainte de vopsire. Aderen\u021b\u0103 la majoritatea materialelor, rezistent la UV.\" \/>\n<meta name=\"robots\" content=\"index, follow, max-snippet:-1, max-image-preview:large, max-video-preview:-1\" \/>\n<link rel=\"canonical\" href=\"https:\/\/penosil.com\/ro\/produse\/acrylic-sealant-636-etansant-acrilic-care-se-poate-vopsi\/\" \/>\n<meta property=\"og:locale\" content=\"ro_RO\" \/>\n<meta property=\"og:type\" content=\"article\" \/>\n<meta property=\"og:title\" content=\"Acrylic Sealant 636 etan\u0219ant acrilic care se poate vopsi\" \/>\n<meta property=\"og:description\" content=\"PENOSIL Acrylic Sealant 636, etan\u0219ant care se poate vopsi pentru umplere fisuri \u00eenainte de vopsire. Aderen\u021b\u0103 la majoritatea materialelor, rezistent la UV.\" \/>\n<meta property=\"og:url\" content=\"https:\/\/penosil.com\/ro\/produse\/acrylic-sealant-636-etansant-acrilic-care-se-poate-vopsi\/\" \/>\n<meta property=\"og:site_name\" content=\"Penosil Romania\" \/>\n<meta property=\"article:modified_time\" content=\"2026-04-21T11:00:26+00:00\" \/>\n<meta property=\"og:image\" content=\"https:\/\/penosil.com\/ro\/wp-content\/uploads\/sites\/8\/2023\/06\/H4628_636_Acrylic_Sealant_636_white_RO.png\" \/>\n\t<meta property=\"og:image:width\" content=\"387\" \/>\n\t<meta property=\"og:image:height\" content=\"1080\" \/>\n\t<meta property=\"og:image:type\" content=\"image\/png\" \/>\n<meta name=\"twitter:card\" content=\"summary_large_image\" \/>\n<meta name=\"twitter:label1\" content=\"Timp estimat pentru citire\" \/>\n\t<meta name=\"twitter:data1\" content=\"3 minute\" \/>\n<script type=\"application\/ld+json\" class=\"yoast-schema-graph\">{\"@context\":\"https:\\\/\\\/schema.org\",\"@graph\":[{\"@type\":\"WebPage\",\"@id\":\"https:\\\/\\\/penosil.com\\\/ro\\\/produse\\\/acrylic-sealant-636-etansant-acrilic-care-se-poate-vopsi\\\/\",\"url\":\"https:\\\/\\\/penosil.com\\\/ro\\\/produse\\\/acrylic-sealant-636-etansant-acrilic-care-se-poate-vopsi\\\/\",\"name\":\"Acrylic Sealant 636 etan\u0219ant acrilic care se poate vopsi\",\"isPartOf\":{\"@id\":\"https:\\\/\\\/penosil.com\\\/ro\\\/#website\"},\"primaryImageOfPage\":{\"@id\":\"https:\\\/\\\/penosil.com\\\/ro\\\/produse\\\/acrylic-sealant-636-etansant-acrilic-care-se-poate-vopsi\\\/#primaryimage\"},\"image\":{\"@id\":\"https:\\\/\\\/penosil.com\\\/ro\\\/produse\\\/acrylic-sealant-636-etansant-acrilic-care-se-poate-vopsi\\\/#primaryimage\"},\"thumbnailUrl\":\"https:\\\/\\\/penosil.com\\\/ro\\\/wp-content\\\/uploads\\\/sites\\\/8\\\/2023\\\/06\\\/H4628_636_Acrylic_Sealant_636_white_RO.png\",\"datePublished\":\"2023-06-27T09:06:48+00:00\",\"dateModified\":\"2026-04-21T11:00:26+00:00\",\"description\":\"PENOSIL Acrylic Sealant 636, etan\u0219ant care se poate vopsi pentru umplere fisuri \u00eenainte de vopsire. Aderen\u021b\u0103 la majoritatea materialelor, rezistent la UV.\",\"breadcrumb\":{\"@id\":\"https:\\\/\\\/penosil.com\\\/ro\\\/produse\\\/acrylic-sealant-636-etansant-acrilic-care-se-poate-vopsi\\\/#breadcrumb\"},\"inLanguage\":\"ro-RO\",\"potentialAction\":[{\"@type\":\"ReadAction\",\"target\":[\"https:\\\/\\\/penosil.com\\\/ro\\\/produse\\\/acrylic-sealant-636-etansant-acrilic-care-se-poate-vopsi\\\/\"]}]},{\"@type\":\"ImageObject\",\"inLanguage\":\"ro-RO\",\"@id\":\"https:\\\/\\\/penosil.com\\\/ro\\\/produse\\\/acrylic-sealant-636-etansant-acrilic-care-se-poate-vopsi\\\/#primaryimage\",\"url\":\"https:\\\/\\\/penosil.com\\\/ro\\\/wp-content\\\/uploads\\\/sites\\\/8\\\/2023\\\/06\\\/H4628_636_Acrylic_Sealant_636_white_RO.png\",\"contentUrl\":\"https:\\\/\\\/penosil.com\\\/ro\\\/wp-content\\\/uploads\\\/sites\\\/8\\\/2023\\\/06\\\/H4628_636_Acrylic_Sealant_636_white_RO.png\",\"width\":387,\"height\":1080,\"caption\":\"PENOSIL Acrylic Sealant 636 etan\u0219ant acrilic care se poate vopsi\"},{\"@type\":\"BreadcrumbList\",\"@id\":\"https:\\\/\\\/penosil.com\\\/ro\\\/produse\\\/acrylic-sealant-636-etansant-acrilic-care-se-poate-vopsi\\\/#breadcrumb\",\"itemListElement\":[{\"@type\":\"ListItem\",\"position\":1,\"name\":\"Prima pagin\u0103\",\"item\":\"https:\\\/\\\/penosil.com\\\/ro\\\/\"},{\"@type\":\"ListItem\",\"position\":2,\"name\":\"Produse\",\"item\":\"https:\\\/\\\/penosil.com\\\/ro\\\/etansanti\\\/\"},{\"@type\":\"ListItem\",\"position\":3,\"name\":\"Acrylic Sealant 636\"}]},{\"@type\":\"WebSite\",\"@id\":\"https:\\\/\\\/penosil.com\\\/ro\\\/#website\",\"url\":\"https:\\\/\\\/penosil.com\\\/ro\\\/\",\"name\":\"Penosil Romania\",\"description\":\"\",\"potentialAction\":[{\"@type\":\"SearchAction\",\"target\":{\"@type\":\"EntryPoint\",\"urlTemplate\":\"https:\\\/\\\/penosil.com\\\/ro\\\/?s={search_term_string}\"},\"query-input\":{\"@type\":\"PropertyValueSpecification\",\"valueRequired\":true,\"valueName\":\"search_term_string\"}}],\"inLanguage\":\"ro-RO\"}]}<\/script>\n<!-- \/ Yoast SEO plugin. -->","yoast_head_json":{"title":"Acrylic Sealant 636 etan\u0219ant acrilic care se poate vopsi","description":"PENOSIL Acrylic Sealant 636, etan\u0219ant care se poate vopsi pentru umplere fisuri \u00eenainte de vopsire. Aderen\u021b\u0103 la majoritatea materialelor, rezistent la UV.","robots":{"index":"index","follow":"follow","max-snippet":"max-snippet:-1","max-image-preview":"max-image-preview:large","max-video-preview":"max-video-preview:-1"},"canonical":"https:\/\/penosil.com\/ro\/produse\/acrylic-sealant-636-etansant-acrilic-care-se-poate-vopsi\/","og_locale":"ro_RO","og_type":"article","og_title":"Acrylic Sealant 636 etan\u0219ant acrilic care se poate vopsi","og_description":"PENOSIL Acrylic Sealant 636, etan\u0219ant care se poate vopsi pentru umplere fisuri \u00eenainte de vopsire. Aderen\u021b\u0103 la majoritatea materialelor, rezistent la UV.","og_url":"https:\/\/penosil.com\/ro\/produse\/acrylic-sealant-636-etansant-acrilic-care-se-poate-vopsi\/","og_site_name":"Penosil Romania","article_modified_time":"2026-04-21T11:00:26+00:00","og_image":[{"width":387,"height":1080,"url":"https:\/\/penosil.com\/ro\/wp-content\/uploads\/sites\/8\/2023\/06\/H4628_636_Acrylic_Sealant_636_white_RO.png","type":"image\/png"}],"twitter_card":"summary_large_image","twitter_misc":{"Timp estimat pentru citire":"3 minute"},"schema":{"@context":"https:\/\/schema.org","@graph":[{"@type":"WebPage","@id":"https:\/\/penosil.com\/ro\/produse\/acrylic-sealant-636-etansant-acrilic-care-se-poate-vopsi\/","url":"https:\/\/penosil.com\/ro\/produse\/acrylic-sealant-636-etansant-acrilic-care-se-poate-vopsi\/","name":"Acrylic Sealant 636 etan\u0219ant acrilic care se poate vopsi","isPartOf":{"@id":"https:\/\/penosil.com\/ro\/#website"},"primaryImageOfPage":{"@id":"https:\/\/penosil.com\/ro\/produse\/acrylic-sealant-636-etansant-acrilic-care-se-poate-vopsi\/#primaryimage"},"image":{"@id":"https:\/\/penosil.com\/ro\/produse\/acrylic-sealant-636-etansant-acrilic-care-se-poate-vopsi\/#primaryimage"},"thumbnailUrl":"https:\/\/penosil.com\/ro\/wp-content\/uploads\/sites\/8\/2023\/06\/H4628_636_Acrylic_Sealant_636_white_RO.png","datePublished":"2023-06-27T09:06:48+00:00","dateModified":"2026-04-21T11:00:26+00:00","description":"PENOSIL Acrylic Sealant 636, etan\u0219ant care se poate vopsi pentru umplere fisuri \u00eenainte de vopsire. Aderen\u021b\u0103 la majoritatea materialelor, rezistent la UV.","breadcrumb":{"@id":"https:\/\/penosil.com\/ro\/produse\/acrylic-sealant-636-etansant-acrilic-care-se-poate-vopsi\/#breadcrumb"},"inLanguage":"ro-RO","potentialAction":[{"@type":"ReadAction","target":["https:\/\/penosil.com\/ro\/produse\/acrylic-sealant-636-etansant-acrilic-care-se-poate-vopsi\/"]}]},{"@type":"ImageObject","inLanguage":"ro-RO","@id":"https:\/\/penosil.com\/ro\/produse\/acrylic-sealant-636-etansant-acrilic-care-se-poate-vopsi\/#primaryimage","url":"https:\/\/penosil.com\/ro\/wp-content\/uploads\/sites\/8\/2023\/06\/H4628_636_Acrylic_Sealant_636_white_RO.png","contentUrl":"https:\/\/penosil.com\/ro\/wp-content\/uploads\/sites\/8\/2023\/06\/H4628_636_Acrylic_Sealant_636_white_RO.png","width":387,"height":1080,"caption":"PENOSIL Acrylic Sealant 636 etan\u0219ant acrilic care se poate vopsi"},{"@type":"BreadcrumbList","@id":"https:\/\/penosil.com\/ro\/produse\/acrylic-sealant-636-etansant-acrilic-care-se-poate-vopsi\/#breadcrumb","itemListElement":[{"@type":"ListItem","position":1,"name":"Prima pagin\u0103","item":"https:\/\/penosil.com\/ro\/"},{"@type":"ListItem","position":2,"name":"Produse","item":"https:\/\/penosil.com\/ro\/etansanti\/"},{"@type":"ListItem","position":3,"name":"Acrylic Sealant 636"}]},{"@type":"WebSite","@id":"https:\/\/penosil.com\/ro\/#website","url":"https:\/\/penosil.com\/ro\/","name":"Penosil Romania","description":"","potentialAction":[{"@type":"SearchAction","target":{"@type":"EntryPoint","urlTemplate":"https:\/\/penosil.com\/ro\/?s={search_term_string}"},"query-input":{"@type":"PropertyValueSpecification","valueRequired":true,"valueName":"search_term_string"}}],"inLanguage":"ro-RO"}]}},"featured_img":"https:\/\/penosil.com\/ro\/wp-content\/uploads\/sites\/8\/2023\/06\/H4628_636_Acrylic_Sealant_636_white_RO.png","coauthors":[],"author_meta":{"author_link":"https:\/\/penosil.com\/ro\/author\/mara\/","display_name":"Mara"},"relative_dates":{"created":"Posted 3 ani ago","modified":"Updated 8 ore ago"},"absolute_dates":{"created":"Posted on 27 iunie 2023","modified":"Updated on 21 aprilie 2026"},"absolute_dates_time":{"created":"Posted on 27 iunie 2023 9:06","modified":"Updated on 21 aprilie 2026 11:00"},"featured_img_caption":"","tax_additional":{"product_brand":{"linked":[],"unlinked":[],"slug":"product_brand","name":"Branduri"},"product_type":{"linked":["<a href=\"https:\/\/penosil.com\/ro\/?taxonomy=product_type&#038;term=variable\" class=\"advgb-post-tax-term\">variable<\/a>"],"unlinked":["<span class=\"advgb-post-tax-term\">variable<\/span>"],"slug":"product_type","name":"Tip de produs"},"product_visibility":{"linked":[],"unlinked":[],"slug":"product_visibility","name":"Vizibilitate produs"},"product_cat":{"linked":["<a href=\"https:\/\/penosil.com\/ro\/categorie-produs\/categorii\/\" class=\"advgb-post-tax-term\">Categorii<\/a>","<a href=\"https:\/\/penosil.com\/ro\/categorie-produs\/game-de-produse\/\" class=\"advgb-post-tax-term\">Game de produse<\/a>","<a href=\"https:\/\/penosil.com\/ro\/categorie-produs\/game-de-produse\/etansanti\/etansanti-acrilici\/\" class=\"advgb-post-tax-term\">Etan\u0219an\u021bi acrilici<\/a>","<a href=\"https:\/\/penosil.com\/ro\/categorie-produs\/game-de-produse\/etansanti\/\" class=\"advgb-post-tax-term\">Etan\u0219an\u021bi<\/a>","<a href=\"https:\/\/penosil.com\/ro\/categorie-produs\/categorii\/finisari\/\" class=\"advgb-post-tax-term\">Lucr\u0103ri de Finisare<\/a>"],"unlinked":["<span class=\"advgb-post-tax-term\">Categorii<\/span>","<span class=\"advgb-post-tax-term\">Game de produse<\/span>","<span class=\"advgb-post-tax-term\">Etan\u0219an\u021bi acrilici<\/span>","<span class=\"advgb-post-tax-term\">Etan\u0219an\u021bi<\/span>","<span class=\"advgb-post-tax-term\">Lucr\u0103ri de Finisare<\/span>"],"slug":"product_cat","name":"Categorii de produse"},"product_tag":{"linked":[],"unlinked":[],"slug":"product_tag","name":"Etichete produs"},"product_shipping_class":{"linked":[],"unlinked":[],"slug":"product_shipping_class","name":"Clase de livrare produse"},"pos_product_visibility":{"linked":[],"unlinked":[],"slug":"pos_product_visibility","name":"Vizibilitate produse \u00een POS"},"pa_ambalaj":{"linked":["<a href=\"https:\/\/penosil.com\/ro\/?taxonomy=pa_ambalaj&#038;term=280-ml\" class=\"advgb-post-tax-term\">280 ml<\/a>"],"unlinked":["<span class=\"advgb-post-tax-term\">280 ml<\/span>"],"slug":"pa_ambalaj","name":"Product AMBALAJ"},"pa_culoare":{"linked":["<a href=\"https:\/\/penosil.com\/ro\/?taxonomy=pa_culoare&#038;term=alb\" class=\"advgb-post-tax-term\">Alb<\/a>","<a href=\"https:\/\/penosil.com\/ro\/?taxonomy=pa_culoare&#038;term=gri\" class=\"advgb-post-tax-term\">Gri<\/a>"],"unlinked":["<span class=\"advgb-post-tax-term\">Alb<\/span>","<span class=\"advgb-post-tax-term\">Gri<\/span>"],"slug":"pa_culoare","name":"Product CULOARE"},"pa_ean":{"linked":[],"unlinked":[],"slug":"pa_ean","name":"Product EAN"},"pa_latime-banda":{"linked":[],"unlinked":[],"slug":"pa_latime-banda","name":"Product L\u0102\u021aIME BAND\u0102"},"pa_latime-rost":{"linked":[],"unlinked":[],"slug":"pa_latime-rost","name":"Product L\u0102\u021aIME ROST"},"translation_priority":{"linked":["<a href=\"https:\/\/penosil.com\/ro\/?taxonomy=translation_priority&#038;term=optional-ro\" class=\"advgb-post-tax-term\">Optional<\/a>"],"unlinked":["<span class=\"advgb-post-tax-term\">Optional<\/span>"],"slug":"translation_priority","name":"Translation Priorities"}},"series_order":"","_links":{"self":[{"href":"https:\/\/penosil.com\/ro\/wp-json\/wp\/v2\/product\/9932","targetHints":{"allow":["GET"]}}],"collection":[{"href":"https:\/\/penosil.com\/ro\/wp-json\/wp\/v2\/product"}],"about":[{"href":"https:\/\/penosil.com\/ro\/wp-json\/wp\/v2\/types\/product"}],"version-history":[{"count":4,"href":"https:\/\/penosil.com\/ro\/wp-json\/wp\/v2\/product\/9932\/revisions"}],"predecessor-version":[{"id":11988,"href":"https:\/\/penosil.com\/ro\/wp-json\/wp\/v2\/product\/9932\/revisions\/11988"}],"wp:featuredmedia":[{"embeddable":true,"href":"https:\/\/penosil.com\/ro\/wp-json\/wp\/v2\/media\/9935"}],"wp:attachment":[{"href":"https:\/\/penosil.com\/ro\/wp-json\/wp\/v2\/media?parent=9932"}],"wp:term":[{"taxonomy":"product_brand","embeddable":true,"href":"https:\/\/penosil.com\/ro\/wp-json\/wp\/v2\/product_brand?post=9932"},{"taxonomy":"product_cat","embeddable":true,"href":"https:\/\/penosil.com\/ro\/wp-json\/wp\/v2\/product_cat?post=9932"},{"taxonomy":"product_tag","embeddable":true,"href":"https:\/\/penosil.com\/ro\/wp-json\/wp\/v2\/product_tag?post=9932"}],"curies":[{"name":"wp","href":"https:\/\/api.w.org\/{rel}","templated":true}]}}