{"id":9941,"date":"2023-06-27T10:02:59","date_gmt":"2023-06-27T10:02:59","guid":{"rendered":"https:\/\/penosil.com\/ro\/?post_type=product&#038;p=9941"},"modified":"2026-04-15T11:00:22","modified_gmt":"2026-04-15T11:00:22","slug":"styrofix-615-adeziv-pentru-lipirea-polistirenului","status":"publish","type":"product","link":"https:\/\/penosil.com\/ro\/produse\/styrofix-615-adeziv-pentru-lipirea-polistirenului\/","title":{"rendered":"StyroFix 615"},"content":{"rendered":"<p>PENOSIL StyroFix 615 este un adeziv acrilic pe baz\u0103 de ap\u0103 pentru lucr\u0103ri de lipire la interior. Excelent pentru montarea elementelor \u0219i pl\u0103cilor din polistiren, spum\u0103 poliuretanic\u0103, lemn \u0219i ipsos. Formeaz\u0103 o leg\u0103tur\u0103 de lung\u0103 durat\u0103 rezistent\u0103 la UV \u0219i la umiditate cu cele mai comune materiale de construc\u021bie.<\/p>\n","protected":false},"excerpt":{"rendered":"PENOSIL StyroFix 615 este un adeziv acrilic pe baz\u0103 de ap\u0103 pentru lucr\u0103ri de lipire la interior. Excelent pentru montarea elementelor \u0219i pl\u0103cilor din polistiren, spum\u0103 poliuretanic\u0103, lemn \u0219i ipsos. Formeaz\u0103 o leg\u0103tur\u0103 de lung\u0103 durat\u0103 rezistent\u0103 la UV \u0219i la umiditate cu cele mai comune materiale de construc\u021bie.","protected":false},"author":13,"featured_media":9945,"template":"","meta":{"_acf_changed":false,"advgb_blocks_editor_width":"","advgb_blocks_columns_visual_guide":"","footnotes":""},"product_brand":[],"product_cat":[1433,338,1373,1392,352],"product_tag":[],"class_list":{"0":"post-9941","1":"product","2":"type-product","3":"status-publish","4":"has-post-thumbnail","6":"product_cat-adezivi-de-constructie","7":"product_cat-categorii","8":"product_cat-game-de-produse","9":"product_cat-adezivi","10":"product_cat-lipire","12":"first","13":"instock","14":"taxable","15":"shipping-taxable","16":"purchasable","17":"product-type-variable","18":"has-default-attributes"},"acf":[],"yoast_head":"<!-- This site is optimized with the Yoast SEO plugin v27.2 - https:\/\/yoast.com\/product\/yoast-seo-wordpress\/ -->\n<title>StyroFix 615 adeziv pentru lipirea polistirenului<\/title>\n<meta name=\"description\" content=\"StyroFix 615 este un adeziv cu aderen\u021b\u0103 pe majoritatea suprafe\u021belor, cum ar fi spuma PU, lemn, pl\u0103ci de gips-carton, ceramic\u0103 \u0219i piatr\u0103.\" \/>\n<meta name=\"robots\" content=\"index, follow, max-snippet:-1, max-image-preview:large, max-video-preview:-1\" \/>\n<link rel=\"canonical\" href=\"https:\/\/penosil.com\/ro\/produse\/styrofix-615-adeziv-pentru-lipirea-polistirenului\/\" \/>\n<meta property=\"og:locale\" content=\"ro_RO\" \/>\n<meta property=\"og:type\" content=\"article\" \/>\n<meta property=\"og:title\" content=\"StyroFix 615 adeziv pentru lipirea polistirenului\" \/>\n<meta property=\"og:description\" content=\"StyroFix 615 este un adeziv cu aderen\u021b\u0103 pe majoritatea suprafe\u021belor, cum ar fi spuma PU, lemn, pl\u0103ci de gips-carton, ceramic\u0103 \u0219i piatr\u0103.\" \/>\n<meta property=\"og:url\" content=\"https:\/\/penosil.com\/ro\/produse\/styrofix-615-adeziv-pentru-lipirea-polistirenului\/\" \/>\n<meta property=\"og:site_name\" content=\"Penosil Romania\" \/>\n<meta property=\"article:modified_time\" content=\"2026-04-15T11:00:22+00:00\" \/>\n<meta property=\"og:image\" content=\"https:\/\/penosil.com\/ro\/wp-content\/uploads\/sites\/8\/2023\/06\/H4631_615_StyroFix_615_white_RO.png\" \/>\n\t<meta property=\"og:image:width\" content=\"387\" \/>\n\t<meta property=\"og:image:height\" content=\"1080\" \/>\n\t<meta property=\"og:image:type\" content=\"image\/png\" \/>\n<meta name=\"twitter:card\" content=\"summary_large_image\" \/>\n<meta name=\"twitter:label1\" content=\"Timp estimat pentru citire\" \/>\n\t<meta name=\"twitter:data1\" content=\"2 minute\" \/>\n<script type=\"application\/ld+json\" class=\"yoast-schema-graph\">{\"@context\":\"https:\/\/schema.org\",\"@graph\":[{\"@type\":\"WebPage\",\"@id\":\"https:\/\/penosil.com\/ro\/produse\/styrofix-615-adeziv-pentru-lipirea-polistirenului\/\",\"url\":\"https:\/\/penosil.com\/ro\/produse\/styrofix-615-adeziv-pentru-lipirea-polistirenului\/\",\"name\":\"StyroFix 615 adeziv pentru lipirea polistirenului\",\"isPartOf\":{\"@id\":\"https:\/\/penosil.com\/ro\/#website\"},\"primaryImageOfPage\":{\"@id\":\"https:\/\/penosil.com\/ro\/produse\/styrofix-615-adeziv-pentru-lipirea-polistirenului\/#primaryimage\"},\"image\":{\"@id\":\"https:\/\/penosil.com\/ro\/produse\/styrofix-615-adeziv-pentru-lipirea-polistirenului\/#primaryimage\"},\"thumbnailUrl\":\"https:\/\/penosil.com\/ro\/wp-content\/uploads\/sites\/8\/2023\/06\/H4631_615_StyroFix_615_white_RO.png\",\"datePublished\":\"2023-06-27T10:02:59+00:00\",\"dateModified\":\"2026-04-15T11:00:22+00:00\",\"description\":\"StyroFix 615 este un adeziv cu aderen\u021b\u0103 pe majoritatea suprafe\u021belor, cum ar fi spuma PU, lemn, pl\u0103ci de gips-carton, ceramic\u0103 \u0219i piatr\u0103.\",\"breadcrumb\":{\"@id\":\"https:\/\/penosil.com\/ro\/produse\/styrofix-615-adeziv-pentru-lipirea-polistirenului\/#breadcrumb\"},\"inLanguage\":\"ro-RO\",\"potentialAction\":[{\"@type\":\"ReadAction\",\"target\":[\"https:\/\/penosil.com\/ro\/produse\/styrofix-615-adeziv-pentru-lipirea-polistirenului\/\"]}]},{\"@type\":\"ImageObject\",\"inLanguage\":\"ro-RO\",\"@id\":\"https:\/\/penosil.com\/ro\/produse\/styrofix-615-adeziv-pentru-lipirea-polistirenului\/#primaryimage\",\"url\":\"https:\/\/penosil.com\/ro\/wp-content\/uploads\/sites\/8\/2023\/06\/H4631_615_StyroFix_615_white_RO.png\",\"contentUrl\":\"https:\/\/penosil.com\/ro\/wp-content\/uploads\/sites\/8\/2023\/06\/H4631_615_StyroFix_615_white_RO.png\",\"width\":387,\"height\":1080,\"caption\":\"PENOSIL StyroFix 615 adeziv acrilic pe baz\u0103 de ap\u0103 pentru lucr\u0103ri de lipire la interior.\"},{\"@type\":\"BreadcrumbList\",\"@id\":\"https:\/\/penosil.com\/ro\/produse\/styrofix-615-adeziv-pentru-lipirea-polistirenului\/#breadcrumb\",\"itemListElement\":[{\"@type\":\"ListItem\",\"position\":1,\"name\":\"Prima pagin\u0103\",\"item\":\"https:\/\/penosil.com\/ro\/\"},{\"@type\":\"ListItem\",\"position\":2,\"name\":\"Produse\",\"item\":\"https:\/\/penosil.com\/ro\/etansanti\/\"},{\"@type\":\"ListItem\",\"position\":3,\"name\":\"StyroFix 615\"}]},{\"@type\":\"WebSite\",\"@id\":\"https:\/\/penosil.com\/ro\/#website\",\"url\":\"https:\/\/penosil.com\/ro\/\",\"name\":\"Penosil Romania\",\"description\":\"\",\"potentialAction\":[{\"@type\":\"SearchAction\",\"target\":{\"@type\":\"EntryPoint\",\"urlTemplate\":\"https:\/\/penosil.com\/ro\/?s={search_term_string}\"},\"query-input\":{\"@type\":\"PropertyValueSpecification\",\"valueRequired\":true,\"valueName\":\"search_term_string\"}}],\"inLanguage\":\"ro-RO\"}]}<\/script>\n<!-- \/ Yoast SEO plugin. -->","yoast_head_json":{"title":"StyroFix 615 adeziv pentru lipirea polistirenului","description":"StyroFix 615 este un adeziv cu aderen\u021b\u0103 pe majoritatea suprafe\u021belor, cum ar fi spuma PU, lemn, pl\u0103ci de gips-carton, ceramic\u0103 \u0219i piatr\u0103.","robots":{"index":"index","follow":"follow","max-snippet":"max-snippet:-1","max-image-preview":"max-image-preview:large","max-video-preview":"max-video-preview:-1"},"canonical":"https:\/\/penosil.com\/ro\/produse\/styrofix-615-adeziv-pentru-lipirea-polistirenului\/","og_locale":"ro_RO","og_type":"article","og_title":"StyroFix 615 adeziv pentru lipirea polistirenului","og_description":"StyroFix 615 este un adeziv cu aderen\u021b\u0103 pe majoritatea suprafe\u021belor, cum ar fi spuma PU, lemn, pl\u0103ci de gips-carton, ceramic\u0103 \u0219i piatr\u0103.","og_url":"https:\/\/penosil.com\/ro\/produse\/styrofix-615-adeziv-pentru-lipirea-polistirenului\/","og_site_name":"Penosil Romania","article_modified_time":"2026-04-15T11:00:22+00:00","og_image":[{"width":387,"height":1080,"url":"https:\/\/penosil.com\/ro\/wp-content\/uploads\/sites\/8\/2023\/06\/H4631_615_StyroFix_615_white_RO.png","type":"image\/png"}],"twitter_card":"summary_large_image","twitter_misc":{"Timp estimat pentru citire":"2 minute"},"schema":{"@context":"https:\/\/schema.org","@graph":[{"@type":"WebPage","@id":"https:\/\/penosil.com\/ro\/produse\/styrofix-615-adeziv-pentru-lipirea-polistirenului\/","url":"https:\/\/penosil.com\/ro\/produse\/styrofix-615-adeziv-pentru-lipirea-polistirenului\/","name":"StyroFix 615 adeziv pentru lipirea polistirenului","isPartOf":{"@id":"https:\/\/penosil.com\/ro\/#website"},"primaryImageOfPage":{"@id":"https:\/\/penosil.com\/ro\/produse\/styrofix-615-adeziv-pentru-lipirea-polistirenului\/#primaryimage"},"image":{"@id":"https:\/\/penosil.com\/ro\/produse\/styrofix-615-adeziv-pentru-lipirea-polistirenului\/#primaryimage"},"thumbnailUrl":"https:\/\/penosil.com\/ro\/wp-content\/uploads\/sites\/8\/2023\/06\/H4631_615_StyroFix_615_white_RO.png","datePublished":"2023-06-27T10:02:59+00:00","dateModified":"2026-04-15T11:00:22+00:00","description":"StyroFix 615 este un adeziv cu aderen\u021b\u0103 pe majoritatea suprafe\u021belor, cum ar fi spuma PU, lemn, pl\u0103ci de gips-carton, ceramic\u0103 \u0219i piatr\u0103.","breadcrumb":{"@id":"https:\/\/penosil.com\/ro\/produse\/styrofix-615-adeziv-pentru-lipirea-polistirenului\/#breadcrumb"},"inLanguage":"ro-RO","potentialAction":[{"@type":"ReadAction","target":["https:\/\/penosil.com\/ro\/produse\/styrofix-615-adeziv-pentru-lipirea-polistirenului\/"]}]},{"@type":"ImageObject","inLanguage":"ro-RO","@id":"https:\/\/penosil.com\/ro\/produse\/styrofix-615-adeziv-pentru-lipirea-polistirenului\/#primaryimage","url":"https:\/\/penosil.com\/ro\/wp-content\/uploads\/sites\/8\/2023\/06\/H4631_615_StyroFix_615_white_RO.png","contentUrl":"https:\/\/penosil.com\/ro\/wp-content\/uploads\/sites\/8\/2023\/06\/H4631_615_StyroFix_615_white_RO.png","width":387,"height":1080,"caption":"PENOSIL StyroFix 615 adeziv acrilic pe baz\u0103 de ap\u0103 pentru lucr\u0103ri de lipire la interior."},{"@type":"BreadcrumbList","@id":"https:\/\/penosil.com\/ro\/produse\/styrofix-615-adeziv-pentru-lipirea-polistirenului\/#breadcrumb","itemListElement":[{"@type":"ListItem","position":1,"name":"Prima pagin\u0103","item":"https:\/\/penosil.com\/ro\/"},{"@type":"ListItem","position":2,"name":"Produse","item":"https:\/\/penosil.com\/ro\/etansanti\/"},{"@type":"ListItem","position":3,"name":"StyroFix 615"}]},{"@type":"WebSite","@id":"https:\/\/penosil.com\/ro\/#website","url":"https:\/\/penosil.com\/ro\/","name":"Penosil Romania","description":"","potentialAction":[{"@type":"SearchAction","target":{"@type":"EntryPoint","urlTemplate":"https:\/\/penosil.com\/ro\/?s={search_term_string}"},"query-input":{"@type":"PropertyValueSpecification","valueRequired":true,"valueName":"search_term_string"}}],"inLanguage":"ro-RO"}]}},"featured_img":"https:\/\/penosil.com\/ro\/wp-content\/uploads\/sites\/8\/2023\/06\/H4631_615_StyroFix_615_white_RO.png","coauthors":[],"author_meta":{"author_link":"https:\/\/penosil.com\/ro\/author\/mara\/","display_name":"Mara"},"relative_dates":{"created":"Posted 3 ani ago","modified":"Updated 12 ore ago"},"absolute_dates":{"created":"Posted on 27 iunie 2023","modified":"Updated on 15 aprilie 2026"},"absolute_dates_time":{"created":"Posted on 27 iunie 2023 10:02","modified":"Updated on 15 aprilie 2026 11:00"},"featured_img_caption":"","tax_additional":{"product_brand":{"linked":[],"unlinked":[],"slug":"product_brand","name":"Branduri"},"product_type":{"linked":["<a href=\"https:\/\/penosil.com\/ro\/?taxonomy=product_type&#038;term=variable\" class=\"advgb-post-tax-term\">variable<\/a>"],"unlinked":["<span class=\"advgb-post-tax-term\">variable<\/span>"],"slug":"product_type","name":"Tip de produs"},"product_visibility":{"linked":[],"unlinked":[],"slug":"product_visibility","name":"Vizibilitate produs"},"product_cat":{"linked":["<a href=\"https:\/\/penosil.com\/ro\/categorie-produs\/game-de-produse\/adezivi\/adezivi-de-constructie\/\" class=\"advgb-post-tax-term\">Adezivi de construc\u021bie<\/a>","<a href=\"https:\/\/penosil.com\/ro\/categorie-produs\/categorii\/\" class=\"advgb-post-tax-term\">Categorii<\/a>","<a href=\"https:\/\/penosil.com\/ro\/categorie-produs\/game-de-produse\/\" class=\"advgb-post-tax-term\">Game de produse<\/a>","<a href=\"https:\/\/penosil.com\/ro\/categorie-produs\/game-de-produse\/adezivi\/\" class=\"advgb-post-tax-term\">Adezivi<\/a>","<a href=\"https:\/\/penosil.com\/ro\/categorie-produs\/categorii\/lipire\/\" class=\"advgb-post-tax-term\">Adezivi<\/a>"],"unlinked":["<span class=\"advgb-post-tax-term\">Adezivi de construc\u021bie<\/span>","<span class=\"advgb-post-tax-term\">Categorii<\/span>","<span class=\"advgb-post-tax-term\">Game de produse<\/span>","<span class=\"advgb-post-tax-term\">Adezivi<\/span>","<span class=\"advgb-post-tax-term\">Adezivi<\/span>"],"slug":"product_cat","name":"Categorii de produse"},"product_tag":{"linked":[],"unlinked":[],"slug":"product_tag","name":"Etichete produs"},"product_shipping_class":{"linked":[],"unlinked":[],"slug":"product_shipping_class","name":"Clase de livrare produse"},"pos_product_visibility":{"linked":[],"unlinked":[],"slug":"pos_product_visibility","name":"Vizibilitate produse \u00een POS"},"pa_ambalaj":{"linked":["<a href=\"https:\/\/penosil.com\/ro\/?taxonomy=pa_ambalaj&#038;term=1-kg\" class=\"advgb-post-tax-term\">1 kg<\/a>","<a href=\"https:\/\/penosil.com\/ro\/?taxonomy=pa_ambalaj&#038;term=280-ml\" class=\"advgb-post-tax-term\">280 ml<\/a>","<a href=\"https:\/\/penosil.com\/ro\/?taxonomy=pa_ambalaj&#038;term=4-kg\" class=\"advgb-post-tax-term\">4 kg<\/a>"],"unlinked":["<span class=\"advgb-post-tax-term\">1 kg<\/span>","<span class=\"advgb-post-tax-term\">280 ml<\/span>","<span class=\"advgb-post-tax-term\">4 kg<\/span>"],"slug":"pa_ambalaj","name":"Product AMBALAJ"},"pa_culoare":{"linked":["<a href=\"https:\/\/penosil.com\/ro\/?taxonomy=pa_culoare&#038;term=alb\" class=\"advgb-post-tax-term\">Alb<\/a>"],"unlinked":["<span class=\"advgb-post-tax-term\">Alb<\/span>"],"slug":"pa_culoare","name":"Product CULOARE"},"pa_ean":{"linked":[],"unlinked":[],"slug":"pa_ean","name":"Product EAN"},"pa_latime-banda":{"linked":[],"unlinked":[],"slug":"pa_latime-banda","name":"Product L\u0102\u021aIME BAND\u0102"},"pa_latime-rost":{"linked":[],"unlinked":[],"slug":"pa_latime-rost","name":"Product L\u0102\u021aIME ROST"},"translation_priority":{"linked":["<a href=\"https:\/\/penosil.com\/ro\/?taxonomy=translation_priority&#038;term=optional-ro\" class=\"advgb-post-tax-term\">Optional<\/a>"],"unlinked":["<span class=\"advgb-post-tax-term\">Optional<\/span>"],"slug":"translation_priority","name":"Translation Priorities"}},"series_order":"","_links":{"self":[{"href":"https:\/\/penosil.com\/ro\/wp-json\/wp\/v2\/product\/9941","targetHints":{"allow":["GET"]}}],"collection":[{"href":"https:\/\/penosil.com\/ro\/wp-json\/wp\/v2\/product"}],"about":[{"href":"https:\/\/penosil.com\/ro\/wp-json\/wp\/v2\/types\/product"}],"version-history":[{"count":5,"href":"https:\/\/penosil.com\/ro\/wp-json\/wp\/v2\/product\/9941\/revisions"}],"predecessor-version":[{"id":11986,"href":"https:\/\/penosil.com\/ro\/wp-json\/wp\/v2\/product\/9941\/revisions\/11986"}],"wp:featuredmedia":[{"embeddable":true,"href":"https:\/\/penosil.com\/ro\/wp-json\/wp\/v2\/media\/9945"}],"wp:attachment":[{"href":"https:\/\/penosil.com\/ro\/wp-json\/wp\/v2\/media?parent=9941"}],"wp:term":[{"taxonomy":"product_brand","embeddable":true,"href":"https:\/\/penosil.com\/ro\/wp-json\/wp\/v2\/product_brand?post=9941"},{"taxonomy":"product_cat","embeddable":true,"href":"https:\/\/penosil.com\/ro\/wp-json\/wp\/v2\/product_cat?post=9941"},{"taxonomy":"product_tag","embeddable":true,"href":"https:\/\/penosil.com\/ro\/wp-json\/wp\/v2\/product_tag?post=9941"}],"curies":[{"name":"wp","href":"https:\/\/api.w.org\/{rel}","templated":true}]}}