{"id":9968,"date":"2023-07-12T06:19:45","date_gmt":"2023-07-12T06:19:45","guid":{"rendered":"https:\/\/penosil.com\/ro\/?post_type=product&#038;p=9968"},"modified":"2026-04-15T23:00:24","modified_gmt":"2026-04-15T23:00:24","slug":"window-tape-internal-420-banda-de-interior-de-etansare-la-vapori","status":"publish","type":"product","link":"https:\/\/penosil.com\/ro\/produse\/window-tape-internal-420-banda-de-interior-de-etansare-la-vapori\/","title":{"rendered":"Window Tape Internal 420"},"content":{"rendered":"<p>Band\u0103 elastic\u0103 de interior cu etan\u0219are la vapori pentru montajul ferestrelor. Banda este conceput\u0103 pentru a proteja rosturile \u00eentre cadrul ferestrelor sau u\u0219ilor \u0219i pere\u021bi de umezeala care se acumuleaz\u0103 la interior. O fa\u021b\u0103 a benzii are dou\u0103 benzi cu adeziv, iar cealalt\u0103 parte are o band\u0103 adeziv\u0103 acrilic\u0103.<\/p>\n","protected":false},"excerpt":{"rendered":"Band\u0103 elastic\u0103 de interior cu etan\u0219are la vapori pentru montajul ferestrelor. Banda este conceput\u0103 pentru a proteja rosturile \u00eentre cadrul ferestrelor sau u\u0219ilor \u0219i pere\u021bi de umezeala care se acumuleaz\u0103 la interior. O fa\u021b\u0103 a benzii are dou\u0103 benzi cu adeziv, iar cealalt\u0103 parte are o band\u0103 adeziv\u0103 acrilic\u0103.","protected":false},"author":13,"featured_media":9973,"template":"","meta":{"_acf_changed":false,"advgb_blocks_editor_width":"","advgb_blocks_columns_visual_guide":"","footnotes":""},"product_brand":[],"product_cat":[338,1373,1297,1693],"product_tag":[],"class_list":{"0":"post-9968","1":"product","2":"type-product","3":"status-publish","4":"has-post-thumbnail","6":"product_cat-categorii","7":"product_cat-game-de-produse","8":"product_cat-usi-si-ferestre","9":"product_cat-benzi-de-etansare","11":"first","12":"instock","13":"taxable","14":"shipping-taxable","15":"purchasable","16":"product-type-variable","17":"has-default-attributes"},"acf":[],"yoast_head":"<!-- This site is optimized with the Yoast SEO plugin v27.2 - https:\/\/yoast.com\/product\/yoast-seo-wordpress\/ -->\n<title>Window Tape Internal 420 band\u0103 de interior de etan\u0219are la vapori<\/title>\n<meta name=\"description\" content=\"PENOSIL Window Tape Internal 420 band\u0103 de etan\u0219are \u0219i protejare la vapori a rosturilor de interior a ferestrelor \u0219i u\u0219ilor. Afl\u0103 mai mult!\" \/>\n<meta name=\"robots\" content=\"index, follow, max-snippet:-1, max-image-preview:large, max-video-preview:-1\" \/>\n<link rel=\"canonical\" href=\"https:\/\/penosil.com\/ro\/produse\/window-tape-internal-420-banda-de-interior-de-etansare-la-vapori\/\" \/>\n<meta property=\"og:locale\" content=\"ro_RO\" \/>\n<meta property=\"og:type\" content=\"article\" \/>\n<meta property=\"og:title\" content=\"Window Tape Internal 420 band\u0103 de interior de etan\u0219are la vapori\" \/>\n<meta property=\"og:description\" content=\"PENOSIL Window Tape Internal 420 band\u0103 de etan\u0219are \u0219i protejare la vapori a rosturilor de interior a ferestrelor \u0219i u\u0219ilor. Afl\u0103 mai mult!\" \/>\n<meta property=\"og:url\" content=\"https:\/\/penosil.com\/ro\/produse\/window-tape-internal-420-banda-de-interior-de-etansare-la-vapori\/\" \/>\n<meta property=\"og:site_name\" content=\"Penosil Romania\" \/>\n<meta property=\"article:modified_time\" content=\"2026-04-15T23:00:24+00:00\" \/>\n<meta property=\"og:image\" content=\"https:\/\/penosil.com\/ro\/wp-content\/uploads\/sites\/8\/2023\/07\/WTIH0058_59_60_420_Window_Tape_Internal_420_LT_LV_RO_RU.png\" \/>\n\t<meta property=\"og:image:width\" content=\"800\" \/>\n\t<meta property=\"og:image:height\" content=\"428\" \/>\n\t<meta property=\"og:image:type\" content=\"image\/png\" \/>\n<meta name=\"twitter:card\" content=\"summary_large_image\" \/>\n<meta name=\"twitter:label1\" content=\"Timp estimat pentru citire\" \/>\n\t<meta name=\"twitter:data1\" content=\"3 minute\" \/>\n<script type=\"application\/ld+json\" class=\"yoast-schema-graph\">{\"@context\":\"https:\/\/schema.org\",\"@graph\":[{\"@type\":\"WebPage\",\"@id\":\"https:\/\/penosil.com\/ro\/produse\/window-tape-internal-420-banda-de-interior-de-etansare-la-vapori\/\",\"url\":\"https:\/\/penosil.com\/ro\/produse\/window-tape-internal-420-banda-de-interior-de-etansare-la-vapori\/\",\"name\":\"Window Tape Internal 420 band\u0103 de interior de etan\u0219are la vapori\",\"isPartOf\":{\"@id\":\"https:\/\/penosil.com\/ro\/#website\"},\"primaryImageOfPage\":{\"@id\":\"https:\/\/penosil.com\/ro\/produse\/window-tape-internal-420-banda-de-interior-de-etansare-la-vapori\/#primaryimage\"},\"image\":{\"@id\":\"https:\/\/penosil.com\/ro\/produse\/window-tape-internal-420-banda-de-interior-de-etansare-la-vapori\/#primaryimage\"},\"thumbnailUrl\":\"https:\/\/penosil.com\/ro\/wp-content\/uploads\/sites\/8\/2023\/07\/WTIH0058_59_60_420_Window_Tape_Internal_420_LT_LV_RO_RU.png\",\"datePublished\":\"2023-07-12T06:19:45+00:00\",\"dateModified\":\"2026-04-15T23:00:24+00:00\",\"description\":\"PENOSIL Window Tape Internal 420 band\u0103 de etan\u0219are \u0219i protejare la vapori a rosturilor de interior a ferestrelor \u0219i u\u0219ilor. Afl\u0103 mai mult!\",\"breadcrumb\":{\"@id\":\"https:\/\/penosil.com\/ro\/produse\/window-tape-internal-420-banda-de-interior-de-etansare-la-vapori\/#breadcrumb\"},\"inLanguage\":\"ro-RO\",\"potentialAction\":[{\"@type\":\"ReadAction\",\"target\":[\"https:\/\/penosil.com\/ro\/produse\/window-tape-internal-420-banda-de-interior-de-etansare-la-vapori\/\"]}]},{\"@type\":\"ImageObject\",\"inLanguage\":\"ro-RO\",\"@id\":\"https:\/\/penosil.com\/ro\/produse\/window-tape-internal-420-banda-de-interior-de-etansare-la-vapori\/#primaryimage\",\"url\":\"https:\/\/penosil.com\/ro\/wp-content\/uploads\/sites\/8\/2023\/07\/WTIH0058_59_60_420_Window_Tape_Internal_420_LT_LV_RO_RU.png\",\"contentUrl\":\"https:\/\/penosil.com\/ro\/wp-content\/uploads\/sites\/8\/2023\/07\/WTIH0058_59_60_420_Window_Tape_Internal_420_LT_LV_RO_RU.png\",\"width\":800,\"height\":428,\"caption\":\"PENOSIL Window Tape Internal 420 band\u0103 interior de etan\u0219are la vapori\"},{\"@type\":\"BreadcrumbList\",\"@id\":\"https:\/\/penosil.com\/ro\/produse\/window-tape-internal-420-banda-de-interior-de-etansare-la-vapori\/#breadcrumb\",\"itemListElement\":[{\"@type\":\"ListItem\",\"position\":1,\"name\":\"Prima pagin\u0103\",\"item\":\"https:\/\/penosil.com\/ro\/\"},{\"@type\":\"ListItem\",\"position\":2,\"name\":\"Produse\",\"item\":\"https:\/\/penosil.com\/ro\/etansanti\/\"},{\"@type\":\"ListItem\",\"position\":3,\"name\":\"Window Tape Internal 420\"}]},{\"@type\":\"WebSite\",\"@id\":\"https:\/\/penosil.com\/ro\/#website\",\"url\":\"https:\/\/penosil.com\/ro\/\",\"name\":\"Penosil Romania\",\"description\":\"\",\"potentialAction\":[{\"@type\":\"SearchAction\",\"target\":{\"@type\":\"EntryPoint\",\"urlTemplate\":\"https:\/\/penosil.com\/ro\/?s={search_term_string}\"},\"query-input\":{\"@type\":\"PropertyValueSpecification\",\"valueRequired\":true,\"valueName\":\"search_term_string\"}}],\"inLanguage\":\"ro-RO\"}]}<\/script>\n<!-- \/ Yoast SEO plugin. -->","yoast_head_json":{"title":"Window Tape Internal 420 band\u0103 de interior de etan\u0219are la vapori","description":"PENOSIL Window Tape Internal 420 band\u0103 de etan\u0219are \u0219i protejare la vapori a rosturilor de interior a ferestrelor \u0219i u\u0219ilor. Afl\u0103 mai mult!","robots":{"index":"index","follow":"follow","max-snippet":"max-snippet:-1","max-image-preview":"max-image-preview:large","max-video-preview":"max-video-preview:-1"},"canonical":"https:\/\/penosil.com\/ro\/produse\/window-tape-internal-420-banda-de-interior-de-etansare-la-vapori\/","og_locale":"ro_RO","og_type":"article","og_title":"Window Tape Internal 420 band\u0103 de interior de etan\u0219are la vapori","og_description":"PENOSIL Window Tape Internal 420 band\u0103 de etan\u0219are \u0219i protejare la vapori a rosturilor de interior a ferestrelor \u0219i u\u0219ilor. Afl\u0103 mai mult!","og_url":"https:\/\/penosil.com\/ro\/produse\/window-tape-internal-420-banda-de-interior-de-etansare-la-vapori\/","og_site_name":"Penosil Romania","article_modified_time":"2026-04-15T23:00:24+00:00","og_image":[{"width":800,"height":428,"url":"https:\/\/penosil.com\/ro\/wp-content\/uploads\/sites\/8\/2023\/07\/WTIH0058_59_60_420_Window_Tape_Internal_420_LT_LV_RO_RU.png","type":"image\/png"}],"twitter_card":"summary_large_image","twitter_misc":{"Timp estimat pentru citire":"3 minute"},"schema":{"@context":"https:\/\/schema.org","@graph":[{"@type":"WebPage","@id":"https:\/\/penosil.com\/ro\/produse\/window-tape-internal-420-banda-de-interior-de-etansare-la-vapori\/","url":"https:\/\/penosil.com\/ro\/produse\/window-tape-internal-420-banda-de-interior-de-etansare-la-vapori\/","name":"Window Tape Internal 420 band\u0103 de interior de etan\u0219are la vapori","isPartOf":{"@id":"https:\/\/penosil.com\/ro\/#website"},"primaryImageOfPage":{"@id":"https:\/\/penosil.com\/ro\/produse\/window-tape-internal-420-banda-de-interior-de-etansare-la-vapori\/#primaryimage"},"image":{"@id":"https:\/\/penosil.com\/ro\/produse\/window-tape-internal-420-banda-de-interior-de-etansare-la-vapori\/#primaryimage"},"thumbnailUrl":"https:\/\/penosil.com\/ro\/wp-content\/uploads\/sites\/8\/2023\/07\/WTIH0058_59_60_420_Window_Tape_Internal_420_LT_LV_RO_RU.png","datePublished":"2023-07-12T06:19:45+00:00","dateModified":"2026-04-15T23:00:24+00:00","description":"PENOSIL Window Tape Internal 420 band\u0103 de etan\u0219are \u0219i protejare la vapori a rosturilor de interior a ferestrelor \u0219i u\u0219ilor. Afl\u0103 mai mult!","breadcrumb":{"@id":"https:\/\/penosil.com\/ro\/produse\/window-tape-internal-420-banda-de-interior-de-etansare-la-vapori\/#breadcrumb"},"inLanguage":"ro-RO","potentialAction":[{"@type":"ReadAction","target":["https:\/\/penosil.com\/ro\/produse\/window-tape-internal-420-banda-de-interior-de-etansare-la-vapori\/"]}]},{"@type":"ImageObject","inLanguage":"ro-RO","@id":"https:\/\/penosil.com\/ro\/produse\/window-tape-internal-420-banda-de-interior-de-etansare-la-vapori\/#primaryimage","url":"https:\/\/penosil.com\/ro\/wp-content\/uploads\/sites\/8\/2023\/07\/WTIH0058_59_60_420_Window_Tape_Internal_420_LT_LV_RO_RU.png","contentUrl":"https:\/\/penosil.com\/ro\/wp-content\/uploads\/sites\/8\/2023\/07\/WTIH0058_59_60_420_Window_Tape_Internal_420_LT_LV_RO_RU.png","width":800,"height":428,"caption":"PENOSIL Window Tape Internal 420 band\u0103 interior de etan\u0219are la vapori"},{"@type":"BreadcrumbList","@id":"https:\/\/penosil.com\/ro\/produse\/window-tape-internal-420-banda-de-interior-de-etansare-la-vapori\/#breadcrumb","itemListElement":[{"@type":"ListItem","position":1,"name":"Prima pagin\u0103","item":"https:\/\/penosil.com\/ro\/"},{"@type":"ListItem","position":2,"name":"Produse","item":"https:\/\/penosil.com\/ro\/etansanti\/"},{"@type":"ListItem","position":3,"name":"Window Tape Internal 420"}]},{"@type":"WebSite","@id":"https:\/\/penosil.com\/ro\/#website","url":"https:\/\/penosil.com\/ro\/","name":"Penosil Romania","description":"","potentialAction":[{"@type":"SearchAction","target":{"@type":"EntryPoint","urlTemplate":"https:\/\/penosil.com\/ro\/?s={search_term_string}"},"query-input":{"@type":"PropertyValueSpecification","valueRequired":true,"valueName":"search_term_string"}}],"inLanguage":"ro-RO"}]}},"featured_img":"https:\/\/penosil.com\/ro\/wp-content\/uploads\/sites\/8\/2023\/07\/WTIH0058_59_60_420_Window_Tape_Internal_420_LT_LV_RO_RU.png","coauthors":[],"author_meta":{"author_link":"https:\/\/penosil.com\/ro\/author\/mara\/","display_name":"Mara"},"relative_dates":{"created":"Posted 3 ani ago","modified":"Updated 11 ore ago"},"absolute_dates":{"created":"Posted on 12 iulie 2023","modified":"Updated on 15 aprilie 2026"},"absolute_dates_time":{"created":"Posted on 12 iulie 2023 6:19","modified":"Updated on 15 aprilie 2026 23:00"},"featured_img_caption":"","tax_additional":{"product_brand":{"linked":[],"unlinked":[],"slug":"product_brand","name":"Branduri"},"product_type":{"linked":["<a href=\"https:\/\/penosil.com\/ro\/?taxonomy=product_type&#038;term=variable\" class=\"advgb-post-tax-term\">variable<\/a>"],"unlinked":["<span class=\"advgb-post-tax-term\">variable<\/span>"],"slug":"product_type","name":"Tip de produs"},"product_visibility":{"linked":[],"unlinked":[],"slug":"product_visibility","name":"Vizibilitate produs"},"product_cat":{"linked":["<a href=\"https:\/\/penosil.com\/ro\/categorie-produs\/categorii\/\" class=\"advgb-post-tax-term\">Categorii<\/a>","<a href=\"https:\/\/penosil.com\/ro\/categorie-produs\/game-de-produse\/\" class=\"advgb-post-tax-term\">Game de produse<\/a>","<a href=\"https:\/\/penosil.com\/ro\/categorie-produs\/categorii\/usi-si-ferestre\/\" class=\"advgb-post-tax-term\">Ferestre \u0219i U\u0219i<\/a>","<a href=\"https:\/\/penosil.com\/ro\/categorie-produs\/game-de-produse\/benzi-de-etansare\/\" class=\"advgb-post-tax-term\">Benzi de etan\u0219are<\/a>"],"unlinked":["<span class=\"advgb-post-tax-term\">Categorii<\/span>","<span class=\"advgb-post-tax-term\">Game de produse<\/span>","<span class=\"advgb-post-tax-term\">Ferestre \u0219i U\u0219i<\/span>","<span class=\"advgb-post-tax-term\">Benzi de etan\u0219are<\/span>"],"slug":"product_cat","name":"Categorii de produse"},"product_tag":{"linked":[],"unlinked":[],"slug":"product_tag","name":"Etichete produs"},"product_shipping_class":{"linked":[],"unlinked":[],"slug":"product_shipping_class","name":"Clase de livrare produse"},"pos_product_visibility":{"linked":[],"unlinked":[],"slug":"pos_product_visibility","name":"Vizibilitate produse \u00een POS"},"pa_ambalaj":{"linked":["<a href=\"https:\/\/penosil.com\/ro\/?taxonomy=pa_ambalaj&#038;term=25ml\" class=\"advgb-post-tax-term\">25ml<\/a>"],"unlinked":["<span class=\"advgb-post-tax-term\">25ml<\/span>"],"slug":"pa_ambalaj","name":"Product AMBALAJ"},"pa_culoare":{"linked":["<a href=\"https:\/\/penosil.com\/ro\/?taxonomy=pa_culoare&#038;term=galben-deschis\" class=\"advgb-post-tax-term\">Galben deschis<\/a>"],"unlinked":["<span class=\"advgb-post-tax-term\">Galben deschis<\/span>"],"slug":"pa_culoare","name":"Product CULOARE"},"pa_ean":{"linked":[],"unlinked":[],"slug":"pa_ean","name":"Product EAN"},"pa_latime-banda":{"linked":["<a href=\"https:\/\/penosil.com\/ro\/?taxonomy=pa_latime-banda&#038;term=70mm\" class=\"advgb-post-tax-term\">70mm<\/a>","<a href=\"https:\/\/penosil.com\/ro\/?taxonomy=pa_latime-banda&#038;term=100mm\" class=\"advgb-post-tax-term\">100mm<\/a>","<a href=\"https:\/\/penosil.com\/ro\/?taxonomy=pa_latime-banda&#038;term=150mm\" class=\"advgb-post-tax-term\">150mm<\/a>"],"unlinked":["<span class=\"advgb-post-tax-term\">70mm<\/span>","<span class=\"advgb-post-tax-term\">100mm<\/span>","<span class=\"advgb-post-tax-term\">150mm<\/span>"],"slug":"pa_latime-banda","name":"Product L\u0102\u021aIME BAND\u0102"},"pa_latime-rost":{"linked":[],"unlinked":[],"slug":"pa_latime-rost","name":"Product L\u0102\u021aIME ROST"},"translation_priority":{"linked":["<a href=\"https:\/\/penosil.com\/ro\/?taxonomy=translation_priority&#038;term=optional-ro\" class=\"advgb-post-tax-term\">Optional<\/a>"],"unlinked":["<span class=\"advgb-post-tax-term\">Optional<\/span>"],"slug":"translation_priority","name":"Translation Priorities"}},"series_order":"","_links":{"self":[{"href":"https:\/\/penosil.com\/ro\/wp-json\/wp\/v2\/product\/9968","targetHints":{"allow":["GET"]}}],"collection":[{"href":"https:\/\/penosil.com\/ro\/wp-json\/wp\/v2\/product"}],"about":[{"href":"https:\/\/penosil.com\/ro\/wp-json\/wp\/v2\/types\/product"}],"version-history":[{"count":3,"href":"https:\/\/penosil.com\/ro\/wp-json\/wp\/v2\/product\/9968\/revisions"}],"predecessor-version":[{"id":11705,"href":"https:\/\/penosil.com\/ro\/wp-json\/wp\/v2\/product\/9968\/revisions\/11705"}],"wp:featuredmedia":[{"embeddable":true,"href":"https:\/\/penosil.com\/ro\/wp-json\/wp\/v2\/media\/9973"}],"wp:attachment":[{"href":"https:\/\/penosil.com\/ro\/wp-json\/wp\/v2\/media?parent=9968"}],"wp:term":[{"taxonomy":"product_brand","embeddable":true,"href":"https:\/\/penosil.com\/ro\/wp-json\/wp\/v2\/product_brand?post=9968"},{"taxonomy":"product_cat","embeddable":true,"href":"https:\/\/penosil.com\/ro\/wp-json\/wp\/v2\/product_cat?post=9968"},{"taxonomy":"product_tag","embeddable":true,"href":"https:\/\/penosil.com\/ro\/wp-json\/wp\/v2\/product_tag?post=9968"}],"curies":[{"name":"wp","href":"https:\/\/api.w.org\/{rel}","templated":true}]}}