{"id":28433,"date":"2022-06-01T05:36:32","date_gmt":"2022-06-01T05:36:32","guid":{"rendered":"https:\/\/penosil.com\/ua\/?post_type=product&#038;p=28433"},"modified":"2025-04-11T08:08:19","modified_gmt":"2025-04-11T08:08:19","slug":"premium-backer-rod-pe-kruhlyy-dopomizhnyy-shnur","status":"publish","type":"product","link":"https:\/\/penosil.com\/ua\/produkt\/premium-backer-rod-pe-kruhlyy-dopomizhnyy-shnur\/","title":{"rendered":"Backer Rod PE 450"},"content":{"rendered":"<p>\u0423\u0449\u0456\u043b\u044c\u043d\u044e\u0432\u0430\u043b\u044c\u043d\u0438\u0439 \u0448\u043d\u0443\u0440 \u0437 \u043f\u043e\u043b\u0456\u0435\u0442\u0438\u043b\u0435\u043d\u043e\u0432\u043e\u0457 \u043f\u0456\u043d\u0438 \u0434\u043b\u044f \u0445\u043e\u043b\u043e\u0434\u043d\u043e\u0457 \u0433\u0435\u0440\u043c\u0435\u0442\u0438\u0437\u0430\u0446\u0456\u0457. \u0414\u0443\u0436\u0435 \u0433\u043d\u0443\u0447\u043a\u0438\u0439 \u0456 \u0437\u0434\u0430\u0442\u043d\u0438\u0439 \u0434\u043e \u0441\u0442\u0438\u0441\u043a\u0430\u043d\u043d\u044f \u043c\u0430\u0442\u0435\u0440\u0456\u0430\u043b, \u044f\u043a\u0438\u0439 \u043b\u0435\u0433\u043a\u043e \u0432\u0456\u0434\u043d\u043e\u0432\u043b\u044e\u0454\u0442\u044c\u0441\u044f. \u041d\u0430\u043b\u0435\u0436\u043d\u0438\u0439 \u0440\u043e\u0437\u043c\u0456\u0440 \u0456 \u0444\u043e\u0440\u043c\u0430 \u0433\u0435\u0440\u043c\u0435\u0442\u0438\u043a\u0430 \u0443 \u0448\u0432\u0456. \u0421\u0443\u043c\u0456\u0441\u043d\u0438\u0439 \u0437 \u043f\u043e\u043b\u0456\u0443\u0440\u0435\u0442\u0430\u043d\u043e\u0432\u0438\u043c\u0438, \u0433\u0456\u0431\u0440\u0438\u0434\u043d\u0438\u043c\u0438 \u043f\u043e\u043b\u0456\u043c\u0435\u0440\u043d\u0438\u043c\u0438, \u0441\u0438\u043b\u0456\u043a\u043e\u043d\u043e\u0432\u0438\u043c\u0438 \u0442\u0430 \u0431\u0456\u043b\u044c\u0448\u0456\u0441\u0442\u044e \u0456\u043d\u0448\u0438\u0445 \u0445\u043e\u043b\u043e\u0434\u043d\u0438\u0445 \u0433\u0435\u0440\u043c\u0435\u0442\u0438\u043a\u0456\u0432.<\/p>\n","protected":false},"excerpt":{"rendered":"\u0423\u0449\u0456\u043b\u044c\u043d\u044e\u0432\u0430\u043b\u044c\u043d\u0438\u0439 \u0448\u043d\u0443\u0440 \u0437 \u043f\u043e\u043b\u0456\u0435\u0442\u0438\u043b\u0435\u043d\u043e\u0432\u043e\u0457 \u043f\u0456\u043d\u0438 \u0434\u043b\u044f \u0445\u043e\u043b\u043e\u0434\u043d\u043e\u0457 \u0433\u0435\u0440\u043c\u0435\u0442\u0438\u0437\u0430\u0446\u0456\u0457. \u0414\u0443\u0436\u0435 \u0433\u043d\u0443\u0447\u043a\u0438\u0439 \u0456 \u0437\u0434\u0430\u0442\u043d\u0438\u0439 \u0434\u043e \u0441\u0442\u0438\u0441\u043a\u0430\u043d\u043d\u044f \u043c\u0430\u0442\u0435\u0440\u0456\u0430\u043b, \u044f\u043a\u0438\u0439 \u043b\u0435\u0433\u043a\u043e \u0432\u0456\u0434\u043d\u043e\u0432\u043b\u044e\u0454\u0442\u044c\u0441\u044f. \u041d\u0430\u043b\u0435\u0436\u043d\u0438\u0439 \u0440\u043e\u0437\u043c\u0456\u0440 \u0456 \u0444\u043e\u0440\u043c\u0430 \u0433\u0435\u0440\u043c\u0435\u0442\u0438\u043a\u0430 \u0443 \u0448\u0432\u0456. \u0421\u0443\u043c\u0456\u0441\u043d\u0438\u0439 \u0437 \u043f\u043e\u043b\u0456\u0443\u0440\u0435\u0442\u0430\u043d\u043e\u0432\u0438\u043c\u0438, \u0433\u0456\u0431\u0440\u0438\u0434\u043d\u0438\u043c\u0438 \u043f\u043e\u043b\u0456\u043c\u0435\u0440\u043d\u0438\u043c\u0438, \u0441\u0438\u043b\u0456\u043a\u043e\u043d\u043e\u0432\u0438\u043c\u0438 \u0442\u0430 \u0431\u0456\u043b\u044c\u0448\u0456\u0441\u0442\u044e \u0456\u043d\u0448\u0438\u0445 \u0445\u043e\u043b\u043e\u0434\u043d\u0438\u0445 \u0433\u0435\u0440\u043c\u0435\u0442\u0438\u043a\u0456\u0432.","protected":false},"author":7,"featured_media":18909,"template":"","meta":{"_acf_changed":false,"advgb_blocks_editor_width":"","advgb_blocks_columns_visual_guide":"","footnotes":""},"product_brand":[],"product_cat":[2566,2083,2059,2121,2138],"product_tag":[],"class_list":{"0":"post-28433","1":"product","2":"type-product","3":"status-publish","4":"has-post-thumbnail","6":"product_cat-ushchilnyuvalni-shnury","7":"product_cat-zahalne-budivnytstvo","8":"product_cat-sfery-zastosuvannya","9":"product_cat-hrupy-tovariv","10":"product_cat-strichky-ta-membrany","12":"first","13":"instock","14":"taxable","15":"shipping-taxable","16":"purchasable","17":"product-type-simple"},"acf":[],"yoast_head":"<!-- This site is optimized with the Yoast SEO plugin v27.2 - https:\/\/yoast.com\/product\/yoast-seo-wordpress\/ -->\n<title>\u0423\u0449\u0456\u043b\u044c\u043d\u044e\u0432\u0430\u043b\u044c\u043d\u0438\u0439 \u0448\u043d\u0443\u0440 \u0437 \u043f\u043e\u043b\u0456\u0435\u0442\u0438\u043b\u0435\u043d\u043e\u0432\u043e\u0457 \u043f\u0456\u043d\u0438 Backer Rod PE<\/title>\n<meta name=\"description\" content=\"\u0423\u0449\u0456\u043b\u044c\u043d\u044e\u0432\u0430\u043b\u044c\u043d\u0438\u0439 \u0448\u043d\u0443\u0440 \u0437 \u043f\u043e\u043b\u0456\u0435\u0442\u0438\u043b\u0435\u043d\u043e\u0432\u043e\u0457 \u043f\u0456\u043d\u0438 \u0434\u043b\u044f \u0445\u043e\u043b\u043e\u0434\u043d\u043e\u0457 \u0433\u0435\u0440\u043c\u0435\u0442\u0438\u0437\u0430\u0446\u0456\u0457. \u0414\u0443\u0436\u0435 \u0433\u043d\u0443\u0447\u043a\u0438\u0439 \u0456 \u0437\u0434\u0430\u0442\u043d\u0438\u0439 \u0434\u043e \u0441\u0442\u0438\u0441\u043a\u0430\u043d\u043d\u044f \u043c\u0430\u0442\u0435\u0440\u0456\u0430\u043b, \u044f\u043a\u0438\u0439 \u043b\u0435\u0433\u043a\u043e \u0432\u0456\u0434\u043d\u043e\u0432\u043b\u044e\u0454\u0442\u044c\u0441\u044f.\" \/>\n<meta name=\"robots\" content=\"index, follow, max-snippet:-1, max-image-preview:large, max-video-preview:-1\" \/>\n<link rel=\"canonical\" href=\"https:\/\/penosil.com\/ua\/produkt\/premium-backer-rod-pe-kruhlyy-dopomizhnyy-shnur\/\" \/>\n<meta property=\"og:locale\" content=\"en_US\" \/>\n<meta property=\"og:type\" content=\"article\" \/>\n<meta property=\"og:title\" content=\"\u0423\u0449\u0456\u043b\u044c\u043d\u044e\u0432\u0430\u043b\u044c\u043d\u0438\u0439 \u0448\u043d\u0443\u0440 \u0437 \u043f\u043e\u043b\u0456\u0435\u0442\u0438\u043b\u0435\u043d\u043e\u0432\u043e\u0457 \u043f\u0456\u043d\u0438 Backer Rod PE\" \/>\n<meta property=\"og:description\" content=\"\u0423\u0449\u0456\u043b\u044c\u043d\u044e\u0432\u0430\u043b\u044c\u043d\u0438\u0439 \u0448\u043d\u0443\u0440 \u0437 \u043f\u043e\u043b\u0456\u0435\u0442\u0438\u043b\u0435\u043d\u043e\u0432\u043e\u0457 \u043f\u0456\u043d\u0438 \u0434\u043b\u044f \u0445\u043e\u043b\u043e\u0434\u043d\u043e\u0457 \u0433\u0435\u0440\u043c\u0435\u0442\u0438\u0437\u0430\u0446\u0456\u0457. \u0414\u0443\u0436\u0435 \u0433\u043d\u0443\u0447\u043a\u0438\u0439 \u0456 \u0437\u0434\u0430\u0442\u043d\u0438\u0439 \u0434\u043e \u0441\u0442\u0438\u0441\u043a\u0430\u043d\u043d\u044f \u043c\u0430\u0442\u0435\u0440\u0456\u0430\u043b, \u044f\u043a\u0438\u0439 \u043b\u0435\u0433\u043a\u043e \u0432\u0456\u0434\u043d\u043e\u0432\u043b\u044e\u0454\u0442\u044c\u0441\u044f.\" \/>\n<meta property=\"og:url\" content=\"https:\/\/penosil.com\/ua\/produkt\/premium-backer-rod-pe-kruhlyy-dopomizhnyy-shnur\/\" \/>\n<meta property=\"og:site_name\" content=\"Penosil Ukraine\" \/>\n<meta property=\"article:modified_time\" content=\"2025-04-11T08:08:19+00:00\" \/>\n<meta property=\"og:image\" content=\"https:\/\/penosil.com\/ua\/wp-content\/uploads\/sites\/30\/2020\/05\/Backer_Rod_web.png\" \/>\n\t<meta property=\"og:image:width\" content=\"1434\" \/>\n\t<meta property=\"og:image:height\" content=\"1424\" \/>\n\t<meta property=\"og:image:type\" content=\"image\/png\" \/>\n<meta name=\"twitter:card\" content=\"summary_large_image\" \/>\n<meta name=\"twitter:label1\" content=\"Est. reading time\" \/>\n\t<meta name=\"twitter:data1\" content=\"2 minutes\" \/>\n<script type=\"application\/ld+json\" class=\"yoast-schema-graph\">{\"@context\":\"https:\/\/schema.org\",\"@graph\":[{\"@type\":\"WebPage\",\"@id\":\"https:\/\/penosil.com\/ua\/produkt\/premium-backer-rod-pe-kruhlyy-dopomizhnyy-shnur\/\",\"url\":\"https:\/\/penosil.com\/ua\/produkt\/premium-backer-rod-pe-kruhlyy-dopomizhnyy-shnur\/\",\"name\":\"\u0423\u0449\u0456\u043b\u044c\u043d\u044e\u0432\u0430\u043b\u044c\u043d\u0438\u0439 \u0448\u043d\u0443\u0440 \u0437 \u043f\u043e\u043b\u0456\u0435\u0442\u0438\u043b\u0435\u043d\u043e\u0432\u043e\u0457 \u043f\u0456\u043d\u0438 Backer Rod PE\",\"isPartOf\":{\"@id\":\"https:\/\/penosil.com\/ua\/#website\"},\"primaryImageOfPage\":{\"@id\":\"https:\/\/penosil.com\/ua\/produkt\/premium-backer-rod-pe-kruhlyy-dopomizhnyy-shnur\/#primaryimage\"},\"image\":{\"@id\":\"https:\/\/penosil.com\/ua\/produkt\/premium-backer-rod-pe-kruhlyy-dopomizhnyy-shnur\/#primaryimage\"},\"thumbnailUrl\":\"https:\/\/penosil.com\/ua\/wp-content\/uploads\/sites\/30\/2020\/05\/Backer_Rod_web.png\",\"datePublished\":\"2022-06-01T05:36:32+00:00\",\"dateModified\":\"2025-04-11T08:08:19+00:00\",\"description\":\"\u0423\u0449\u0456\u043b\u044c\u043d\u044e\u0432\u0430\u043b\u044c\u043d\u0438\u0439 \u0448\u043d\u0443\u0440 \u0437 \u043f\u043e\u043b\u0456\u0435\u0442\u0438\u043b\u0435\u043d\u043e\u0432\u043e\u0457 \u043f\u0456\u043d\u0438 \u0434\u043b\u044f \u0445\u043e\u043b\u043e\u0434\u043d\u043e\u0457 \u0433\u0435\u0440\u043c\u0435\u0442\u0438\u0437\u0430\u0446\u0456\u0457. \u0414\u0443\u0436\u0435 \u0433\u043d\u0443\u0447\u043a\u0438\u0439 \u0456 \u0437\u0434\u0430\u0442\u043d\u0438\u0439 \u0434\u043e \u0441\u0442\u0438\u0441\u043a\u0430\u043d\u043d\u044f \u043c\u0430\u0442\u0435\u0440\u0456\u0430\u043b, \u044f\u043a\u0438\u0439 \u043b\u0435\u0433\u043a\u043e \u0432\u0456\u0434\u043d\u043e\u0432\u043b\u044e\u0454\u0442\u044c\u0441\u044f.\",\"breadcrumb\":{\"@id\":\"https:\/\/penosil.com\/ua\/produkt\/premium-backer-rod-pe-kruhlyy-dopomizhnyy-shnur\/#breadcrumb\"},\"inLanguage\":\"ua\",\"potentialAction\":[{\"@type\":\"ReadAction\",\"target\":[\"https:\/\/penosil.com\/ua\/produkt\/premium-backer-rod-pe-kruhlyy-dopomizhnyy-shnur\/\"]}]},{\"@type\":\"ImageObject\",\"inLanguage\":\"ua\",\"@id\":\"https:\/\/penosil.com\/ua\/produkt\/premium-backer-rod-pe-kruhlyy-dopomizhnyy-shnur\/#primaryimage\",\"url\":\"https:\/\/penosil.com\/ua\/wp-content\/uploads\/sites\/30\/2020\/05\/Backer_Rod_web.png\",\"contentUrl\":\"https:\/\/penosil.com\/ua\/wp-content\/uploads\/sites\/30\/2020\/05\/Backer_Rod_web.png\",\"width\":1434,\"height\":1424,\"caption\":\"PENOSIL Premium Backer Rod PE aukla bl\u012bv\u0113\u0161anai\"},{\"@type\":\"BreadcrumbList\",\"@id\":\"https:\/\/penosil.com\/ua\/produkt\/premium-backer-rod-pe-kruhlyy-dopomizhnyy-shnur\/#breadcrumb\",\"itemListElement\":[{\"@type\":\"ListItem\",\"position\":1,\"name\":\"\u0413\u043e\u043b\u043e\u0432\u043d\u0430\",\"item\":\"https:\/\/penosil.com\/ua\/\"},{\"@type\":\"ListItem\",\"position\":2,\"name\":\"\u041f\u0440\u043e\u0434\u0443\u043a\u0442\u0438\",\"item\":\"https:\/\/penosil.com\/ua\/produkty\/\"},{\"@type\":\"ListItem\",\"position\":3,\"name\":\"Backer Rod PE 450\"}]},{\"@type\":\"WebSite\",\"@id\":\"https:\/\/penosil.com\/ua\/#website\",\"url\":\"https:\/\/penosil.com\/ua\/\",\"name\":\"Penosil Ukraine\",\"description\":\"\",\"potentialAction\":[{\"@type\":\"SearchAction\",\"target\":{\"@type\":\"EntryPoint\",\"urlTemplate\":\"https:\/\/penosil.com\/ua\/?s={search_term_string}\"},\"query-input\":{\"@type\":\"PropertyValueSpecification\",\"valueRequired\":true,\"valueName\":\"search_term_string\"}}],\"inLanguage\":\"ua\"}]}<\/script>\n<!-- \/ Yoast SEO plugin. -->","yoast_head_json":{"title":"\u0423\u0449\u0456\u043b\u044c\u043d\u044e\u0432\u0430\u043b\u044c\u043d\u0438\u0439 \u0448\u043d\u0443\u0440 \u0437 \u043f\u043e\u043b\u0456\u0435\u0442\u0438\u043b\u0435\u043d\u043e\u0432\u043e\u0457 \u043f\u0456\u043d\u0438 Backer Rod PE","description":"\u0423\u0449\u0456\u043b\u044c\u043d\u044e\u0432\u0430\u043b\u044c\u043d\u0438\u0439 \u0448\u043d\u0443\u0440 \u0437 \u043f\u043e\u043b\u0456\u0435\u0442\u0438\u043b\u0435\u043d\u043e\u0432\u043e\u0457 \u043f\u0456\u043d\u0438 \u0434\u043b\u044f \u0445\u043e\u043b\u043e\u0434\u043d\u043e\u0457 \u0433\u0435\u0440\u043c\u0435\u0442\u0438\u0437\u0430\u0446\u0456\u0457. \u0414\u0443\u0436\u0435 \u0433\u043d\u0443\u0447\u043a\u0438\u0439 \u0456 \u0437\u0434\u0430\u0442\u043d\u0438\u0439 \u0434\u043e \u0441\u0442\u0438\u0441\u043a\u0430\u043d\u043d\u044f \u043c\u0430\u0442\u0435\u0440\u0456\u0430\u043b, \u044f\u043a\u0438\u0439 \u043b\u0435\u0433\u043a\u043e \u0432\u0456\u0434\u043d\u043e\u0432\u043b\u044e\u0454\u0442\u044c\u0441\u044f.","robots":{"index":"index","follow":"follow","max-snippet":"max-snippet:-1","max-image-preview":"max-image-preview:large","max-video-preview":"max-video-preview:-1"},"canonical":"https:\/\/penosil.com\/ua\/produkt\/premium-backer-rod-pe-kruhlyy-dopomizhnyy-shnur\/","og_locale":"en_US","og_type":"article","og_title":"\u0423\u0449\u0456\u043b\u044c\u043d\u044e\u0432\u0430\u043b\u044c\u043d\u0438\u0439 \u0448\u043d\u0443\u0440 \u0437 \u043f\u043e\u043b\u0456\u0435\u0442\u0438\u043b\u0435\u043d\u043e\u0432\u043e\u0457 \u043f\u0456\u043d\u0438 Backer Rod PE","og_description":"\u0423\u0449\u0456\u043b\u044c\u043d\u044e\u0432\u0430\u043b\u044c\u043d\u0438\u0439 \u0448\u043d\u0443\u0440 \u0437 \u043f\u043e\u043b\u0456\u0435\u0442\u0438\u043b\u0435\u043d\u043e\u0432\u043e\u0457 \u043f\u0456\u043d\u0438 \u0434\u043b\u044f \u0445\u043e\u043b\u043e\u0434\u043d\u043e\u0457 \u0433\u0435\u0440\u043c\u0435\u0442\u0438\u0437\u0430\u0446\u0456\u0457. \u0414\u0443\u0436\u0435 \u0433\u043d\u0443\u0447\u043a\u0438\u0439 \u0456 \u0437\u0434\u0430\u0442\u043d\u0438\u0439 \u0434\u043e \u0441\u0442\u0438\u0441\u043a\u0430\u043d\u043d\u044f \u043c\u0430\u0442\u0435\u0440\u0456\u0430\u043b, \u044f\u043a\u0438\u0439 \u043b\u0435\u0433\u043a\u043e \u0432\u0456\u0434\u043d\u043e\u0432\u043b\u044e\u0454\u0442\u044c\u0441\u044f.","og_url":"https:\/\/penosil.com\/ua\/produkt\/premium-backer-rod-pe-kruhlyy-dopomizhnyy-shnur\/","og_site_name":"Penosil Ukraine","article_modified_time":"2025-04-11T08:08:19+00:00","og_image":[{"width":1434,"height":1424,"url":"https:\/\/penosil.com\/ua\/wp-content\/uploads\/sites\/30\/2020\/05\/Backer_Rod_web.png","type":"image\/png"}],"twitter_card":"summary_large_image","twitter_misc":{"Est. reading time":"2 minutes"},"schema":{"@context":"https:\/\/schema.org","@graph":[{"@type":"WebPage","@id":"https:\/\/penosil.com\/ua\/produkt\/premium-backer-rod-pe-kruhlyy-dopomizhnyy-shnur\/","url":"https:\/\/penosil.com\/ua\/produkt\/premium-backer-rod-pe-kruhlyy-dopomizhnyy-shnur\/","name":"\u0423\u0449\u0456\u043b\u044c\u043d\u044e\u0432\u0430\u043b\u044c\u043d\u0438\u0439 \u0448\u043d\u0443\u0440 \u0437 \u043f\u043e\u043b\u0456\u0435\u0442\u0438\u043b\u0435\u043d\u043e\u0432\u043e\u0457 \u043f\u0456\u043d\u0438 Backer Rod PE","isPartOf":{"@id":"https:\/\/penosil.com\/ua\/#website"},"primaryImageOfPage":{"@id":"https:\/\/penosil.com\/ua\/produkt\/premium-backer-rod-pe-kruhlyy-dopomizhnyy-shnur\/#primaryimage"},"image":{"@id":"https:\/\/penosil.com\/ua\/produkt\/premium-backer-rod-pe-kruhlyy-dopomizhnyy-shnur\/#primaryimage"},"thumbnailUrl":"https:\/\/penosil.com\/ua\/wp-content\/uploads\/sites\/30\/2020\/05\/Backer_Rod_web.png","datePublished":"2022-06-01T05:36:32+00:00","dateModified":"2025-04-11T08:08:19+00:00","description":"\u0423\u0449\u0456\u043b\u044c\u043d\u044e\u0432\u0430\u043b\u044c\u043d\u0438\u0439 \u0448\u043d\u0443\u0440 \u0437 \u043f\u043e\u043b\u0456\u0435\u0442\u0438\u043b\u0435\u043d\u043e\u0432\u043e\u0457 \u043f\u0456\u043d\u0438 \u0434\u043b\u044f \u0445\u043e\u043b\u043e\u0434\u043d\u043e\u0457 \u0433\u0435\u0440\u043c\u0435\u0442\u0438\u0437\u0430\u0446\u0456\u0457. \u0414\u0443\u0436\u0435 \u0433\u043d\u0443\u0447\u043a\u0438\u0439 \u0456 \u0437\u0434\u0430\u0442\u043d\u0438\u0439 \u0434\u043e \u0441\u0442\u0438\u0441\u043a\u0430\u043d\u043d\u044f \u043c\u0430\u0442\u0435\u0440\u0456\u0430\u043b, \u044f\u043a\u0438\u0439 \u043b\u0435\u0433\u043a\u043e \u0432\u0456\u0434\u043d\u043e\u0432\u043b\u044e\u0454\u0442\u044c\u0441\u044f.","breadcrumb":{"@id":"https:\/\/penosil.com\/ua\/produkt\/premium-backer-rod-pe-kruhlyy-dopomizhnyy-shnur\/#breadcrumb"},"inLanguage":"ua","potentialAction":[{"@type":"ReadAction","target":["https:\/\/penosil.com\/ua\/produkt\/premium-backer-rod-pe-kruhlyy-dopomizhnyy-shnur\/"]}]},{"@type":"ImageObject","inLanguage":"ua","@id":"https:\/\/penosil.com\/ua\/produkt\/premium-backer-rod-pe-kruhlyy-dopomizhnyy-shnur\/#primaryimage","url":"https:\/\/penosil.com\/ua\/wp-content\/uploads\/sites\/30\/2020\/05\/Backer_Rod_web.png","contentUrl":"https:\/\/penosil.com\/ua\/wp-content\/uploads\/sites\/30\/2020\/05\/Backer_Rod_web.png","width":1434,"height":1424,"caption":"PENOSIL Premium Backer Rod PE aukla bl\u012bv\u0113\u0161anai"},{"@type":"BreadcrumbList","@id":"https:\/\/penosil.com\/ua\/produkt\/premium-backer-rod-pe-kruhlyy-dopomizhnyy-shnur\/#breadcrumb","itemListElement":[{"@type":"ListItem","position":1,"name":"\u0413\u043e\u043b\u043e\u0432\u043d\u0430","item":"https:\/\/penosil.com\/ua\/"},{"@type":"ListItem","position":2,"name":"\u041f\u0440\u043e\u0434\u0443\u043a\u0442\u0438","item":"https:\/\/penosil.com\/ua\/produkty\/"},{"@type":"ListItem","position":3,"name":"Backer Rod PE 450"}]},{"@type":"WebSite","@id":"https:\/\/penosil.com\/ua\/#website","url":"https:\/\/penosil.com\/ua\/","name":"Penosil Ukraine","description":"","potentialAction":[{"@type":"SearchAction","target":{"@type":"EntryPoint","urlTemplate":"https:\/\/penosil.com\/ua\/?s={search_term_string}"},"query-input":{"@type":"PropertyValueSpecification","valueRequired":true,"valueName":"search_term_string"}}],"inLanguage":"ua"}]}},"featured_img":"https:\/\/penosil.com\/ua\/wp-content\/uploads\/sites\/30\/2020\/05\/Backer_Rod_web.png","coauthors":[],"author_meta":{"author_link":"https:\/\/penosil.com\/ua\/author\/yanina\/","display_name":"Yanina Leskova"},"relative_dates":{"created":"Posted 4 years ago","modified":"Updated 1 year ago"},"absolute_dates":{"created":"Posted on June 1, 2022","modified":"Updated on April 11, 2025"},"absolute_dates_time":{"created":"Posted on June 1, 2022 5:36 am","modified":"Updated on April 11, 2025 8:08 am"},"featured_img_caption":"","tax_additional":{"product_brand":{"linked":[],"unlinked":[],"slug":"product_brand","name":"Brands"},"product_type":{"linked":["<a href=\"https:\/\/penosil.com\/ua\/?taxonomy=product_type&#038;term=simple\" class=\"advgb-post-tax-term\">simple<\/a>"],"unlinked":["<span class=\"advgb-post-tax-term\">simple<\/span>"],"slug":"product_type","name":"Product type"},"product_visibility":{"linked":[],"unlinked":[],"slug":"product_visibility","name":"Product visibility"},"product_cat":{"linked":["<a href=\"https:\/\/penosil.com\/ua\/produkty\/hrupy-tovariv\/strichky-ta-membrany\/ushchilnyuvalni-shnury\/\" class=\"advgb-post-tax-term\">\u0423\u0449\u0456\u043b\u044c\u043d\u044e\u0432\u0430\u043b\u044c\u043d\u0456 \u0448\u043d\u0443\u0440\u0438<\/a>","<a href=\"https:\/\/penosil.com\/ua\/produkty\/sfery-zastosuvannya\/zahalne-budivnytstvo\/\" class=\"advgb-post-tax-term\">\u0417\u0430\u0433\u0430\u043b\u044c\u043d\u0435 \u0431\u0443\u0434\u0456\u0432\u043d\u0438\u0446\u0442\u0432\u043e<\/a>","<a href=\"https:\/\/penosil.com\/ua\/produkty\/sfery-zastosuvannya\/\" class=\"advgb-post-tax-term\">\u0421\u0444\u0435\u0440\u0438 \u0437\u0430\u0441\u0442\u043e\u0441\u0443\u0432\u0430\u043d\u043d\u044f<\/a>","<a href=\"https:\/\/penosil.com\/ua\/produkty\/hrupy-tovariv\/\" class=\"advgb-post-tax-term\">\u0413\u0440\u0443\u043f\u0438 \u0442\u043e\u0432\u0430\u0440\u0456\u0432<\/a>","<a href=\"https:\/\/penosil.com\/ua\/produkty\/hrupy-tovariv\/strichky-ta-membrany\/\" class=\"advgb-post-tax-term\">\u0421\u0442\u0440\u0456\u0447\u043a\u0438 \u0442\u0430 \u043c\u0435\u043c\u0431\u0440\u0430\u043d\u0438<\/a>"],"unlinked":["<span class=\"advgb-post-tax-term\">\u0423\u0449\u0456\u043b\u044c\u043d\u044e\u0432\u0430\u043b\u044c\u043d\u0456 \u0448\u043d\u0443\u0440\u0438<\/span>","<span class=\"advgb-post-tax-term\">\u0417\u0430\u0433\u0430\u043b\u044c\u043d\u0435 \u0431\u0443\u0434\u0456\u0432\u043d\u0438\u0446\u0442\u0432\u043e<\/span>","<span class=\"advgb-post-tax-term\">\u0421\u0444\u0435\u0440\u0438 \u0437\u0430\u0441\u0442\u043e\u0441\u0443\u0432\u0430\u043d\u043d\u044f<\/span>","<span class=\"advgb-post-tax-term\">\u0413\u0440\u0443\u043f\u0438 \u0442\u043e\u0432\u0430\u0440\u0456\u0432<\/span>","<span class=\"advgb-post-tax-term\">\u0421\u0442\u0440\u0456\u0447\u043a\u0438 \u0442\u0430 \u043c\u0435\u043c\u0431\u0440\u0430\u043d\u0438<\/span>"],"slug":"product_cat","name":"Product categories"},"product_tag":{"linked":[],"unlinked":[],"slug":"product_tag","name":"Product tags"},"product_shipping_class":{"linked":[],"unlinked":[],"slug":"product_shipping_class","name":"Product shipping classes"},"pos_product_visibility":{"linked":[],"unlinked":[],"slug":"pos_product_visibility","name":"POS Product visibility"},"pa_color":{"linked":[],"unlinked":[],"slug":"pa_color","name":"Product Colour"},"pa_diameter":{"linked":[],"unlinked":[],"slug":"pa_diameter","name":"Product Diameter"},"pa_package":{"linked":[],"unlinked":[],"slug":"pa_package","name":"Product Package"},"pa_roll":{"linked":[],"unlinked":[],"slug":"pa_roll","name":"Product Roll"},"pa_widths":{"linked":[],"unlinked":[],"slug":"pa_widths","name":"Product Widths"},"translation_priority":{"linked":["<a href=\"https:\/\/penosil.com\/ua\/?taxonomy=translation_priority&#038;term=%d0%bd%d0%b5%d0%be%d0%b1%d0%be%d0%b2%d1%8f%d0%b7%d0%ba%d0%be%d0%b2%d0%be-ua\" class=\"advgb-post-tax-term\">\u041d\u0435\u043e\u0431\u043e\u0432&#8217;\u044f\u0437\u043a\u043e\u0432\u043e<\/a>"],"unlinked":["<span class=\"advgb-post-tax-term\">\u041d\u0435\u043e\u0431\u043e\u0432&#8217;\u044f\u0437\u043a\u043e\u0432\u043e<\/span>"],"slug":"translation_priority","name":"Translation Priorities"}},"series_order":"","_links":{"self":[{"href":"https:\/\/penosil.com\/ua\/wp-json\/wp\/v2\/product\/28433","targetHints":{"allow":["GET"]}}],"collection":[{"href":"https:\/\/penosil.com\/ua\/wp-json\/wp\/v2\/product"}],"about":[{"href":"https:\/\/penosil.com\/ua\/wp-json\/wp\/v2\/types\/product"}],"version-history":[{"count":9,"href":"https:\/\/penosil.com\/ua\/wp-json\/wp\/v2\/product\/28433\/revisions"}],"predecessor-version":[{"id":31134,"href":"https:\/\/penosil.com\/ua\/wp-json\/wp\/v2\/product\/28433\/revisions\/31134"}],"wp:featuredmedia":[{"embeddable":true,"href":"https:\/\/penosil.com\/ua\/wp-json\/wp\/v2\/media\/18909"}],"wp:attachment":[{"href":"https:\/\/penosil.com\/ua\/wp-json\/wp\/v2\/media?parent=28433"}],"wp:term":[{"taxonomy":"product_brand","embeddable":true,"href":"https:\/\/penosil.com\/ua\/wp-json\/wp\/v2\/product_brand?post=28433"},{"taxonomy":"product_cat","embeddable":true,"href":"https:\/\/penosil.com\/ua\/wp-json\/wp\/v2\/product_cat?post=28433"},{"taxonomy":"product_tag","embeddable":true,"href":"https:\/\/penosil.com\/ua\/wp-json\/wp\/v2\/product_tag?post=28433"}],"curies":[{"name":"wp","href":"https:\/\/api.w.org\/{rel}","templated":true}]}}