{"id":24852,"date":"2020-07-08T10:26:28","date_gmt":"2020-07-08T10:26:28","guid":{"rendered":"https:\/\/penosil.com\/uz\/?post_type=product&#038;p=24852"},"modified":"2022-01-14T10:04:59","modified_gmt":"2022-01-14T10:04:59","slug":"premium-backer-rod","status":"publish","type":"product","link":"https:\/\/penosil.com\/uz\/produkt\/premium-backer-rod\/","title":{"rendered":"Premium Backer Rod PE \u041a\u0440\u0443\u0433\u043b\u044b\u0439 \u0432\u0441\u043f\u043e\u043c\u043e\u0433\u0430\u0442\u0435\u043b\u044c\u043d\u044b\u0439 \u0443\u043f\u043b\u043e\u0442\u043d\u0438\u0442\u0435\u043b\u044c\u043d\u044b\u0439 \u0448\u043d\u0443\u0440"},"content":{"rendered":"<p>\u0423\u043f\u043b\u043e\u0442\u043d\u0438\u0442\u0435\u043b\u044c\u043d\u044b\u0439 \u0448\u043d\u0443\u0440 \u0438\u0437 \u043f\u043e\u043b\u0438\u044d\u0442\u0438\u043b\u0435\u043d\u043e\u0432\u043e\u0439 \u043f\u0435\u043d\u044b \u0434\u043b\u044f \u0445\u043e\u043b\u043e\u0434\u043d\u043e\u0439 \u0433\u0435\u0440\u043c\u0435\u0442\u0438\u0437\u0430\u0446\u0438\u0438. \u041e\u0447\u0435\u043d\u044c \u0433\u0438\u0431\u043a\u0438\u0439 \u0438 \u0441\u0436\u0438\u043c\u0430\u0435\u043c\u044b\u0439 \u2013 \u043b\u0435\u0433\u043a\u043e \u0443\u0441\u0442\u0430\u043d\u0430\u0432\u043b\u0438\u0432\u0430\u0442\u044c. \u0421\u043e\u0432\u043c\u0435\u0441\u0442\u0438\u043c \u0441 \u043f\u043e\u043b\u0438\u0443\u0440\u0435\u0442\u0430\u043d\u043e\u0432\u044b\u043c\u0438, \u0433\u0438\u0431\u0440\u0438\u0434\u043d\u044b\u043c\u0438 \u043f\u043e\u043b\u0438\u043c\u0435\u0440\u043d\u044b\u043c\u0438, \u0441\u0438\u043b\u0438\u043a\u043e\u043d\u043e\u0432\u044b\u043c\u0438 \u0438 \u0431\u043e\u043b\u044c\u0448\u0438\u043d\u0441\u0442\u0432\u043e\u043c \u0434\u0440\u0443\u0433\u0438\u0445 \u0445\u043e\u043b\u043e\u0434\u043d\u044b\u0445 \u0433\u0435\u0440\u043c\u0435\u0442\u0438\u043a\u043e\u0432.<\/p>\n","protected":false},"excerpt":{"rendered":"\u0423\u043f\u043b\u043e\u0442\u043d\u0438\u0442\u0435\u043b\u044c\u043d\u044b\u0439 \u0448\u043d\u0443\u0440 \u0438\u0437 \u043f\u043e\u043b\u0438\u044d\u0442\u0438\u043b\u0435\u043d\u043e\u0432\u043e\u0439 \u043f\u0435\u043d\u044b \u0434\u043b\u044f \u0445\u043e\u043b\u043e\u0434\u043d\u043e\u0439 \u0433\u0435\u0440\u043c\u0435\u0442\u0438\u0437\u0430\u0446\u0438\u0438. \u041e\u0447\u0435\u043d\u044c \u0433\u0438\u0431\u043a\u0438\u0439 \u0438 \u0441\u0436\u0438\u043c\u0430\u0435\u043c\u044b\u0439 \u2013 \u043b\u0435\u0433\u043a\u043e \u0443\u0441\u0442\u0430\u043d\u0430\u0432\u043b\u0438\u0432\u0430\u0442\u044c. \u0421\u043e\u0432\u043c\u0435\u0441\u0442\u0438\u043c \u0441 \u043f\u043e\u043b\u0438\u0443\u0440\u0435\u0442\u0430\u043d\u043e\u0432\u044b\u043c\u0438, \u0433\u0438\u0431\u0440\u0438\u0434\u043d\u044b\u043c\u0438 \u043f\u043e\u043b\u0438\u043c\u0435\u0440\u043d\u044b\u043c\u0438, \u0441\u0438\u043b\u0438\u043a\u043e\u043d\u043e\u0432\u044b\u043c\u0438 \u0438 \u0431\u043e\u043b\u044c\u0448\u0438\u043d\u0441\u0442\u0432\u043e\u043c \u0434\u0440\u0443\u0433\u0438\u0445 \u0445\u043e\u043b\u043e\u0434\u043d\u044b\u0445 \u0433\u0435\u0440\u043c\u0435\u0442\u0438\u043a\u043e\u0432.","protected":false},"author":1,"featured_media":18897,"template":"","meta":{"_acf_changed":false,"advgb_blocks_editor_width":"","advgb_blocks_columns_visual_guide":"","footnotes":""},"product_brand":[],"product_cat":[822,1081,1680,1144],"product_tag":[],"class_list":{"0":"post-24852","1":"product","2":"type-product","3":"status-publish","4":"has-post-thumbnail","6":"product_cat-obshchestroitelnyye-raboty","7":"product_cat-kryshi-i-fasady","8":"product_cat-uplotnitelnyye-lenty","9":"product_cat-santekhnicheskiye-raboty","11":"first","12":"instock","13":"taxable","14":"shipping-taxable","15":"purchasable","16":"product-type-variable","17":"has-default-attributes"},"acf":[],"yoast_head":"<!-- This site is optimized with the Yoast SEO plugin v27.2 - https:\/\/yoast.com\/product\/yoast-seo-wordpress\/ -->\n<title>\u0428\u043d\u0443\u0440 PENOSIL Premium Backer Rod PE \u0434\u043b\u044f \u0445\u043e\u043b\u043e\u0434\u043d\u043e\u0439 \u0433\u0435\u0440\u043c\u0435\u0442\u0438\u0437\u0430\u0446\u0438\u0438.<\/title>\n<meta name=\"description\" content=\"PENOSIL Premium Backer Rod PE \u043f\u0440\u0435\u0434\u043e\u0442\u0432\u0440\u0430\u0449\u0430\u0435\u0442 \u043f\u043e\u043f\u0430\u0434\u0430\u043d\u0438\u0435 \u0432\u043b\u0430\u0433\u0438 \u0438 \u0432\u043e\u0437\u0434\u0443\u0445\u0430. \u041e\u0447\u0435\u043d\u044c \u044d\u043b\u0430\u0441\u0442\u0438\u0447\u043d\u044b\u0439, \u0441\u0436\u0438\u043c\u0430\u0435\u043c\u044b\u0439 \u0438 \u043f\u0440\u043e\u0441\u0442\u043e\u0439 \u0432 \u0443\u0441\u0442\u0430\u043d\u043e\u0432\u043a\u0435. \u041f\u043e\u0434\u0440\u043e\u0431\u043d\u0435\u0435.\" \/>\n<meta name=\"robots\" content=\"index, follow, max-snippet:-1, max-image-preview:large, max-video-preview:-1\" \/>\n<link rel=\"canonical\" href=\"https:\/\/penosil.com\/uz\/produkt\/premium-backer-rod\/\" \/>\n<meta property=\"og:locale\" content=\"en_US\" \/>\n<meta property=\"og:type\" content=\"article\" \/>\n<meta property=\"og:title\" content=\"\u0428\u043d\u0443\u0440 PENOSIL Premium Backer Rod PE \u0434\u043b\u044f \u0445\u043e\u043b\u043e\u0434\u043d\u043e\u0439 \u0433\u0435\u0440\u043c\u0435\u0442\u0438\u0437\u0430\u0446\u0438\u0438.\" \/>\n<meta property=\"og:description\" content=\"PENOSIL Premium Backer Rod PE \u043f\u0440\u0435\u0434\u043e\u0442\u0432\u0440\u0430\u0449\u0430\u0435\u0442 \u043f\u043e\u043f\u0430\u0434\u0430\u043d\u0438\u0435 \u0432\u043b\u0430\u0433\u0438 \u0438 \u0432\u043e\u0437\u0434\u0443\u0445\u0430. \u041e\u0447\u0435\u043d\u044c \u044d\u043b\u0430\u0441\u0442\u0438\u0447\u043d\u044b\u0439, \u0441\u0436\u0438\u043c\u0430\u0435\u043c\u044b\u0439 \u0438 \u043f\u0440\u043e\u0441\u0442\u043e\u0439 \u0432 \u0443\u0441\u0442\u0430\u043d\u043e\u0432\u043a\u0435. \u041f\u043e\u0434\u0440\u043e\u0431\u043d\u0435\u0435.\" \/>\n<meta property=\"og:url\" content=\"https:\/\/penosil.com\/uz\/produkt\/premium-backer-rod\/\" \/>\n<meta property=\"og:site_name\" content=\"Penosil Uzbekistan\" \/>\n<meta property=\"article:modified_time\" content=\"2022-01-14T10:04:59+00:00\" \/>\n<meta property=\"og:image\" content=\"https:\/\/penosil.com\/uz\/wp-content\/uploads\/sites\/29\/2020\/05\/Backer_Rod_web.png\" \/>\n\t<meta property=\"og:image:width\" content=\"1434\" \/>\n\t<meta property=\"og:image:height\" content=\"1424\" \/>\n\t<meta property=\"og:image:type\" content=\"image\/png\" \/>\n<meta name=\"twitter:card\" content=\"summary_large_image\" \/>\n<script type=\"application\/ld+json\" class=\"yoast-schema-graph\">{\"@context\":\"https:\/\/schema.org\",\"@graph\":[{\"@type\":\"WebPage\",\"@id\":\"https:\/\/penosil.com\/uz\/produkt\/premium-backer-rod\/\",\"url\":\"https:\/\/penosil.com\/uz\/produkt\/premium-backer-rod\/\",\"name\":\"\u0428\u043d\u0443\u0440 PENOSIL Premium Backer Rod PE \u0434\u043b\u044f \u0445\u043e\u043b\u043e\u0434\u043d\u043e\u0439 \u0433\u0435\u0440\u043c\u0435\u0442\u0438\u0437\u0430\u0446\u0438\u0438.\",\"isPartOf\":{\"@id\":\"https:\/\/penosil.com\/uz\/#website\"},\"primaryImageOfPage\":{\"@id\":\"https:\/\/penosil.com\/uz\/produkt\/premium-backer-rod\/#primaryimage\"},\"image\":{\"@id\":\"https:\/\/penosil.com\/uz\/produkt\/premium-backer-rod\/#primaryimage\"},\"thumbnailUrl\":\"https:\/\/penosil.com\/uz\/wp-content\/uploads\/sites\/29\/2020\/05\/Backer_Rod_web.png\",\"datePublished\":\"2020-07-08T10:26:28+00:00\",\"dateModified\":\"2022-01-14T10:04:59+00:00\",\"description\":\"PENOSIL Premium Backer Rod PE \u043f\u0440\u0435\u0434\u043e\u0442\u0432\u0440\u0430\u0449\u0430\u0435\u0442 \u043f\u043e\u043f\u0430\u0434\u0430\u043d\u0438\u0435 \u0432\u043b\u0430\u0433\u0438 \u0438 \u0432\u043e\u0437\u0434\u0443\u0445\u0430. \u041e\u0447\u0435\u043d\u044c \u044d\u043b\u0430\u0441\u0442\u0438\u0447\u043d\u044b\u0439, \u0441\u0436\u0438\u043c\u0430\u0435\u043c\u044b\u0439 \u0438 \u043f\u0440\u043e\u0441\u0442\u043e\u0439 \u0432 \u0443\u0441\u0442\u0430\u043d\u043e\u0432\u043a\u0435. \u041f\u043e\u0434\u0440\u043e\u0431\u043d\u0435\u0435.\",\"breadcrumb\":{\"@id\":\"https:\/\/penosil.com\/uz\/produkt\/premium-backer-rod\/#breadcrumb\"},\"inLanguage\":\"gl-RU\",\"potentialAction\":[{\"@type\":\"ReadAction\",\"target\":[\"https:\/\/penosil.com\/uz\/produkt\/premium-backer-rod\/\"]}]},{\"@type\":\"ImageObject\",\"inLanguage\":\"gl-RU\",\"@id\":\"https:\/\/penosil.com\/uz\/produkt\/premium-backer-rod\/#primaryimage\",\"url\":\"https:\/\/penosil.com\/uz\/wp-content\/uploads\/sites\/29\/2020\/05\/Backer_Rod_web.png\",\"contentUrl\":\"https:\/\/penosil.com\/uz\/wp-content\/uploads\/sites\/29\/2020\/05\/Backer_Rod_web.png\",\"width\":1434,\"height\":1424,\"caption\":\"PENOSIL Premium Backer Rod PE aukla bl\u012bv\u0113\u0161anai\"},{\"@type\":\"BreadcrumbList\",\"@id\":\"https:\/\/penosil.com\/uz\/produkt\/premium-backer-rod\/#breadcrumb\",\"itemListElement\":[{\"@type\":\"ListItem\",\"position\":1,\"name\":\"\u0414\u043e\u043c\u0430\u0448\u043d\u044f\u044f \u0441\u0442\u0440\u0430\u043d\u0438\u0446\u0430\",\"item\":\"https:\/\/penosil.com\/uz\/\"},{\"@type\":\"ListItem\",\"position\":2,\"name\":\"\u041f\u0440\u043e\u0434\u0443\u043a\u0446\u0438\u044f\",\"item\":\"https:\/\/penosil.com\/uz\/produktsiya\/\"},{\"@type\":\"ListItem\",\"position\":3,\"name\":\"Premium Backer Rod PE \u041a\u0440\u0443\u0433\u043b\u044b\u0439 \u0432\u0441\u043f\u043e\u043c\u043e\u0433\u0430\u0442\u0435\u043b\u044c\u043d\u044b\u0439 \u0443\u043f\u043b\u043e\u0442\u043d\u0438\u0442\u0435\u043b\u044c\u043d\u044b\u0439 \u0448\u043d\u0443\u0440\"}]},{\"@type\":\"WebSite\",\"@id\":\"https:\/\/penosil.com\/uz\/#website\",\"url\":\"https:\/\/penosil.com\/uz\/\",\"name\":\"Penosil Uzbekistan\",\"description\":\"\",\"potentialAction\":[{\"@type\":\"SearchAction\",\"target\":{\"@type\":\"EntryPoint\",\"urlTemplate\":\"https:\/\/penosil.com\/uz\/?s={search_term_string}\"},\"query-input\":{\"@type\":\"PropertyValueSpecification\",\"valueRequired\":true,\"valueName\":\"search_term_string\"}}],\"inLanguage\":\"gl-RU\"}]}<\/script>\n<!-- \/ Yoast SEO plugin. -->","yoast_head_json":{"title":"\u0428\u043d\u0443\u0440 PENOSIL Premium Backer Rod PE \u0434\u043b\u044f \u0445\u043e\u043b\u043e\u0434\u043d\u043e\u0439 \u0433\u0435\u0440\u043c\u0435\u0442\u0438\u0437\u0430\u0446\u0438\u0438.","description":"PENOSIL Premium Backer Rod PE \u043f\u0440\u0435\u0434\u043e\u0442\u0432\u0440\u0430\u0449\u0430\u0435\u0442 \u043f\u043e\u043f\u0430\u0434\u0430\u043d\u0438\u0435 \u0432\u043b\u0430\u0433\u0438 \u0438 \u0432\u043e\u0437\u0434\u0443\u0445\u0430. \u041e\u0447\u0435\u043d\u044c \u044d\u043b\u0430\u0441\u0442\u0438\u0447\u043d\u044b\u0439, \u0441\u0436\u0438\u043c\u0430\u0435\u043c\u044b\u0439 \u0438 \u043f\u0440\u043e\u0441\u0442\u043e\u0439 \u0432 \u0443\u0441\u0442\u0430\u043d\u043e\u0432\u043a\u0435. \u041f\u043e\u0434\u0440\u043e\u0431\u043d\u0435\u0435.","robots":{"index":"index","follow":"follow","max-snippet":"max-snippet:-1","max-image-preview":"max-image-preview:large","max-video-preview":"max-video-preview:-1"},"canonical":"https:\/\/penosil.com\/uz\/produkt\/premium-backer-rod\/","og_locale":"en_US","og_type":"article","og_title":"\u0428\u043d\u0443\u0440 PENOSIL Premium Backer Rod PE \u0434\u043b\u044f \u0445\u043e\u043b\u043e\u0434\u043d\u043e\u0439 \u0433\u0435\u0440\u043c\u0435\u0442\u0438\u0437\u0430\u0446\u0438\u0438.","og_description":"PENOSIL Premium Backer Rod PE \u043f\u0440\u0435\u0434\u043e\u0442\u0432\u0440\u0430\u0449\u0430\u0435\u0442 \u043f\u043e\u043f\u0430\u0434\u0430\u043d\u0438\u0435 \u0432\u043b\u0430\u0433\u0438 \u0438 \u0432\u043e\u0437\u0434\u0443\u0445\u0430. \u041e\u0447\u0435\u043d\u044c \u044d\u043b\u0430\u0441\u0442\u0438\u0447\u043d\u044b\u0439, \u0441\u0436\u0438\u043c\u0430\u0435\u043c\u044b\u0439 \u0438 \u043f\u0440\u043e\u0441\u0442\u043e\u0439 \u0432 \u0443\u0441\u0442\u0430\u043d\u043e\u0432\u043a\u0435. \u041f\u043e\u0434\u0440\u043e\u0431\u043d\u0435\u0435.","og_url":"https:\/\/penosil.com\/uz\/produkt\/premium-backer-rod\/","og_site_name":"Penosil Uzbekistan","article_modified_time":"2022-01-14T10:04:59+00:00","og_image":[{"width":1434,"height":1424,"url":"https:\/\/penosil.com\/uz\/wp-content\/uploads\/sites\/29\/2020\/05\/Backer_Rod_web.png","type":"image\/png"}],"twitter_card":"summary_large_image","schema":{"@context":"https:\/\/schema.org","@graph":[{"@type":"WebPage","@id":"https:\/\/penosil.com\/uz\/produkt\/premium-backer-rod\/","url":"https:\/\/penosil.com\/uz\/produkt\/premium-backer-rod\/","name":"\u0428\u043d\u0443\u0440 PENOSIL Premium Backer Rod PE \u0434\u043b\u044f \u0445\u043e\u043b\u043e\u0434\u043d\u043e\u0439 \u0433\u0435\u0440\u043c\u0435\u0442\u0438\u0437\u0430\u0446\u0438\u0438.","isPartOf":{"@id":"https:\/\/penosil.com\/uz\/#website"},"primaryImageOfPage":{"@id":"https:\/\/penosil.com\/uz\/produkt\/premium-backer-rod\/#primaryimage"},"image":{"@id":"https:\/\/penosil.com\/uz\/produkt\/premium-backer-rod\/#primaryimage"},"thumbnailUrl":"https:\/\/penosil.com\/uz\/wp-content\/uploads\/sites\/29\/2020\/05\/Backer_Rod_web.png","datePublished":"2020-07-08T10:26:28+00:00","dateModified":"2022-01-14T10:04:59+00:00","description":"PENOSIL Premium Backer Rod PE \u043f\u0440\u0435\u0434\u043e\u0442\u0432\u0440\u0430\u0449\u0430\u0435\u0442 \u043f\u043e\u043f\u0430\u0434\u0430\u043d\u0438\u0435 \u0432\u043b\u0430\u0433\u0438 \u0438 \u0432\u043e\u0437\u0434\u0443\u0445\u0430. \u041e\u0447\u0435\u043d\u044c \u044d\u043b\u0430\u0441\u0442\u0438\u0447\u043d\u044b\u0439, \u0441\u0436\u0438\u043c\u0430\u0435\u043c\u044b\u0439 \u0438 \u043f\u0440\u043e\u0441\u0442\u043e\u0439 \u0432 \u0443\u0441\u0442\u0430\u043d\u043e\u0432\u043a\u0435. \u041f\u043e\u0434\u0440\u043e\u0431\u043d\u0435\u0435.","breadcrumb":{"@id":"https:\/\/penosil.com\/uz\/produkt\/premium-backer-rod\/#breadcrumb"},"inLanguage":"gl-RU","potentialAction":[{"@type":"ReadAction","target":["https:\/\/penosil.com\/uz\/produkt\/premium-backer-rod\/"]}]},{"@type":"ImageObject","inLanguage":"gl-RU","@id":"https:\/\/penosil.com\/uz\/produkt\/premium-backer-rod\/#primaryimage","url":"https:\/\/penosil.com\/uz\/wp-content\/uploads\/sites\/29\/2020\/05\/Backer_Rod_web.png","contentUrl":"https:\/\/penosil.com\/uz\/wp-content\/uploads\/sites\/29\/2020\/05\/Backer_Rod_web.png","width":1434,"height":1424,"caption":"PENOSIL Premium Backer Rod PE aukla bl\u012bv\u0113\u0161anai"},{"@type":"BreadcrumbList","@id":"https:\/\/penosil.com\/uz\/produkt\/premium-backer-rod\/#breadcrumb","itemListElement":[{"@type":"ListItem","position":1,"name":"\u0414\u043e\u043c\u0430\u0448\u043d\u044f\u044f \u0441\u0442\u0440\u0430\u043d\u0438\u0446\u0430","item":"https:\/\/penosil.com\/uz\/"},{"@type":"ListItem","position":2,"name":"\u041f\u0440\u043e\u0434\u0443\u043a\u0446\u0438\u044f","item":"https:\/\/penosil.com\/uz\/produktsiya\/"},{"@type":"ListItem","position":3,"name":"Premium Backer Rod PE \u041a\u0440\u0443\u0433\u043b\u044b\u0439 \u0432\u0441\u043f\u043e\u043c\u043e\u0433\u0430\u0442\u0435\u043b\u044c\u043d\u044b\u0439 \u0443\u043f\u043b\u043e\u0442\u043d\u0438\u0442\u0435\u043b\u044c\u043d\u044b\u0439 \u0448\u043d\u0443\u0440"}]},{"@type":"WebSite","@id":"https:\/\/penosil.com\/uz\/#website","url":"https:\/\/penosil.com\/uz\/","name":"Penosil Uzbekistan","description":"","potentialAction":[{"@type":"SearchAction","target":{"@type":"EntryPoint","urlTemplate":"https:\/\/penosil.com\/uz\/?s={search_term_string}"},"query-input":{"@type":"PropertyValueSpecification","valueRequired":true,"valueName":"search_term_string"}}],"inLanguage":"gl-RU"}]}},"featured_img":"https:\/\/penosil.com\/uz\/wp-content\/uploads\/sites\/29\/2020\/05\/Backer_Rod_web.png","coauthors":[],"author_meta":{"author_link":"https:\/\/penosil.com\/uz\/author\/reaktiiv-pe\/","display_name":"reaktiiv-pe"},"relative_dates":{"created":"Posted 6 years ago","modified":"Updated 4 years ago"},"absolute_dates":{"created":"Posted on July 8, 2020","modified":"Updated on January 14, 2022"},"absolute_dates_time":{"created":"Posted on July 8, 2020 10:26 am","modified":"Updated on January 14, 2022 10:04 am"},"featured_img_caption":"","tax_additional":{"product_brand":{"linked":[],"unlinked":[],"slug":"product_brand","name":"Brands"},"product_type":{"linked":["<a href=\"https:\/\/penosil.com\/uz\/?taxonomy=product_type&#038;term=variable\" class=\"advgb-post-tax-term\">variable<\/a>"],"unlinked":["<span class=\"advgb-post-tax-term\">variable<\/span>"],"slug":"product_type","name":"Product type"},"product_visibility":{"linked":[],"unlinked":[],"slug":"product_visibility","name":"Product visibility"},"product_cat":{"linked":["<a href=\"https:\/\/penosil.com\/uz\/produktsiya\/oblasti-primeneniya\/obshchestroitelnyye-raboty\/\" class=\"advgb-post-tax-term\">\u041e\u0431\u0449\u0435\u0441\u0442\u0440\u043e\u0438\u0442\u0435\u043b\u044c\u043d\u044b\u0435 \u0440\u0430\u0431\u043e\u0442\u044b<\/a>","<a href=\"https:\/\/penosil.com\/uz\/produktsiya\/oblasti-primeneniya\/kryshi-i-fasady\/\" class=\"advgb-post-tax-term\">\u041a\u0440\u044b\u0448\u0438 \u0438 \u0444\u0430\u0441\u0430\u0434\u044b<\/a>","<a href=\"https:\/\/penosil.com\/uz\/produktsiya\/gruppa-tovarov\/uplotnitelnyye-lenty\/\" class=\"advgb-post-tax-term\">\u0423\u043f\u043b\u043e\u0442\u043d\u0438\u0442\u0435\u043b\u044c\u043d\u044b\u0435 \u043b\u0435\u043d\u0442\u044b<\/a>","<a href=\"https:\/\/penosil.com\/uz\/produktsiya\/oblasti-primeneniya\/santekhnicheskiye-raboty\/\" class=\"advgb-post-tax-term\">\u0421\u0430\u043d\u0442\u0435\u0445\u043d\u0438\u0447\u0435\u0441\u043a\u0438\u0435 \u0440\u0430\u0431\u043e\u0442\u044b<\/a>"],"unlinked":["<span class=\"advgb-post-tax-term\">\u041e\u0431\u0449\u0435\u0441\u0442\u0440\u043e\u0438\u0442\u0435\u043b\u044c\u043d\u044b\u0435 \u0440\u0430\u0431\u043e\u0442\u044b<\/span>","<span class=\"advgb-post-tax-term\">\u041a\u0440\u044b\u0448\u0438 \u0438 \u0444\u0430\u0441\u0430\u0434\u044b<\/span>","<span class=\"advgb-post-tax-term\">\u0423\u043f\u043b\u043e\u0442\u043d\u0438\u0442\u0435\u043b\u044c\u043d\u044b\u0435 \u043b\u0435\u043d\u0442\u044b<\/span>","<span class=\"advgb-post-tax-term\">\u0421\u0430\u043d\u0442\u0435\u0445\u043d\u0438\u0447\u0435\u0441\u043a\u0438\u0435 \u0440\u0430\u0431\u043e\u0442\u044b<\/span>"],"slug":"product_cat","name":"Product categories"},"product_tag":{"linked":[],"unlinked":[],"slug":"product_tag","name":"Product tags"},"product_shipping_class":{"linked":[],"unlinked":[],"slug":"product_shipping_class","name":"Product shipping classes"},"pos_product_visibility":{"linked":[],"unlinked":[],"slug":"pos_product_visibility","name":"POS Product visibility"},"pa_color":{"linked":["<a href=\"https:\/\/penosil.com\/uz\/?taxonomy=pa_color&#038;term=seryy\" class=\"advgb-post-tax-term\">\u0421\u0435\u0440\u044b\u0439<\/a>"],"unlinked":["<span class=\"advgb-post-tax-term\">\u0421\u0435\u0440\u044b\u0439<\/span>"],"slug":"pa_color","name":"Product Colour"},"pa_diameter":{"linked":["<a href=\"https:\/\/penosil.com\/uz\/?taxonomy=pa_diameter&#038;term=40mm\" class=\"advgb-post-tax-term\">40\u043c\u043c<\/a>","<a href=\"https:\/\/penosil.com\/uz\/?taxonomy=pa_diameter&#038;term=6mm\" class=\"advgb-post-tax-term\">6\u043c\u043c<\/a>","<a href=\"https:\/\/penosil.com\/uz\/?taxonomy=pa_diameter&#038;term=10mm\" class=\"advgb-post-tax-term\">10\u043c\u043c<\/a>","<a href=\"https:\/\/penosil.com\/uz\/?taxonomy=pa_diameter&#038;term=20mm\" class=\"advgb-post-tax-term\">20\u043c\u043c<\/a>","<a href=\"https:\/\/penosil.com\/uz\/?taxonomy=pa_diameter&#038;term=25mm\" class=\"advgb-post-tax-term\">25\u043c\u043c<\/a>","<a href=\"https:\/\/penosil.com\/uz\/?taxonomy=pa_diameter&#038;term=30mm\" class=\"advgb-post-tax-term\">30\u043c\u043c<\/a>"],"unlinked":["<span class=\"advgb-post-tax-term\">40\u043c\u043c<\/span>","<span class=\"advgb-post-tax-term\">6\u043c\u043c<\/span>","<span class=\"advgb-post-tax-term\">10\u043c\u043c<\/span>","<span class=\"advgb-post-tax-term\">20\u043c\u043c<\/span>","<span class=\"advgb-post-tax-term\">25\u043c\u043c<\/span>","<span class=\"advgb-post-tax-term\">30\u043c\u043c<\/span>"],"slug":"pa_diameter","name":"Product Diameter"},"pa_package":{"linked":[],"unlinked":[],"slug":"pa_package","name":"Product Package"},"pa_roll":{"linked":[],"unlinked":[],"slug":"pa_roll","name":"Product Roll"},"pa_widths":{"linked":[],"unlinked":[],"slug":"pa_widths","name":"Product Widths"},"translation_priority":{"linked":["<a href=\"https:\/\/penosil.com\/uz\/?taxonomy=translation_priority&#038;term=optional-gl_ru\" class=\"advgb-post-tax-term\">Optional<\/a>"],"unlinked":["<span class=\"advgb-post-tax-term\">Optional<\/span>"],"slug":"translation_priority","name":"Translation Priorities"}},"series_order":"","_links":{"self":[{"href":"https:\/\/penosil.com\/uz\/wp-json\/wp\/v2\/product\/24852","targetHints":{"allow":["GET"]}}],"collection":[{"href":"https:\/\/penosil.com\/uz\/wp-json\/wp\/v2\/product"}],"about":[{"href":"https:\/\/penosil.com\/uz\/wp-json\/wp\/v2\/types\/product"}],"version-history":[{"count":0,"href":"https:\/\/penosil.com\/uz\/wp-json\/wp\/v2\/product\/24852\/revisions"}],"wp:featuredmedia":[{"embeddable":true,"href":"https:\/\/penosil.com\/uz\/wp-json\/wp\/v2\/media\/18897"}],"wp:attachment":[{"href":"https:\/\/penosil.com\/uz\/wp-json\/wp\/v2\/media?parent=24852"}],"wp:term":[{"taxonomy":"product_brand","embeddable":true,"href":"https:\/\/penosil.com\/uz\/wp-json\/wp\/v2\/product_brand?post=24852"},{"taxonomy":"product_cat","embeddable":true,"href":"https:\/\/penosil.com\/uz\/wp-json\/wp\/v2\/product_cat?post=24852"},{"taxonomy":"product_tag","embeddable":true,"href":"https:\/\/penosil.com\/uz\/wp-json\/wp\/v2\/product_tag?post=24852"}],"curies":[{"name":"wp","href":"https:\/\/api.w.org\/{rel}","templated":true}]}}